{"id":12053,"date":"2025-04-14T09:39:03","date_gmt":"2025-04-14T13:39:03","guid":{"rendered":"http:\/\/etchegoyen.cl\/casacentral\/?page_id=12053"},"modified":"2025-04-14T10:57:37","modified_gmt":"2025-04-14T14:57:37","slug":"comite-de-medio-ambiente","status":"publish","type":"page","link":"http:\/\/etchegoyen.cl\/casacentral\/comite-de-medio-ambiente\/","title":{"rendered":"COMITE DE MEDIO AMBIENTE"},"content":{"rendered":"<p>[vc_row][vc_column][vc_single_image image=&#8221;12060&#8243; img_size=&#8221;FULL&#8221;][vc_column_text]<\/p>\n<h2><strong>Comit\u00e9 de Medio Ambiente del Colegio Etchegoyen Talcahuano: Un Espacio para la Conciencia y la Acci\u00f3n Ambiental<\/strong><\/h2>\n<p style=\"text-align: justify;\">El Comit\u00e9 de Medio Ambiente del Colegio Etchegoyen Talcahuano es un espacio din\u00e1mico y comprometido con la protecci\u00f3n y conservaci\u00f3n del medio ambiente. Conformado por docentes y personal del colegio interesados en la protecci\u00f3n y cuidado ambiental, liderado por la docente de ciencias Camila Sagredo Rivera y el Jefe de unidad t\u00e9cnica pedag\u00f3gica Salvador Lara, este comit\u00e9 trabaja incansablemente para promover la conciencia y el compromiso ambiental en la comunidad educativa.<\/p>\n<p style=\"text-align: justify;\">Con una misi\u00f3n clara de educar y sensibilizar a los estudiantes sobre la importancia del medio ambiente y su impacto en la sociedad, el comit\u00e9 desarrolla proyectos y actividades innovadoras y creativas para fomentar pr\u00e1cticas sostenibles y responsables en el uso de los recursos naturales. Desde la organizaci\u00f3n de eventos y actividades para promover la conciencia ambiental hasta el desarrollo de proyectos de reciclaje y reutilizaci\u00f3n de materiales, el comit\u00e9 busca inspirar a los estudiantes a tomar acci\u00f3n y ser parte de la soluci\u00f3n.<\/p>\n<p style=\"text-align: justify;\">El comit\u00e9 tambi\u00e9n se enfoca en la creaci\u00f3n de un jard\u00edn escolar y la promoci\u00f3n de la biodiversidad, lo que no solo embellece el entorno escolar sino que tambi\u00e9n proporciona un espacio para la educaci\u00f3n y la investigaci\u00f3n ambiental, lo que demuestra su compromiso con la protecci\u00f3n del medio ambiente y su deseo de ser un modelo de referencia en la comunidad educativa.<\/p>\n<p style=\"text-align: justify;\">Con una visi\u00f3n clara de ser un espacio para la conciencia y la acci\u00f3n ambiental, el Comit\u00e9 de Medio Ambiente del Colegio Etchegoyen Talcahuano busca inspirar a los estudiantes a ser ciudadanos responsables y comprometidos con la protecci\u00f3n del medio ambiente. A trav\u00e9s de su trabajo y dedicaci\u00f3n, el comit\u00e9 contribuye a la formaci\u00f3n de una comunidad educativa m\u00e1s consciente y comprometida con la protecci\u00f3n del medio ambiente.<\/p>\n<p>[\/vc_column_text][\/vc_column][\/vc_row]<\/p>\n","protected":false},"excerpt":{"rendered":"<p>[vc_row][vc_column][vc_single_image image=&#8221;12060&#8243; img_size=&#8221;FULL&#8221;][vc_column_text] Comit\u00e9 de Medio Ambiente del Colegio Etchegoyen Talcahuano: Un Espacio para la Conciencia y la Acci\u00f3n Ambiental El Comit\u00e9 de Medio Ambiente del Colegio Etchegoyen&#8230;<\/p>\n","protected":false},"author":1,"featured_media":0,"parent":0,"menu_order":0,"comment_status":"closed","ping_status":"closed","template":"","meta":{"footnotes":"","_links_to":"","_links_to_target":""},"class_list":["post-12053","page","type-page","status-publish","hentry"],"_links":{"self":[{"href":"http:\/\/etchegoyen.cl\/casacentral\/wp-json\/wp\/v2\/pages\/12053","targetHints":{"allow":["GET"]}}],"collection":[{"href":"http:\/\/etchegoyen.cl\/casacentral\/wp-json\/wp\/v2\/pages"}],"about":[{"href":"http:\/\/etchegoyen.cl\/casacentral\/wp-json\/wp\/v2\/types\/page"}],"author":[{"embeddable":true,"href":"http:\/\/etchegoyen.cl\/casacentral\/wp-json\/wp\/v2\/users\/1"}],"replies":[{"embeddable":true,"href":"http:\/\/etchegoyen.cl\/casacentral\/wp-json\/wp\/v2\/comments?post=12053"}],"version-history":[{"count":5,"href":"http:\/\/etchegoyen.cl\/casacentral\/wp-json\/wp\/v2\/pages\/12053\/revisions"}],"predecessor-version":[{"id":12061,"href":"http:\/\/etchegoyen.cl\/casacentral\/wp-json\/wp\/v2\/pages\/12053\/revisions\/12061"}],"wp:attachment":[{"href":"http:\/\/etchegoyen.cl\/casacentral\/wp-json\/wp\/v2\/media?parent=12053"}],"curies":[{"name":"wp","href":"https:\/\/api.w.org\/{rel}","templated":true}]}}