{"id":6502,"date":"2022-07-26T20:13:03","date_gmt":"2022-07-26T20:13:03","guid":{"rendered":"http:\/\/etchegoyen.cl\/casacentral\/?page_id=6502"},"modified":"2023-05-19T10:30:47","modified_gmt":"2023-05-19T14:30:47","slug":"mision-y-vision","status":"publish","type":"page","link":"http:\/\/etchegoyen.cl\/casacentral\/mision-y-vision\/","title":{"rendered":"Misi\u00f3n y Visi\u00f3n"},"content":{"rendered":"<p>[vc_row][vc_column][vc_custom_heading text=&#8221;VISI\u00d3N:&#8221; font_container=&#8221;tag:h2|text_align:left|color:%231e73be&#8221;][vc_column_text]<strong>POSICIONARSE COMO UN COLEGIO L\u00cdDER, QUE PRIORIZA LA FORMACI\u00d3N DE LA PERSONA Y LA CALIDAD DE SU APRENDIZAJE, INSPIRADO EN LOS PRINCIPIOS Y VALORES DEL HUMANISMO LAICO, COMPROMETIDO CON EL HACER Y SABER DE UNA COMUNIDAD INVESTIGATIVA, ABIERTA A LA DIN\u00c1MICA DE LA SOCIEDAD Y EL DESARROLLO CIENT\u00cdFICO CONTEMPOR\u00c1NEO, EN POS DEL PROGRESO SOCIAL Y EL DESARROLLO SUSTENTABLE DE LA HUMANIDAD<\/strong>[\/vc_column_text][vc_custom_heading text=&#8221;MISI\u00d3N&#8221; font_container=&#8221;tag:h2|text_align:left|color:%231e73be&#8221;][vc_column_text]<\/p>\n<p style=\"text-align: justify;\"><strong>EDUCAR CON \u00c9NFASIS EN LA FORMACI\u00d3N Y EL APRENDIZAJE PROFUNDO, CR\u00cdTICO, CREATIVO Y CUIDADOSO, MEDIANTE LA PROBLEMATIZACI\u00d3N DEL CURR\u00cdCULUM, CON USO DIVERSIFICADO DE METODOLOG\u00cdAS, ASEGURANDO AS\u00cd LA CALIDAD DEL PROCESO EDUCATIVO.<\/strong><\/p>\n<p>[\/vc_column_text][\/vc_column][\/vc_row]<\/p>\n","protected":false},"excerpt":{"rendered":"<p>[vc_row][vc_column][vc_custom_heading text=&#8221;VISI\u00d3N:&#8221; font_container=&#8221;tag:h2|text_align:left|color:%231e73be&#8221;][vc_column_text]POSICIONARSE COMO UN COLEGIO L\u00cdDER, QUE PRIORIZA LA FORMACI\u00d3N DE LA PERSONA Y LA CALIDAD DE SU APRENDIZAJE, INSPIRADO EN LOS PRINCIPIOS Y VALORES DEL HUMANISMO&#8230;<\/p>\n","protected":false},"author":1,"featured_media":0,"parent":0,"menu_order":0,"comment_status":"closed","ping_status":"closed","template":"","meta":{"footnotes":"","_links_to":"","_links_to_target":""},"class_list":["post-6502","page","type-page","status-publish","hentry"],"_links":{"self":[{"href":"http:\/\/etchegoyen.cl\/casacentral\/wp-json\/wp\/v2\/pages\/6502","targetHints":{"allow":["GET"]}}],"collection":[{"href":"http:\/\/etchegoyen.cl\/casacentral\/wp-json\/wp\/v2\/pages"}],"about":[{"href":"http:\/\/etchegoyen.cl\/casacentral\/wp-json\/wp\/v2\/types\/page"}],"author":[{"embeddable":true,"href":"http:\/\/etchegoyen.cl\/casacentral\/wp-json\/wp\/v2\/users\/1"}],"replies":[{"embeddable":true,"href":"http:\/\/etchegoyen.cl\/casacentral\/wp-json\/wp\/v2\/comments?post=6502"}],"version-history":[{"count":6,"href":"http:\/\/etchegoyen.cl\/casacentral\/wp-json\/wp\/v2\/pages\/6502\/revisions"}],"predecessor-version":[{"id":7980,"href":"http:\/\/etchegoyen.cl\/casacentral\/wp-json\/wp\/v2\/pages\/6502\/revisions\/7980"}],"wp:attachment":[{"href":"http:\/\/etchegoyen.cl\/casacentral\/wp-json\/wp\/v2\/media?parent=6502"}],"curies":[{"name":"wp","href":"https:\/\/api.w.org\/{rel}","templated":true}]}}