{"id":6706,"date":"2022-07-28T00:13:33","date_gmt":"2022-07-28T04:13:33","guid":{"rendered":"http:\/\/etchegoyen.cl\/casacentral\/?page_id=6706"},"modified":"2025-03-28T11:23:20","modified_gmt":"2025-03-28T14:23:20","slug":"vicerrector-academico","status":"publish","type":"page","link":"http:\/\/etchegoyen.cl\/casacentral\/vicerrector-academico\/","title":{"rendered":"U.T.P"},"content":{"rendered":"<p>[vc_row][vc_column][vc_column_text]<\/p>\n<h2 style=\"text-align: center;\"><strong>Encargado de la Unidad T\u00e9cnico Pedag\u00f3gica<\/strong><\/h2>\n<p>[\/vc_column_text][vc_single_image image=&#8221;11448&#8243; img_size=&#8221;medium&#8221; alignment=&#8221;center&#8221;][vc_column_text]<\/p>\n<h3 style=\"text-align: center;\"><strong>Salvador Lara Cifuentes<\/strong><\/h3>\n<h2 style=\"text-align: center;\"><\/h2>\n<p>[\/vc_column_text][vc_separator][vc_column_text]<\/p>\n<h4 style=\"text-align: center;\"><strong>APRENDIZAJE PROFUNDO PARA EL DESARROLLO DE UNA COMUNIDAD INVESTIGATIVA: EL SELLO QUE DEFINE NUESTRA ACCI\u00d3N PEDAG\u00d3GICA<\/strong><\/h4>\n<p style=\"text-align: justify;\">El proyecto educativo Institucional (PEI) de nuestro colegio, vigente desde el a\u00f1o 2023, define como visi\u00f3n de aprendizaje la concepci\u00f3n de aprendizaje profundo como base fundamental para orientar la acci\u00f3n pedag\u00f3gica de toda la comunidad escolar. Ahora bien, \u00bfqu\u00e9 entiende la comunidad educativa por aprendizaje profundo? \u00bfexiste una visi\u00f3n compartida sobre la visi\u00f3n de aprendizaje profundo? \u00bfde qu\u00e9 forma esta concepci\u00f3n de aprendizaje puede definir la pr\u00e1ctica de ense\u00f1anza y la motivaci\u00f3n de los estudiantes por aprender?<\/p>\n<p style=\"text-align: justify;\">Luego del esfuerzo de la comunidad escolar por definir el PEI, el cual entrega orientaciones sobre la visi\u00f3n, misi\u00f3n y sellos a nivel institucional, nos queda una tarea pendiente: compartir una visi\u00f3n sobre la concepci\u00f3n de aprendizaje en toda la comunidad escolar. Este desaf\u00edo no es menor, implica un esfuerzo de organizaci\u00f3n, gesti\u00f3n y de reflexi\u00f3n de los equipos docentes y l\u00edderes escolares por establecer un piso com\u00fan sobre las pr\u00e1cticas y maneras de abordar el desaf\u00edo de ense\u00f1ar. Como se\u00f1ala la investigaci\u00f3n educativa en los \u00faltimos a\u00f1os, es fundamental contar con un marco comprensivo respecto de qu\u00e9 consideramos aprendizaje y, m\u00e1s concretamente, c\u00f3mo este se visibiliza en las acciones de los estudiantes y las pr\u00e1cticas de los docentes (Gajardo, 2019).<\/p>\n<p style=\"text-align: justify;\">\u00a0\u00a0\u00a0\u00a0\u00a0\u00a0\u00a0\u00a0\u00a0\u00a0\u00a0\u00a0\u00a0\u00a0\u00a0 En la literatura se han destacado dos enfoques de aprendizaje relevantes: una orientaci\u00f3n del aprendizaje hacia la comprensi\u00f3n del significado (enfoque profundo) y una orientaci\u00f3n del aprendizaje hacia la reproducci\u00f3n (enfoque superficial).<\/p>\n<p style=\"text-align: justify;\">Los estudiantes con un enfoque profundo del aprendizaje se centran en la comprensi\u00f3n de los significados cuando aprenden debido a un inter\u00e9s personal en la materia (motivaci\u00f3n intr\u00ednseca). Por ello, el aprendizaje implica explorar, descubrir y relacionar ideas nuevas y existentes, lo que a su vez implica el compromiso con el proceso de aprendizaje y el pensamiento cr\u00edtico (Monroy y Gonz\u00e1lez-Geraldo, 2017). En cambio, los estudiantes con un enfoque superficial muestran poco compromiso con la tarea en cuesti\u00f3n y memorizan el tema para aprobarlo (Monroy y Gonz\u00e1lez-Geraldo, 2017).<\/p>\n<p style=\"text-align: justify;\">La tarea que nos ocupa en adelante es liderar los procesos de reflexi\u00f3n en la comunidad educativa sobre la visi\u00f3n de aprendizaje que se promueve en las salas de clases, discutir los alcances de esta visi\u00f3n en la pr\u00e1ctica de ense\u00f1anza que los docentes ponen en acci\u00f3n con los estudiantes y demarcar definiciones posteriores sobre los roles que deben asumir los l\u00edderes escolares, los equipos docentes y la disposici\u00f3n de estudiantes para aprender desde el enfoque de aprendizaje profundo.<\/p>\n<p style=\"text-align: justify;\">Una visi\u00f3n de aprendizaje debe ser considerada como imperativo \u00e9tico que debe orientar el actuar de toda la comunidad escolar. Hablar de imperativo significa arrojarse una tarea que debemos asumir como una obligaci\u00f3n, un mandato que debemos cumplir.<\/p>\n<p style=\"text-align: justify;\">La tarea que asumimos, requiere avanzar en cambios en la gesti\u00f3n pedag\u00f3gica que se ha venido desarrollando en los \u00faltimos a\u00f1os en el colegio, demanda tener una mirada cr\u00edtica del enfoque y la gesti\u00f3n del curr\u00edculum y por, sobre todo, implica adoptar una disposici\u00f3n de la comunidad educativa por desarrollar una actitud investigativa hacia los cambios y desaf\u00edos que significa liderar desde una visi\u00f3n de aprendizaje profundo.<\/p>\n<p>[\/vc_column_text][\/vc_column][\/vc_row][vc_row][vc_column][\/vc_column][\/vc_row]<\/p>\n","protected":false},"excerpt":{"rendered":"<p>[vc_row][vc_column][vc_column_text] Encargado de la Unidad T\u00e9cnico Pedag\u00f3gica [\/vc_column_text][vc_single_image image=&#8221;11448&#8243; img_size=&#8221;medium&#8221; alignment=&#8221;center&#8221;][vc_column_text] Salvador Lara Cifuentes [\/vc_column_text][vc_separator][vc_column_text] APRENDIZAJE PROFUNDO PARA EL DESARROLLO DE UNA COMUNIDAD INVESTIGATIVA: EL SELLO QUE DEFINE&#8230;<\/p>\n","protected":false},"author":1,"featured_media":0,"parent":0,"menu_order":0,"comment_status":"closed","ping_status":"closed","template":"","meta":{"footnotes":"","_links_to":"","_links_to_target":""},"class_list":["post-6706","page","type-page","status-publish","hentry"],"_links":{"self":[{"href":"http:\/\/etchegoyen.cl\/casacentral\/wp-json\/wp\/v2\/pages\/6706","targetHints":{"allow":["GET"]}}],"collection":[{"href":"http:\/\/etchegoyen.cl\/casacentral\/wp-json\/wp\/v2\/pages"}],"about":[{"href":"http:\/\/etchegoyen.cl\/casacentral\/wp-json\/wp\/v2\/types\/page"}],"author":[{"embeddable":true,"href":"http:\/\/etchegoyen.cl\/casacentral\/wp-json\/wp\/v2\/users\/1"}],"replies":[{"embeddable":true,"href":"http:\/\/etchegoyen.cl\/casacentral\/wp-json\/wp\/v2\/comments?post=6706"}],"version-history":[{"count":15,"href":"http:\/\/etchegoyen.cl\/casacentral\/wp-json\/wp\/v2\/pages\/6706\/revisions"}],"predecessor-version":[{"id":11840,"href":"http:\/\/etchegoyen.cl\/casacentral\/wp-json\/wp\/v2\/pages\/6706\/revisions\/11840"}],"wp:attachment":[{"href":"http:\/\/etchegoyen.cl\/casacentral\/wp-json\/wp\/v2\/media?parent=6706"}],"curies":[{"name":"wp","href":"https:\/\/api.w.org\/{rel}","templated":true}]}}