{"id":6712,"date":"2022-07-28T00:16:07","date_gmt":"2022-07-28T04:16:07","guid":{"rendered":"http:\/\/etchegoyen.cl\/casacentral\/?page_id=6712"},"modified":"2026-03-05T15:16:32","modified_gmt":"2026-03-05T18:16:32","slug":"coordinadores-academicos","status":"publish","type":"page","link":"http:\/\/etchegoyen.cl\/casacentral\/coordinadores-academicos\/","title":{"rendered":"COORDINADORES ACAD\u00c9MICOS"},"content":{"rendered":"<p>[vc_row][vc_column][vc_column_text]<\/p>\n<h3 style=\"text-align: center;\">COORDINADORES ACAD\u00c9MICOS<\/h3>\n<p>[\/vc_column_text][vc_single_image image=&#8221;13742&#8243; img_size=&#8221;full&#8221; alignment=&#8221;center&#8221;][vc_column_text]<\/p>\n<h5 style=\"text-align: center;\">Ariel Mu\u00f1oz Escares &#8211; Camila Dinamarca Su\u00e1rez<\/h5>\n<p>[\/vc_column_text][vc_separator][vc_column_text]<\/p>\n<h2 style=\"text-align: center;\"><strong>Los Pilares de nuestra Gesti\u00f3n Pedag\u00f3gica<\/strong><\/h2>\n<p style=\"text-align: justify;\">En los actuales contextos educativos, marcados por la diversidad, la complejidad y los constantes cambios sociales y culturales, la medici\u00f3n de los aprendizajes adquiere un rol fundamental para orientar los procesos de ense\u00f1anza y aprendizaje. Evaluar ya no significa \u00fanicamente calificar resultados finales, sino comprender de manera integral c\u00f3mo aprenden los estudiantes, qu\u00e9 saben, qu\u00e9 necesitan fortalecer y c\u00f3mo pueden progresar de forma significativa. En este marco, el Diagn\u00f3stico Integral de Aprendizaje (DIA) se consolida como una estrategia evaluativa clave para el Colegio Etchegoyen Casa Central de Talcahuano, al permitir una mirada profunda y contextualizada del desarrollo acad\u00e9mico y socioemocional de los estudiantes.<\/p>\n<p style=\"text-align: justify;\">El Diagn\u00f3stico Integral de Aprendizaje se orienta a recoger informaci\u00f3n relevante y sistem\u00e1tica sobre los aprendizajes previos, las habilidades cognitivas y las dimensiones socioemocionales del estudiantado. Esta informaci\u00f3n resulta esencial para la toma de decisiones pedag\u00f3gicas informadas, coherentes y pertinentes a la realidad de cada curso y de cada estudiante. De este modo, la evaluaci\u00f3n diagn\u00f3stica se transforma en un punto de partida para dise\u00f1ar estrategias de ense\u00f1anza inclusivas, equitativas y centradas en el aprendizaje.<\/p>\n<p style=\"text-align: justify;\">La importancia de la medici\u00f3n educativa se vincula directamente con una nueva concepci\u00f3n de ense\u00f1anza, tal como lo planteaba la UNESCO ya desde (1998), al se\u00f1alar que \u201cen un mundo de cambio r\u00e1pido, se percibe la necesidad de una nueva visi\u00f3n y un modelo de ense\u00f1anza, que deber\u00eda estar centrado en el estudiante\u201d. Esta visi\u00f3n demanda que las instituciones educativas formen ciudadanos cr\u00edticos, informados y comprometidos con la sociedad, capaces de analizar problemas, buscar soluciones y asumir responsabilidades sociales. En este sentido, el Diagn\u00f3stico Integral de Aprendizaje permite identificar no solo el nivel de logro acad\u00e9mico, sino tambi\u00e9n las habilidades necesarias para desenvolverse de manera activa y responsable en la sociedad.<\/p>\n<p style=\"text-align: justify;\">Complementariamente, las metodolog\u00edas activas de aprendizaje se constituyen, a su vez, en un foco relevante dentro de la gesti\u00f3n pedag\u00f3gica del establecimiento. Estas metodolog\u00edas sit\u00faan al estudiante como protagonista de su propio aprendizaje, promoviendo la participaci\u00f3n, la reflexi\u00f3n, la colaboraci\u00f3n y la autonom\u00eda. Estrategias como el aprendizaje basado en proyectos, la indagaci\u00f3n, el aprendizaje cooperativo y el estudio de casos permiten que la evaluaci\u00f3n se integre al proceso de ense\u00f1anza, favoreciendo la retroalimentaci\u00f3n constante y el desarrollo de competencias para la vida.<\/p>\n<p style=\"text-align: justify;\">Desde esta perspectiva, la evaluaci\u00f3n deja de ser un acto aislado para convertirse en un proceso continuo, coherente con las pr\u00e1cticas pedag\u00f3gicas activas. Michael Fullan destaca que una evaluaci\u00f3n efectiva debe estar al servicio del aprendizaje profundo, promoviendo el desarrollo de competencias como el pensamiento cr\u00edtico, la comunicaci\u00f3n, la colaboraci\u00f3n y la creatividad. Seg\u00fan Fullan, los sistemas educativos que avanzan hacia una mejora sostenida son aquellos que utilizan la evaluaci\u00f3n como una herramienta para aprender, mejorar y transformar la pr\u00e1ctica pedag\u00f3gica.<\/p>\n<p style=\"text-align: justify;\">En el Colegio Etchegoyen de Talcahuano, la articulaci\u00f3n entre el Diagn\u00f3stico Integral de Aprendizaje y las metodolog\u00edas activas permite fortalecer una cultura evaluativa formativa, donde la medici\u00f3n se orienta a acompa\u00f1ar y potenciar el aprendizaje de todos los estudiantes. Esta estrategia favorece la personalizaci\u00f3n de la ense\u00f1anza, el compromiso estudiantil y la mejora continua de los procesos educativos, aline\u00e1ndose con los desaf\u00edos actuales de la educaci\u00f3n y con una visi\u00f3n centrada en el estudiante como eje fundamental del aprendizaje.<\/p>\n<p>[\/vc_column_text][\/vc_column][\/vc_row]<\/p>\n","protected":false},"excerpt":{"rendered":"<p>[vc_row][vc_column][vc_column_text] COORDINADORES ACAD\u00c9MICOS [\/vc_column_text][vc_single_image image=&#8221;13742&#8243; img_size=&#8221;full&#8221; alignment=&#8221;center&#8221;][vc_column_text] Ariel Mu\u00f1oz Escares &#8211; Camila Dinamarca Su\u00e1rez [\/vc_column_text][vc_separator][vc_column_text] Los Pilares de nuestra Gesti\u00f3n Pedag\u00f3gica En los actuales contextos educativos, marcados por&#8230;<\/p>\n","protected":false},"author":1,"featured_media":0,"parent":0,"menu_order":0,"comment_status":"closed","ping_status":"closed","template":"","meta":{"footnotes":"","_links_to":"","_links_to_target":""},"class_list":["post-6712","page","type-page","status-publish","hentry"],"_links":{"self":[{"href":"http:\/\/etchegoyen.cl\/casacentral\/wp-json\/wp\/v2\/pages\/6712","targetHints":{"allow":["GET"]}}],"collection":[{"href":"http:\/\/etchegoyen.cl\/casacentral\/wp-json\/wp\/v2\/pages"}],"about":[{"href":"http:\/\/etchegoyen.cl\/casacentral\/wp-json\/wp\/v2\/types\/page"}],"author":[{"embeddable":true,"href":"http:\/\/etchegoyen.cl\/casacentral\/wp-json\/wp\/v2\/users\/1"}],"replies":[{"embeddable":true,"href":"http:\/\/etchegoyen.cl\/casacentral\/wp-json\/wp\/v2\/comments?post=6712"}],"version-history":[{"count":22,"href":"http:\/\/etchegoyen.cl\/casacentral\/wp-json\/wp\/v2\/pages\/6712\/revisions"}],"predecessor-version":[{"id":13749,"href":"http:\/\/etchegoyen.cl\/casacentral\/wp-json\/wp\/v2\/pages\/6712\/revisions\/13749"}],"wp:attachment":[{"href":"http:\/\/etchegoyen.cl\/casacentral\/wp-json\/wp\/v2\/media?parent=6712"}],"curies":[{"name":"wp","href":"https:\/\/api.w.org\/{rel}","templated":true}]}}