{"id":6722,"date":"2022-07-28T00:18:50","date_gmt":"2022-07-28T04:18:50","guid":{"rendered":"http:\/\/etchegoyen.cl\/casacentral\/?page_id=6722"},"modified":"2026-03-05T15:24:11","modified_gmt":"2026-03-05T18:24:11","slug":"p-i-e","status":"publish","type":"page","link":"http:\/\/etchegoyen.cl\/casacentral\/p-i-e\/","title":{"rendered":"Programa de Integraci\u00f3n Escolar (P.I.E)"},"content":{"rendered":"<p>[vc_row][vc_column][vc_single_image image=&#8221;13752&#8243; img_size=&#8221;full&#8221; alignment=&#8221;center&#8221;][vc_column_text]<\/p>\n<h3 style=\"text-align: center;\"><strong>COORDINADORA P.I.E<\/strong><\/h3>\n<p>[\/vc_column_text][vc_separator][vc_column_text]<\/p>\n<h1 style=\"text-align: center;\"><strong>\u201cUna mirada a la diversidad&#8221;<\/strong><\/h1>\n<p>&nbsp;<\/p>\n<p>A partir del a\u00f1o 2009 se comienza a implementar el PIE en Chile. A pesar de su car\u00e1cter de integraci\u00f3n, como lo dice su nombre y tambi\u00e9n como queda demostrado en sus estrategias de trabajo, este es descrito por la autoridad ministerial como un programa de tipo inclusivo:<\/p>\n<p>El PIE es una estrategia inclusiva del sistema escolar, que tiene el prop\u00f3sito de contribuir al mejoramiento continuo de la calidad de la educaci\u00f3n que se imparte en el establecimiento educacional, favoreciendo la presencia en la sala de clases, la participaci\u00f3n y el logro de los objetivos de aprendizaje de todos y cada uno de los estudiantes, especialmente de aquellos que presentan necesidades educativas especiales.<\/p>\n<p>En t\u00e9rminos pr\u00e1cticos, el PIE implica fundamentalmente el uso de recursos en la incorporaci\u00f3n de especialistas para el trabajo con estudiantes con N.E.E, de manera que presten &#8220;ciertos apoyos de tipo extraordinario durante un tiempo espec\u00edfico o durante toda la etapa escolar dependiendo de la evoluci\u00f3n de las necesidades educativas especiales y del mejoramiento de las condiciones del contexto escolar&#8221;.<\/p>\n<p>Seg\u00fan el decreto, se entiende por N.E.E de tipo permanente, aquellas barreras para aprender y participar que determinados estudiantes experimentan durante toda su escolaridad como consecuencia de una discapacidad diagnosticada por un profesional competente, y que demandan al sistema educacional la provisi\u00f3n de apoyos y recursos extraordinarios para asegurar el aprendizaje escolar. El decreto refiere los siguientes<em>\u00a0<\/em><em>diagn\u00f3sticos<\/em>\u00a0de car\u00e1cter permanente:<\/p>\n<ul>\n<li>Discapacidad visual<\/li>\n<li>Discapacidad auditiva<\/li>\n<li>Disfasia severa<\/li>\n<li>Trastorno autista<\/li>\n<li>D\u00e9ficit cognitivo leve, moderado y severo<\/li>\n<li>Multid\u00e9ficit<\/li>\n<li>Graves alteraciones de la relaci\u00f3n y la comunicaci\u00f3n<\/li>\n<\/ul>\n<p>Las N.E.E de tipo transitorias, son aquellas no permanentes que presentan los alumnos en alg\u00fan momento de su vida escolar a consecuencia de un trastorno o discapacidad diagnosticada por un profesional competente, y que necesitan de ayudas y apoyos extraordinarios para acceder o progresar en el curr\u00edculum por un determinado periodo de su escolarizaci\u00f3n. Se incluyen las siguientes condiciones:<\/p>\n<ul>\n<li>Dificultades espec\u00edficos del aprendizaje<\/li>\n<li>Dificultades espec\u00edficas del aprendizaje de la lectura<\/li>\n<li>Dificultades espec\u00edficas de la lectura y escritura<\/li>\n<li>Dificultad espec\u00edfica del aprendizaje de las matem\u00e1ticas<\/li>\n<li>Trastornos espec\u00edficos del lenguaje (TEL)<\/li>\n<li>Trastorno d\u00e9ficit atencional con y sin hiperactividad (TDA) o Trastorno hipercin\u00e9tico<\/li>\n<li>Rendimiento en pruebas de coeficiente intelectual (ci) en rango l\u00edmite, con limitaciones significativas en la conducta adaptativa.<\/li>\n<\/ul>\n<p>En marco de lo anteriormente mencionado, nuestro establecimiento para satisfacer las necesidades de nuestras\/as estudiantes y potenciar habilidades en ellos\/as, consta con un equipo multidisciplinario de:<\/p>\n<ul>\n<li>11 educadoras\/es diferenciales<\/li>\n<li>1 Coordinadora PIE<\/li>\n<li>2 fonoaudi\u00f3logas<\/li>\n<li>2 psic\u00f3logas<\/li>\n<li>1 terapeuta ocupacional<\/li>\n<li>1 t\u00e9cnico diferencial<\/li>\n<li>1 trabajadora social<\/li>\n<\/ul>\n<p><strong><em>Con la convicci\u00f3n de que nuestros\/as estudiantes cada uno con sus caracter\u00edsticas, intereses, capacidades, emocionalidad y necesidades de aprendizajes, puedan desarrollar competencias, aptitudes y habilidades que ayuden a su crecimiento y logren ser un aporte para nuestra sociedad.<\/em><\/strong><\/p>\n<p><strong><em>\u00a0<\/em><\/strong><\/p>\n<p style=\"text-align: center;\"><strong><em>\u201cLa educaci\u00f3n es el arma m\u00e1s poderosa que puedes usar para cambiar el mundo\u201d\u2026<\/em><\/strong><\/p>\n<p style=\"text-align: center;\"><strong><em>Nelson Mandela.<\/em><\/strong><\/p>\n<p>[\/vc_column_text][vc_column_text]<\/p>\n<h2 style=\"text-align: center;\">PROTOCOLOS<\/h2>\n<p>[\/vc_column_text][vc_btn title=&#8221;PROTOCOLO DE DESREGULACI\u00d3N EMOCIONAL Y CONDUCTUAL&#8221; color=&#8221;success&#8221; i_icon_fontawesome=&#8221;fas fa-file-pdf&#8221; add_icon=&#8221;true&#8221; link=&#8221;url:http%3A%2F%2Fetchegoyen.cl%2Fcasacentral%2Fwp-content%2Fuploads%2F2025%2F05%2FPROTOCOLO-DE-DESREGULACION-EMOCIONAL-Y-CONDUCTUAL-COLEGIO-ETCHEGOYEN-1.pdf&#8221;][\/vc_column][\/vc_row]<\/p>\n","protected":false},"excerpt":{"rendered":"<p>[vc_row][vc_column][vc_single_image image=&#8221;13752&#8243; img_size=&#8221;full&#8221; alignment=&#8221;center&#8221;][vc_column_text] COORDINADORA P.I.E [\/vc_column_text][vc_separator][vc_column_text] \u201cUna mirada a la diversidad&#8221; &nbsp; A partir del a\u00f1o 2009 se comienza a implementar el PIE en Chile. A pesar&#8230;<\/p>\n","protected":false},"author":1,"featured_media":0,"parent":0,"menu_order":0,"comment_status":"closed","ping_status":"closed","template":"","meta":{"footnotes":"","_links_to":"","_links_to_target":""},"class_list":["post-6722","page","type-page","status-publish","hentry"],"_links":{"self":[{"href":"http:\/\/etchegoyen.cl\/casacentral\/wp-json\/wp\/v2\/pages\/6722","targetHints":{"allow":["GET"]}}],"collection":[{"href":"http:\/\/etchegoyen.cl\/casacentral\/wp-json\/wp\/v2\/pages"}],"about":[{"href":"http:\/\/etchegoyen.cl\/casacentral\/wp-json\/wp\/v2\/types\/page"}],"author":[{"embeddable":true,"href":"http:\/\/etchegoyen.cl\/casacentral\/wp-json\/wp\/v2\/users\/1"}],"replies":[{"embeddable":true,"href":"http:\/\/etchegoyen.cl\/casacentral\/wp-json\/wp\/v2\/comments?post=6722"}],"version-history":[{"count":20,"href":"http:\/\/etchegoyen.cl\/casacentral\/wp-json\/wp\/v2\/pages\/6722\/revisions"}],"predecessor-version":[{"id":13754,"href":"http:\/\/etchegoyen.cl\/casacentral\/wp-json\/wp\/v2\/pages\/6722\/revisions\/13754"}],"wp:attachment":[{"href":"http:\/\/etchegoyen.cl\/casacentral\/wp-json\/wp\/v2\/media?parent=6722"}],"curies":[{"name":"wp","href":"https:\/\/api.w.org\/{rel}","templated":true}]}}