{"id":6999,"date":"2022-08-02T22:25:56","date_gmt":"2022-08-03T02:25:56","guid":{"rendered":"http:\/\/etchegoyen.cl\/casacentral\/?page_id=6999"},"modified":"2022-08-02T22:39:08","modified_gmt":"2022-08-03T02:39:08","slug":"acerca-de-este-sitio-web","status":"publish","type":"page","link":"http:\/\/etchegoyen.cl\/casacentral\/acerca-de-este-sitio-web\/","title":{"rendered":"Acerca de este Sitio Web"},"content":{"rendered":"<p style=\"text-align: justify;\"><strong>CR\u00c9DITOS:<\/strong><\/p>\n<p style=\"text-align: justify;\">\n<strong>Representante legal:<\/strong> Jorge Zu\u00f1iga Araneda<br \/>\n<strong>Director responsable:<\/strong> Jos\u00e9 Contreras Minte.<br \/>\n<strong>Desarrollo:<\/strong> Jaime Pinto Rojas.<br \/>\n<strong>Webmasters:<\/strong> Alex Medina, Patricio Reyes.<br \/>\n<strong>Condiciones de uso del material de este Sitio Web:<\/strong><br \/>\nTodas las fotograf\u00edas, videos y textos usados en ese sitio web pertenecen al Colegio Etchegoyen, por lo que est\u00e1 prohibido hacer uso de ellas sin la previa autorizaci\u00f3n del Director responsable.<\/p>\n<pre style=\"text-align: justify;\">\nSitio Web desarrollado bajo plataforma WordPress profesional.<\/pre>\n","protected":false},"excerpt":{"rendered":"<p>CR\u00c9DITOS: Representante legal: Jorge Zu\u00f1iga Araneda Director responsable: Jos\u00e9 Contreras Minte. Desarrollo: Jaime Pinto Rojas. Webmasters: Alex Medina, Patricio Reyes. Condiciones de uso del material de este Sitio&#8230;<\/p>\n","protected":false},"author":1,"featured_media":0,"parent":0,"menu_order":0,"comment_status":"closed","ping_status":"closed","template":"","meta":{"footnotes":"","_links_to":"","_links_to_target":""},"class_list":["post-6999","page","type-page","status-publish","hentry"],"_links":{"self":[{"href":"http:\/\/etchegoyen.cl\/casacentral\/wp-json\/wp\/v2\/pages\/6999","targetHints":{"allow":["GET"]}}],"collection":[{"href":"http:\/\/etchegoyen.cl\/casacentral\/wp-json\/wp\/v2\/pages"}],"about":[{"href":"http:\/\/etchegoyen.cl\/casacentral\/wp-json\/wp\/v2\/types\/page"}],"author":[{"embeddable":true,"href":"http:\/\/etchegoyen.cl\/casacentral\/wp-json\/wp\/v2\/users\/1"}],"replies":[{"embeddable":true,"href":"http:\/\/etchegoyen.cl\/casacentral\/wp-json\/wp\/v2\/comments?post=6999"}],"version-history":[{"count":3,"href":"http:\/\/etchegoyen.cl\/casacentral\/wp-json\/wp\/v2\/pages\/6999\/revisions"}],"predecessor-version":[{"id":7009,"href":"http:\/\/etchegoyen.cl\/casacentral\/wp-json\/wp\/v2\/pages\/6999\/revisions\/7009"}],"wp:attachment":[{"href":"http:\/\/etchegoyen.cl\/casacentral\/wp-json\/wp\/v2\/media?parent=6999"}],"curies":[{"name":"wp","href":"https:\/\/api.w.org\/{rel}","templated":true}]}}