{"id":285,"date":"2022-12-27T13:32:53","date_gmt":"2022-12-27T13:32:53","guid":{"rendered":"http:\/\/etchegoyen.cl\/coemtal\/?page_id=285"},"modified":"2025-05-07T19:41:28","modified_gmt":"2025-05-07T19:41:28","slug":"saludo-presidente","status":"publish","type":"page","link":"http:\/\/etchegoyen.cl\/coemtal\/saludo-presidente\/","title":{"rendered":"SALUDO PRESIDENTE"},"content":{"rendered":"<p>[vc_row][vc_column][vc_single_image image=&#8221;456&#8243; img_size=&#8221;medium&#8221; alignment=&#8221;center&#8221;][vc_column_text]<\/p>\n<h3 style=\"text-align: center;\"><strong>GONZ\u00c1LO PINO MU\u00d1\u00d3Z\u00a0<\/strong><\/h3>\n<p>[\/vc_column_text][vc_column_text]<\/p>\n<p style=\"text-align: justify;\"><strong>LOS ESTUDIANTES DEL SIGLO XXI SON NUESTRO COMPROMISO<\/strong><\/p>\n<p style=\"text-align: justify;\">Desde su fundaci\u00f3n hace ya 112 a\u00f1os, el Colegio Etchegoyen ha experimentado m\u00faltiples transformaciones. Sin embargo, la idea matriz que dio origen a esta instituci\u00f3n ha permanecido inalterable: ofrecer un servicio educativo de calidad a los habitantes de Talcahuano y sus comunas vecinas, basado en los valores del laicismo. Este principio busca formar personas integrales que contribuyan activamente a la sociedad, sin importar el \u00e1mbito en el que se desarrollen profesional o personalmente.<\/p>\n<p style=\"text-align: justify;\">A lo largo de m\u00e1s de un siglo, tanto nuestro pa\u00eds como nuestro puerto han vivido importantes cambios hist\u00f3ricos y sociales. En ese contexto, generaciones de Etchegoyanos han realizado valiosos aportes en diversas \u00e1reas: la industria, la salud, la educaci\u00f3n, las artes y los servicios, entre otras.<\/p>\n<p style=\"text-align: justify;\">Hoy, inmersos en la era digital y en un mundo donde la inteligencia artificial avanza a pasos agigantados, no podemos permanecer indiferentes. Muy por el contrario, debemos adaptarnos a estos nuevos escenarios, lo que exige transformar nuestros sistemas de ense\u00f1anza-aprendizaje.<\/p>\n<p style=\"text-align: justify;\">Los modelos educativos actuales han evolucionado para responder a las exigencias de una sociedad globalizada y tecnol\u00f3gica. En este contexto, los estudiantes del siglo XXI no solo deben adquirir conocimientos acad\u00e9micos, sino tambi\u00e9n desarrollar competencias esenciales como la alfabetizaci\u00f3n digital, el pensamiento cr\u00edtico, la creatividad, la comunicaci\u00f3n efectiva, el trabajo colaborativo, la adaptabilidad, la inteligencia emocional y las habilidades interculturales. Estas capacidades son fundamentales para enfrentar con \u00e9xito un mundo en constante cambio.<\/p>\n<p style=\"text-align: justify;\">Asimismo, resulta clave fomentar valores como la inclusividad y el respeto por la diversidad, promover el pensamiento interdisciplinario, fortalecer la conciencia global y cultivar una actitud de aprendizaje permanente.<\/p>\n<p style=\"text-align: justify;\">Nuestra corporaci\u00f3n es plenamente consciente de estos desaf\u00edos y, por ello, promueve y respalda iniciativas que impulsen el desarrollo integral de nuestros estudiantes. Nuestros equipos directivos y docentes est\u00e1n comprometidos con dise\u00f1ar y aplicar estrategias pedag\u00f3gicas que concreten el ideal de formar Hombres y Mujeres Humanistas Laicos, ciudadanos \u00edntegros y comprometidos con su entorno.<\/p>\n<p style=\"text-align: justify;\">Ese es nuestro sue\u00f1o, nuestro compromiso y nuestra meta: responder con visi\u00f3n y responsabilidad a las demandas del siglo XXI y de quienes ser\u00e1n sus protagonistas, nuestros estudiantes.<\/p>\n<p>[\/vc_column_text][\/vc_column][\/vc_row]<\/p>\n","protected":false},"excerpt":{"rendered":"<p>[vc_row][vc_column][vc_single_image image=&#8221;456&#8243; img_size=&#8221;medium&#8221; alignment=&#8221;center&#8221;][vc_column_text] GONZ\u00c1LO PINO MU\u00d1\u00d3Z\u00a0 [\/vc_column_text][vc_column_text] LOS ESTUDIANTES DEL SIGLO XXI SON NUESTRO COMPROMISO Desde su fundaci\u00f3n hace ya 112 a\u00f1os, el Colegio Etchegoyen ha experimentado&#8230;<\/p>\n","protected":false},"author":1,"featured_media":0,"parent":0,"menu_order":0,"comment_status":"closed","ping_status":"closed","template":"","meta":{"footnotes":"","_links_to":"","_links_to_target":""},"class_list":["post-285","page","type-page","status-publish","hentry"],"_links":{"self":[{"href":"http:\/\/etchegoyen.cl\/coemtal\/wp-json\/wp\/v2\/pages\/285","targetHints":{"allow":["GET"]}}],"collection":[{"href":"http:\/\/etchegoyen.cl\/coemtal\/wp-json\/wp\/v2\/pages"}],"about":[{"href":"http:\/\/etchegoyen.cl\/coemtal\/wp-json\/wp\/v2\/types\/page"}],"author":[{"embeddable":true,"href":"http:\/\/etchegoyen.cl\/coemtal\/wp-json\/wp\/v2\/users\/1"}],"replies":[{"embeddable":true,"href":"http:\/\/etchegoyen.cl\/coemtal\/wp-json\/wp\/v2\/comments?post=285"}],"version-history":[{"count":10,"href":"http:\/\/etchegoyen.cl\/coemtal\/wp-json\/wp\/v2\/pages\/285\/revisions"}],"predecessor-version":[{"id":466,"href":"http:\/\/etchegoyen.cl\/coemtal\/wp-json\/wp\/v2\/pages\/285\/revisions\/466"}],"wp:attachment":[{"href":"http:\/\/etchegoyen.cl\/coemtal\/wp-json\/wp\/v2\/media?parent=285"}],"curies":[{"name":"wp","href":"https:\/\/api.w.org\/{rel}","templated":true}]}}