{"id":40,"date":"2022-11-07T19:59:56","date_gmt":"2022-11-07T19:59:56","guid":{"rendered":"http:\/\/etchegoyen.cl\/coemtal\/?page_id=40"},"modified":"2025-05-07T20:36:14","modified_gmt":"2025-05-07T20:36:14","slug":"portada","status":"publish","type":"page","link":"http:\/\/etchegoyen.cl\/coemtal\/","title":{"rendered":"PORTADA"},"content":{"rendered":"<p>[vc_row el_id=&#8221;rs-services&#8221; css=&#8221;.vc_custom_1534248698130{margin-bottom: 90px !important;}&#8221; el_class=&#8221;rs-services-responsive&#8221;][vc_column width=&#8221;1\/4&#8243;]\n\t\t\t<div  class=\"rs-services-style1   top\">\n\t\t\t\t<div class=\"services-item rs-animation-hover\"  style=\"background: #006eb3\">\n\t\t\t\t    <div class=\"services-icon\"  style=\"background: #006eb3\">\n\t\t\t\t        <i  style=\"color: #ffffff\"class=\"vc_icon_element-icon vc_li vc_li-params rs-animation-scale-up\"><\/i>\n\t\t\t\t    <\/div>\n\t\t\t\t    <div class=\"services-desc\">\n\t\t\t\t        <h4 class=\"services-title\"><a  href=\"https:\/\/napsis.com\/ingresar\/\" title=\"\" target=\"_blank\">PROYECTO<\/a><\/h4>\n\t\t\t\t        <p >Conozca nuestro Proyecto Educativo<\/p>\n\t\t\t\t    <\/div>\n\t\t\t\t<\/div>\n\t\t\t<\/div>\n\t\t\t[\/vc_column][vc_column width=&#8221;1\/4&#8243;]\n\t\t\t<div  class=\"rs-services-style1   top\">\n\t\t\t\t<div class=\"services-item rs-animation-hover\"  style=\"background: #018e03\">\n\t\t\t\t    <div class=\"services-icon\"  style=\"background: #018e03\">\n\t\t\t\t        <i  style=\"color: #ffffff\"class=\"vc_icon_element-icon vc_li vc_li-vallet rs-animation-scale-up\"><\/i>\n\t\t\t\t    <\/div>\n\t\t\t\t    <div class=\"services-desc\">\n\t\t\t\t        <h4 class=\"services-title\"><a  href=\"http:\/\/etchegoyen.cl\/coemtal\/organigrama\/\" title=\"ORGANIGRAMA\" target=\"_blank\">ORGANIGRAMA<\/a><\/h4>\n\t\t\t\t        <p >Disposici\u00f3n de cargos de manera esquem\u00e1tica.<\/p>\n\t\t\t\t    <\/div>\n\t\t\t\t<\/div>\n\t\t\t<\/div>\n\t\t\t[\/vc_column][vc_column width=&#8221;1\/4&#8243;]\n\t\t\t<div  class=\"rs-services-style1   top\">\n\t\t\t\t<div class=\"services-item rs-animation-hover\"  style=\"background: #006eb3\">\n\t\t\t\t    <div class=\"services-icon\"  style=\"background: #006eb3\">\n\t\t\t\t        <i  style=\"color: #ffffff\"class=\"vc_icon_element-icon vc_li vc_li-settings rs-animation-scale-up\"><\/i>\n\t\t\t\t    <\/div>\n\t\t\t\t    <div class=\"services-desc\">\n\t\t\t\t        <h4 class=\"services-title\"><a  href=\"http:\/\/etchegoyen.cl\/coemtal\/noticias\/\" title=\"NOTICIAS\" target=\"_blank\">NOTICIAS<\/a><\/h4>\n\t\t\t\t        <p >Actividades de nuestra comunidad educativa.<\/p>\n\t\t\t\t    <\/div>\n\t\t\t\t<\/div>\n\t\t\t<\/div>\n\t\t\t[\/vc_column][vc_column width=&#8221;1\/4&#8243;]\n\t\t\t<div  class=\"rs-services-style1   top\">\n\t\t\t\t<div class=\"services-item rs-animation-hover\"  style=\"background: #018e03\">\n\t\t\t\t    <div class=\"services-icon\"  style=\"background: #018e03\">\n\t\t\t\t        <i  style=\"color: #ffffff\"class=\"vc_icon_element-icon fas fa-microphone rs-animation-scale-up\"><\/i>\n\t\t\t\t    <\/div>\n\t\t\t\t    <div class=\"services-desc\">\n\t\t\t\t        <h4 class=\"services-title\"><a  href=\"#\" title=\"\">RADIO ETCHEGOYEN<\/a><\/h4>\n\t\t\t\t        <p >Escuche la se\u00f1al online de nuestra emisora radial<\/p>\n\t\t\t\t    <\/div>\n\t\t\t\t<\/div>\n\t\t\t<\/div>\n\t\t\t[\/vc_column][\/vc_row][vc_row full_width=&#8221;stretch_row&#8221; css=&#8221;.vc_custom_1668015339812{padding-top: 45px !important;padding-bottom: 80px !important;}&#8221; el_id=&#8221;rs-client&#8221;][vc_column]<div class=\"rs-partner  \">           \n\t\t\t\t\t<div class=\"partner-carousel owl-carousel\" data-carousel-options=\"{&quot;nav&quot;:true,&quot;navText&quot;:[&quot;&lt;i class=&#039;fa fa-angle-left&#039;&gt;&lt;\\\/i&gt;&quot;,&quot;&lt;i class=&#039;fa fa-angle-right&#039;&gt;&lt;\\\/i&gt;&quot;],&quot;dots&quot;:false,&quot;autoplay&quot;:true,&quot;autoplayTimeout&quot;:&quot;5000&quot;,&quot;autoplaySpeed&quot;:&quot;200&quot;,&quot;autoplayHoverPause&quot;:true,&quot;loop&quot;:true,&quot;margin&quot;:30,&quot;responsive&quot;:{&quot;0&quot;:{&quot;items&quot;:&quot;1&quot;},&quot;480&quot;:{&quot;items&quot;:&quot;2&quot;},&quot;768&quot;:{&quot;items&quot;:&quot;3&quot;},&quot;992&quot;:{&quot;items&quot;:&quot;5&quot;},&quot;1200&quot;:{&quot;items&quot;:&quot;5&quot;}}}\"><div class=\"partner-item\">\n\t\t\t\t<a href=\"http:\/\/www.radioetchegoyen.cl\" target=\"_blank\"><img decoding=\"async\" src=\"http:\/\/etchegoyen.cl\/coemtal\/wp-content\/uploads\/2022\/11\/RADIO.png\" alt=\"Radio Etchegoyen Talcahuano\"><\/a>\n\t\t\t\t<\/div><div class=\"partner-item\">\n\t\t\t\t<a href=\"http:\/\/www.etchegoyen.cl\/jardingotadeleche\" target=\"_blank\"><img decoding=\"async\" src=\"http:\/\/etchegoyen.cl\/coemtal\/wp-content\/uploads\/2022\/11\/GOTA.png\" alt=\"Jard\u00edn Infantil Gota de Leche\"><\/a>\n\t\t\t\t<\/div><div class=\"partner-item\">\n\t\t\t\t<a href=\"http:\/\/www.etchegoyen.cl\/jardinbrisadelsol\" target=\"_blank\"><img decoding=\"async\" src=\"http:\/\/etchegoyen.cl\/coemtal\/wp-content\/uploads\/2022\/11\/JIBRISA.png\" alt=\"Jard\u00edn Infantil Brisa del Sol\"><\/a>\n\t\t\t\t<\/div><div class=\"partner-item\">\n\t\t\t\t<a href=\"http:\/\/www.etchegoyen.cl\/sedebrisadelsol\" target=\"_blank\"><img decoding=\"async\" src=\"http:\/\/etchegoyen.cl\/coemtal\/wp-content\/uploads\/2022\/11\/Etchegoyen-Sede-brisa-del-sol.png\" alt=\"Colegio Etchegoyen Brisa del Sol\"><\/a>\n\t\t\t\t<\/div><div class=\"partner-item\">\n\t\t\t\t<a href=\"http:\/\/www.etchegoyen.cl\/casacentral\" target=\"_blank\"><img decoding=\"async\" src=\"http:\/\/etchegoyen.cl\/coemtal\/wp-content\/uploads\/2022\/11\/Etchegoyen-casa-central.png\" alt=\"Colegio Etchegoyen Casa Central\"><\/a>\n\t\t\t\t<\/div><\/div>\n\t<\/div>[\/vc_column][\/vc_row][vc_row content_placement=&#8221;bottom&#8221; css=&#8221;.vc_custom_1534159816918{margin-bottom: 65px !important;}&#8221;][vc_column width=&#8221;7\/12&#8243;]\n        <div class=\"rs-heading style1  vc_custom_1746648990188  \">\n        \t<div class=\"title-inner\">\n\t            \n\t            <h2 >LOS ESTUDIANTES DEL SIGLO XXI SON NUESTRO COMPROMISO<\/h2>\n\t        <\/div><\/div>[vc_single_image image=&#8221;456&#8243; img_size=&#8221;medium&#8221; alignment=&#8221;center&#8221;][vc_column_text css=&#8221;.vc_custom_1746648985228{margin-bottom: 25px !important;}&#8221;]Desde su fundaci\u00f3n hace ya 112 a\u00f1os, el Colegio Etchegoyen ha experimentado m\u00faltiples transformaciones. Sin embargo, la idea matriz que dio origen a esta instituci\u00f3n ha permanecido inalterable: ofrecer un servicio educativo de calidad a los habitantes de Talcahuano y sus comunas vecinas, basado en los valores del laicismo. Este principio busca formar personas integrales que contribuyan activamente a la sociedad, sin importar el \u00e1mbito en el que se desarrollen profesional o personalmente. <strong><a href=\"http:\/\/etchegoyen.cl\/coemtal\/saludo-presidente\/\">LEER M\u00c1S<\/a><\/strong>[\/vc_column_text][vc_row_inner][vc_column_inner width=&#8221;1\/2&#8243;][vc_column_text]<\/p>\n<h4 class=\"mb-0\">Gonzalo Pino Mu\u00f1oz<\/h4>\n<p>Presidente Directorio COEMTAL[\/vc_column_text][\/vc_column_inner][vc_column_inner width=&#8221;1\/2&#8243;][vc_single_image image=&#8221;7237&#8243; img_size=&#8221;full&#8221; alignment=&#8221;right&#8221;][\/vc_column_inner][\/vc_row_inner][\/vc_column][vc_column width=&#8221;5\/12&#8243;][vc_single_image image=&#8221;282&#8243; img_size=&#8221;full&#8221; alignment=&#8221;center&#8221; el_class=&#8221;rs-image-effect-shine&#8221;][\/vc_column][\/vc_row][vc_row][vc_column width=&#8221;1\/4&#8243;][vc_wp_custommenu title=&#8221;NAVEGACI\u00d3N:&#8221; nav_menu=&#8221;4&#8243;][\/vc_column][vc_column width=&#8221;3\/4&#8243;]\n\t\t\t<div class=\"rs-latest-news style2\">\n\t\t\t\t<div class=\"row\">\n\n\t\t\t\t\t<div class=\"col-md-6\">\n\t\t\t\t    \t<div class=\"latest-news-slider\">\n\t\t\t\t    \t\t<div><div class=\"news-normal-block\">\n\t\t    \t\t                    <div class=\"news-img\">\n\t\t    \t\t                    \t<a href=\"http:\/\/etchegoyen.cl\/coemtal\/?post_type=post&p=474\">\n\t\t    \t\t                        \t<img loading=\"lazy\" decoding=\"async\" width=\"530\" height=\"248\" src=\"http:\/\/etchegoyen.cl\/coemtal\/wp-content\/uploads\/2025\/05\/WhatsApp-Image-2025-05-16-at-11.44.45-530x248.jpeg\" class=\"attachment-eshkool_latest_blog_big size-eshkool_latest_blog_big wp-post-image\" alt=\"\" \/>\n\t\t    \t\t                    \t<\/a>\n\t\t    \t\t                    <\/div>\n\t\t    \t\t                    <div class=\"news-info\">\n\t\t\t    \t\t                \t<div class=\"news-date\">\n\t\t\t    \t\t                \t\t<i class=\"fa fa-calendar-check-o\"><\/i>\n\t\t\t    \t\t                \t\t<span>mayo 16, 2025<\/span>\n\t\t\t    \t\t                \t<\/div>\n\t\t\t    \t\t                \t<h4 class=\"news-title\"><a href=\"http:\/\/etchegoyen.cl\/coemtal\/?post_type=post&p=474\">D\u00cdA DE LOS PATRIMONIOS<\/a><\/h4>\n\t\t\t    \t\t                \t<div class=\"news-desc\">\n\t\t\t    \t\t                \t\t<p>\n\t\t\t    \t\t                \t\t\t\n\t\t\t    \t\t                \t\t<\/p>\n\t\t\t    \t\t                \t<\/div>\n\t\t\t    \t\t                \t<div class=\"news-btn\">\n\t\t\t    \t\t                \t\t<a href=\"http:\/\/etchegoyen.cl\/coemtal\/?post_type=post&p=474\">Leer m\u00e1s<\/a>\n\t\t\t    \t\t                \t<\/div>\n\t\t\t    \t\t                <\/div>\n\t\t    \t\t                <\/div><\/div><div><div class=\"news-normal-block\">\n\t\t    \t\t                    <div class=\"news-img\">\n\t\t    \t\t                    \t<a href=\"http:\/\/etchegoyen.cl\/coemtal\/?post_type=post&p=434\">\n\t\t    \t\t                        \t<img loading=\"lazy\" decoding=\"async\" width=\"530\" height=\"248\" src=\"http:\/\/etchegoyen.cl\/coemtal\/wp-content\/uploads\/2024\/08\/Copia-de-Copia-de-Anuncio-para-salon-de-clases-de-comunicado-importante-fotografico-gris-y-blanco-1-530x248.png\" class=\"attachment-eshkool_latest_blog_big size-eshkool_latest_blog_big wp-post-image\" alt=\"\" \/>\n\t\t    \t\t                    \t<\/a>\n\t\t    \t\t                    <\/div>\n\t\t    \t\t                    <div class=\"news-info\">\n\t\t\t    \t\t                \t<div class=\"news-date\">\n\t\t\t    \t\t                \t\t<i class=\"fa fa-calendar-check-o\"><\/i>\n\t\t\t    \t\t                \t\t<span>agosto 1, 2024<\/span>\n\t\t\t    \t\t                \t<\/div>\n\t\t\t    \t\t                \t<h4 class=\"news-title\"><a href=\"http:\/\/etchegoyen.cl\/coemtal\/?post_type=post&p=434\">COMUNICADO VIERNES 2 DE AGOSTO<\/a><\/h4>\n\t\t\t    \t\t                \t<div class=\"news-desc\">\n\t\t\t    \t\t                \t\t<p>\n\t\t\t    \t\t                \t\t\t\n\t\t\t    \t\t                \t\t<\/p>\n\t\t\t    \t\t                \t<\/div>\n\t\t\t    \t\t                \t<div class=\"news-btn\">\n\t\t\t    \t\t                \t\t<a href=\"http:\/\/etchegoyen.cl\/coemtal\/?post_type=post&p=434\">Leer m\u00e1s<\/a>\n\t\t\t    \t\t                \t<\/div>\n\t\t\t    \t\t                <\/div>\n\t\t    \t\t                <\/div><\/div><div><div class=\"news-normal-block\">\n\t\t    \t\t                    <div class=\"news-img\">\n\t\t    \t\t                    \t<a href=\"http:\/\/etchegoyen.cl\/coemtal\/?post_type=post&p=430\">\n\t\t    \t\t                        \t<img loading=\"lazy\" decoding=\"async\" width=\"530\" height=\"248\" src=\"http:\/\/etchegoyen.cl\/coemtal\/wp-content\/uploads\/2024\/08\/c8e60ead-ad3a-48da-bff9-3219418b6557-530x248.jpeg\" class=\"attachment-eshkool_latest_blog_big size-eshkool_latest_blog_big wp-post-image\" alt=\"\" \/>\n\t\t    \t\t                    \t<\/a>\n\t\t    \t\t                    <\/div>\n\t\t    \t\t                    <div class=\"news-info\">\n\t\t\t    \t\t                \t<div class=\"news-date\">\n\t\t\t    \t\t                \t\t<i class=\"fa fa-calendar-check-o\"><\/i>\n\t\t\t    \t\t                \t\t<span>agosto 1, 2024<\/span>\n\t\t\t    \t\t                \t<\/div>\n\t\t\t    \t\t                \t<h4 class=\"news-title\"><a href=\"http:\/\/etchegoyen.cl\/coemtal\/?post_type=post&p=430\">COMUNICADO COEMTAL<\/a><\/h4>\n\t\t\t    \t\t                \t<div class=\"news-desc\">\n\t\t\t    \t\t                \t\t<p>\n\t\t\t    \t\t                \t\t\t\n\t\t\t    \t\t                \t\t<\/p>\n\t\t\t    \t\t                \t<\/div>\n\t\t\t    \t\t                \t<div class=\"news-btn\">\n\t\t\t    \t\t                \t\t<a href=\"http:\/\/etchegoyen.cl\/coemtal\/?post_type=post&p=430\">Leer m\u00e1s<\/a>\n\t\t\t    \t\t                \t<\/div>\n\t\t\t    \t\t                <\/div>\n\t\t    \t\t                <\/div><\/div>\n\t\t\t\t    \t<\/div>\t\t\t        \t\t\t\n\t\t\t\t\t<\/div>\n\n\n\t\t\t\t\t<div class=\"col-md-6\">\t\t\t        \t\t\t\n\t\t\t\t    \t<div class=\"latest-news-nav news-list-block\"><div class=\"news-list-item\"><div class=\"news-img\">\n\t\t\t                        \t<img loading=\"lazy\" decoding=\"async\" width=\"154\" height=\"116\" src=\"http:\/\/etchegoyen.cl\/coemtal\/wp-content\/uploads\/2025\/05\/WhatsApp-Image-2025-05-16-at-11.44.45-154x116.jpeg\" class=\"attachment-eshkool_latest_blog_small size-eshkool_latest_blog_small wp-post-image\" alt=\"\" srcset=\"http:\/\/etchegoyen.cl\/coemtal\/wp-content\/uploads\/2025\/05\/WhatsApp-Image-2025-05-16-at-11.44.45-154x116.jpeg 154w, http:\/\/etchegoyen.cl\/coemtal\/wp-content\/uploads\/2025\/05\/WhatsApp-Image-2025-05-16-at-11.44.45-360x270.jpeg 360w\" sizes=\"auto, (max-width: 154px) 100vw, 154px\" \/>\n\t\t\t                    <\/div><div class=\"news-content\">\n\t\t                    \t<h5 class=\"news-title\">D\u00cdA DE LOS PATRIMONIOS<\/h5>\n\t\t                    \t<div class=\"news-date\">\n\t\t                    \t\t<i class=\"fa fa-calendar-check-o\"><\/i>\n\t\t                    \t\t<span>mayo 16, 2025<\/span>\n\t\t                    \t<\/div>\n\t\t                    \t<div class=\"news-desc\">\n\t\t                    \t\t<p>\n\t\t                    \t\t\t\n\t\t                    \t\t<\/p>\n\t\t                    \t<\/div>\n\t\t\t                <\/div>\t\t\t        \t\t\t\n\t\t        \t\t<\/div><div class=\"news-list-item\"><div class=\"news-img\">\n\t\t\t                        \t<img loading=\"lazy\" decoding=\"async\" width=\"154\" height=\"116\" src=\"http:\/\/etchegoyen.cl\/coemtal\/wp-content\/uploads\/2024\/08\/Copia-de-Copia-de-Anuncio-para-salon-de-clases-de-comunicado-importante-fotografico-gris-y-blanco-1-154x116.png\" class=\"attachment-eshkool_latest_blog_small size-eshkool_latest_blog_small wp-post-image\" alt=\"\" srcset=\"http:\/\/etchegoyen.cl\/coemtal\/wp-content\/uploads\/2024\/08\/Copia-de-Copia-de-Anuncio-para-salon-de-clases-de-comunicado-importante-fotografico-gris-y-blanco-1-154x116.png 154w, http:\/\/etchegoyen.cl\/coemtal\/wp-content\/uploads\/2024\/08\/Copia-de-Copia-de-Anuncio-para-salon-de-clases-de-comunicado-importante-fotografico-gris-y-blanco-1-360x270.png 360w\" sizes=\"auto, (max-width: 154px) 100vw, 154px\" \/>\n\t\t\t                    <\/div><div class=\"news-content\">\n\t\t                    \t<h5 class=\"news-title\">COMUNICADO VIERNES 2 DE AGOSTO<\/h5>\n\t\t                    \t<div class=\"news-date\">\n\t\t                    \t\t<i class=\"fa fa-calendar-check-o\"><\/i>\n\t\t                    \t\t<span>agosto 1, 2024<\/span>\n\t\t                    \t<\/div>\n\t\t                    \t<div class=\"news-desc\">\n\t\t                    \t\t<p>\n\t\t                    \t\t\t\n\t\t                    \t\t<\/p>\n\t\t                    \t<\/div>\n\t\t\t                <\/div>\t\t\t        \t\t\t\n\t\t        \t\t<\/div><div class=\"news-list-item\"><div class=\"news-img\">\n\t\t\t                        \t<img loading=\"lazy\" decoding=\"async\" width=\"154\" height=\"116\" src=\"http:\/\/etchegoyen.cl\/coemtal\/wp-content\/uploads\/2024\/08\/c8e60ead-ad3a-48da-bff9-3219418b6557-154x116.jpeg\" class=\"attachment-eshkool_latest_blog_small size-eshkool_latest_blog_small wp-post-image\" alt=\"\" srcset=\"http:\/\/etchegoyen.cl\/coemtal\/wp-content\/uploads\/2024\/08\/c8e60ead-ad3a-48da-bff9-3219418b6557-154x116.jpeg 154w, http:\/\/etchegoyen.cl\/coemtal\/wp-content\/uploads\/2024\/08\/c8e60ead-ad3a-48da-bff9-3219418b6557-360x270.jpeg 360w\" sizes=\"auto, (max-width: 154px) 100vw, 154px\" \/>\n\t\t\t                    <\/div><div class=\"news-content\">\n\t\t                    \t<h5 class=\"news-title\">COMUNICADO COEMTAL<\/h5>\n\t\t                    \t<div class=\"news-date\">\n\t\t                    \t\t<i class=\"fa fa-calendar-check-o\"><\/i>\n\t\t                    \t\t<span>agosto 1, 2024<\/span>\n\t\t                    \t<\/div>\n\t\t                    \t<div class=\"news-desc\">\n\t\t                    \t\t<p>\n\t\t                    \t\t\t\n\t\t                    \t\t<\/p>\n\t\t                    \t<\/div>\n\t\t\t                <\/div>\t\t\t        \t\t\t\n\t\t        \t\t<\/div><\/div>\n\t\t\t\t\t<\/div>\n\n\n\t\t\t\t<\/div>\n\t\t\t<\/div>\n\n\t\t[\/vc_column][\/vc_row][vc_row full_width=&#8221;stretch_row&#8221; gap=&#8221;15&#8243; content_placement=&#8221;middle&#8221; parallax=&#8221;content-moving&#8221; parallax_speed_bg=&#8221;3.5&#8243; el_id=&#8221;rs-acheivements&#8221; el_class=&#8221;rs-acheivements rs-acheivements4 black-overlay icon-left&#8221; css=&#8221;.vc_custom_1658979180352{padding-top: 90px !important;padding-bottom: 95px !important;background-image: url(http:\/\/etchegoyen.cl\/casacentral\/wp-content\/uploads\/2022\/07\/BG2.jpg?id=6694) !important;background-position: center;background-repeat: no-repeat !important;background-size: cover !important;}&#8221;][vc_column][vc_row_inner][vc_column_inner width=&#8221;1\/4&#8243;]\n\t<div class=\"counter-top-area  \" >\n    <div class=\"rs-counter-list\">\n\t\t<div class=\"count-icon\"><i class=\"fas fa-user-graduate\"><\/i><\/div>\n        <div class=\"count-text\"><div class=\"count-number\" style=\"color: #ffffff\"><h3 class=\"rs-counter\" style=\"color: #ffffff\">1200<\/h3><\/div>         \n        <h4 style=\"color: #ffffff\">ESTUDIANTES<\/h4><\/div>\n    <\/div><\/div>[\/vc_column_inner][vc_column_inner width=&#8221;1\/4&#8243;]\n\t<div class=\"counter-top-area  \" >\n    <div class=\"rs-counter-list\">\n\t\t<div class=\"count-icon\"><i class=\"fas fa-apple-alt\"><\/i><\/div>\n        <div class=\"count-text\"><div class=\"count-number\" style=\"color: #ffffff\"><h3 class=\"rs-counter\" style=\"color: #ffffff\">36<\/h3><\/div>         \n        <h4 style=\"color: #ffffff\">CURSOS<\/h4><\/div>\n    <\/div><\/div>[\/vc_column_inner][vc_column_inner width=&#8221;1\/4&#8243;]\n\t<div class=\"counter-top-area  \" >\n    <div class=\"rs-counter-list\">\n\t\t<div class=\"count-icon\"><i class=\"fas fa-chalkboard-teacher\"><\/i><\/div>\n        <div class=\"count-text\"><div class=\"count-number\" style=\"color: #ffffff\"><h3 class=\"rs-counter\" style=\"color: #ffffff\">63<\/h3><\/div>         \n        <h4 style=\"color: #ffffff\">PROFESORES<\/h4><\/div>\n    <\/div><\/div>[\/vc_column_inner][vc_column_inner width=&#8221;1\/4&#8243;]\n\t<div class=\"counter-top-area  \" >\n    <div class=\"rs-counter-list\">\n\t\t<div class=\"count-icon\"><i class=\"fas fa-school\"><\/i><\/div>\n        <div class=\"count-text\"><div class=\"count-number\" style=\"color: #ffffff\"><h3 class=\"rs-counter\" style=\"color: #ffffff\">110<\/h3><\/div>         \n        <h4 style=\"color: #ffffff\">FUNCIONARIOS<\/h4><\/div>\n    <\/div><\/div>[\/vc_column_inner][\/vc_row_inner][\/vc_column][\/vc_row][vc_row][vc_column]<div class=\"rs-video-2  vc_custom_1668015756892 \" ><div class=\"video-content\"><h4 style=\"color:\">NUESTRA HISTORIA...<\/h4><a class=\"popup-videos pulse animated\" href=\"https:\/\/www.youtube.com\/watch?v=sMlg6NE3q4U\" title=\"NUESTRA HISTORIA...\">\n\t\t\t\t\t    <span><\/span>\n\t\t\t\t\t\t\t<i class=\"fa fa-play\"><\/i>\n\t\t\t\t\t\t<\/a>\n\n\t\t\t\t\t\t<\/div>\n\t\t\t\t\t    <div class=\"overly-border\"><\/div>\n\t\t\t\t\t<\/div>[\/vc_column][\/vc_row]<\/p>\n","protected":false},"excerpt":{"rendered":"<p>[vc_row el_id=&#8221;rs-services&#8221; css=&#8221;.vc_custom_1534248698130{margin-bottom: 90px !important;}&#8221; el_class=&#8221;rs-services-responsive&#8221;][vc_column width=&#8221;1\/4&#8243;][\/vc_column][vc_column width=&#8221;1\/4&#8243;][\/vc_column][vc_column width=&#8221;1\/4&#8243;][\/vc_column][vc_column width=&#8221;1\/4&#8243;][\/vc_column][\/vc_row][vc_row full_width=&#8221;stretch_row&#8221; css=&#8221;.vc_custom_1668015339812{padding-top: 45px !important;padding-bottom: 80px !important;}&#8221; el_id=&#8221;rs-client&#8221;][vc_column][\/vc_column][\/vc_row][vc_row content_placement=&#8221;bottom&#8221; css=&#8221;.vc_custom_1534159816918{margin-bottom: 65px !important;}&#8221;][vc_column width=&#8221;7\/12&#8243;][vc_single_image image=&#8221;456&#8243; img_size=&#8221;medium&#8221; alignment=&#8221;center&#8221;][vc_column_text css=&#8221;.vc_custom_1746648985228{margin-bottom: 25px !important;}&#8221;]Desde&#8230;<\/p>\n","protected":false},"author":1,"featured_media":0,"parent":0,"menu_order":0,"comment_status":"closed","ping_status":"closed","template":"","meta":{"footnotes":"","_links_to":"","_links_to_target":""},"class_list":["post-40","page","type-page","status-publish","hentry"],"_links":{"self":[{"href":"http:\/\/etchegoyen.cl\/coemtal\/wp-json\/wp\/v2\/pages\/40","targetHints":{"allow":["GET"]}}],"collection":[{"href":"http:\/\/etchegoyen.cl\/coemtal\/wp-json\/wp\/v2\/pages"}],"about":[{"href":"http:\/\/etchegoyen.cl\/coemtal\/wp-json\/wp\/v2\/types\/page"}],"author":[{"embeddable":true,"href":"http:\/\/etchegoyen.cl\/coemtal\/wp-json\/wp\/v2\/users\/1"}],"replies":[{"embeddable":true,"href":"http:\/\/etchegoyen.cl\/coemtal\/wp-json\/wp\/v2\/comments?post=40"}],"version-history":[{"count":35,"href":"http:\/\/etchegoyen.cl\/coemtal\/wp-json\/wp\/v2\/pages\/40\/revisions"}],"predecessor-version":[{"id":471,"href":"http:\/\/etchegoyen.cl\/coemtal\/wp-json\/wp\/v2\/pages\/40\/revisions\/471"}],"wp:attachment":[{"href":"http:\/\/etchegoyen.cl\/coemtal\/wp-json\/wp\/v2\/media?parent=40"}],"curies":[{"name":"wp","href":"https:\/\/api.w.org\/{rel}","templated":true}]}}