{"id":86,"date":"2022-11-09T16:59:42","date_gmt":"2022-11-09T16:59:42","guid":{"rendered":"http:\/\/etchegoyen.cl\/coemtal\/?page_id=86"},"modified":"2022-11-20T15:24:31","modified_gmt":"2022-11-20T15:24:31","slug":"administracion","status":"publish","type":"page","link":"http:\/\/etchegoyen.cl\/coemtal\/administracion\/","title":{"rendered":"ADMINISTRACI\u00d3N"},"content":{"rendered":"<p><img loading=\"lazy\" decoding=\"async\" class=\"aligncenter wp-image-239\" src=\"http:\/\/etchegoyen.cl\/coemtal\/wp-content\/uploads\/2022\/11\/Pagina-15-copia.jpeg\" alt=\"\" width=\"600\" height=\"509\" srcset=\"http:\/\/etchegoyen.cl\/coemtal\/wp-content\/uploads\/2022\/11\/Pagina-15-copia.jpeg 565w, http:\/\/etchegoyen.cl\/coemtal\/wp-content\/uploads\/2022\/11\/Pagina-15-copia-300x254.jpeg 300w\" sizes=\"auto, (max-width: 600px) 100vw, 600px\" \/><\/p>\n<p><img loading=\"lazy\" decoding=\"async\" class=\"aligncenter wp-image-240\" src=\"http:\/\/etchegoyen.cl\/coemtal\/wp-content\/uploads\/2022\/11\/2-300x224.jpeg\" alt=\"\" width=\"600\" height=\"447\" srcset=\"http:\/\/etchegoyen.cl\/coemtal\/wp-content\/uploads\/2022\/11\/2-300x224.jpeg 300w, http:\/\/etchegoyen.cl\/coemtal\/wp-content\/uploads\/2022\/11\/2-1024x763.jpeg 1024w, http:\/\/etchegoyen.cl\/coemtal\/wp-content\/uploads\/2022\/11\/2-768x573.jpeg 768w, http:\/\/etchegoyen.cl\/coemtal\/wp-content\/uploads\/2022\/11\/2-154x116.jpeg 154w, http:\/\/etchegoyen.cl\/coemtal\/wp-content\/uploads\/2022\/11\/2.jpeg 1536w\" sizes=\"auto, (max-width: 600px) 100vw, 600px\" \/><\/p>\n<p><img loading=\"lazy\" decoding=\"async\" class=\"aligncenter wp-image-242\" src=\"http:\/\/etchegoyen.cl\/coemtal\/wp-content\/uploads\/2022\/11\/3-300x200.jpeg\" alt=\"\" width=\"600\" height=\"399\" srcset=\"http:\/\/etchegoyen.cl\/coemtal\/wp-content\/uploads\/2022\/11\/3-300x200.jpeg 300w, http:\/\/etchegoyen.cl\/coemtal\/wp-content\/uploads\/2022\/11\/3-768x511.jpeg 768w, http:\/\/etchegoyen.cl\/coemtal\/wp-content\/uploads\/2022\/11\/3-540x360.jpeg 540w, http:\/\/etchegoyen.cl\/coemtal\/wp-content\/uploads\/2022\/11\/3.jpeg 1024w\" sizes=\"auto, (max-width: 600px) 100vw, 600px\" \/><\/p>\n<p style=\"text-align: justify;\">Sebasti\u00e1n Jans P\u00e9rez, gran maestro de la Gran Logia de Chile, manifest\u00f3 que, para la Gran Logia de Chile, esta inauguraci\u00f3n constituye un gran motivo de orgullo, por lo cual, felicit\u00f3 a los directorios de las tres logias mas\u00f3nicas que componen la ciu\u00addad. Agreg\u00f3 que este es un nuevo hito en el desarrollo del Cole\u00adgio Etchegoyen, pues ha levantado la bandera de la conciencia en la forma de educar, condici\u00f3n \u00e9tica que han llevado sus di\u00adrectivos por m\u00e1s de un siglo. As\u00ed, para la masoner\u00eda la individua\u00adlidad humana es irrepetible y cada ser humano tiene derecho al conocimiento, a desarrollar sus actitudes y talentos para ser feliz. Por lo tanto, a nombre de la Augusta Orden Mas\u00f3nica, a la cual tiene honor de representar, expres\u00f3 los mejores deseos para la comunidad educacional del Colegio Etchegoyen Brisa del Sol y el reconocimiento a la corporaci\u00f3n por su perseverancia en la historia y trayectoria que ha logrado escribir, y que ahora abre nuevos desaf\u00edos al inaugurar este hermoso establecimien\u00adto educacional.<\/p>\n<p><img loading=\"lazy\" decoding=\"async\" class=\"aligncenter wp-image-243\" src=\"http:\/\/etchegoyen.cl\/coemtal\/wp-content\/uploads\/2022\/11\/4-300x168.jpeg\" alt=\"\" width=\"600\" height=\"337\" srcset=\"http:\/\/etchegoyen.cl\/coemtal\/wp-content\/uploads\/2022\/11\/4-300x168.jpeg 300w, http:\/\/etchegoyen.cl\/coemtal\/wp-content\/uploads\/2022\/11\/4-768x431.jpeg 768w, http:\/\/etchegoyen.cl\/coemtal\/wp-content\/uploads\/2022\/11\/4.jpeg 1024w\" sizes=\"auto, (max-width: 600px) 100vw, 600px\" \/><\/p>\n<p style=\"text-align: justify;\">Hugo Stevens Stuardo, presidente de la Corporaci\u00f3n Educacional Mas\u00f3nica de Talcahuano, agradeci\u00f3 a los padres y apoderados por confiar en ellos, raz\u00f3n por la cual, han creado un eslogan que representa su misi\u00f3n: \u201cFormando a la Persona Humanista Laica\u201d, con lo cual traducen a los que los conocen y a los que los conocer\u00e1n en el futuro, que en la instituci\u00f3n educacional ense\u00ad\u00f1an a sus alumnos a que aprendan a pensar bien, a buscar la verdad, a practicar la libertad, la igualdad, la fraternidad, la jus\u00adticia y la solidaridad para servir al pr\u00f3jimo. Adem\u00e1s, reconoci\u00f3 que, si bien el mundo de hoy es competitivo, no se desea crear la competencia, sino que se desea generar una convivencia pac\u00edfi\u00adca y constructiva para liderar el futuro ense\u00f1\u00e1ndoles a pensar, a crear, a usar la inteligencia y a practicar los valores que sustenta el Colegio Etchegoyen.<\/p>\n<p><img loading=\"lazy\" decoding=\"async\" class=\"aligncenter wp-image-244\" src=\"http:\/\/etchegoyen.cl\/coemtal\/wp-content\/uploads\/2022\/11\/5-300x198.jpeg\" alt=\"\" width=\"600\" height=\"397\" srcset=\"http:\/\/etchegoyen.cl\/coemtal\/wp-content\/uploads\/2022\/11\/5-300x198.jpeg 300w, http:\/\/etchegoyen.cl\/coemtal\/wp-content\/uploads\/2022\/11\/5-768x508.jpeg 768w, http:\/\/etchegoyen.cl\/coemtal\/wp-content\/uploads\/2022\/11\/5.jpeg 1024w\" sizes=\"auto, (max-width: 600px) 100vw, 600px\" \/><\/p>\n<p style=\"text-align: justify;\">Henry Campos Coa, alcalde de Talcahuano, expres\u00f3 que educar significa entregar conocimientos, lo cual no solo permite formar estudiantes, sino que tambi\u00e9n cultivar el esp\u00edritu y, como conse\u00adcuencia, la educaci\u00f3n que se entrega debe orientarse a generar un mayor bienestar material y espiritual en todas las personas. As\u00ed, esta vocaci\u00f3n de educar de la COEMTAL, hace extender los brazos hacia el desarrollo de la comunidad, lugar donde radica la gran importancia del acto que se acaba de celebrar, ampliando, as\u00ed, la posibilidad que miles de personas puedan tener una edu\u00adcaci\u00f3n de calidad como la que entregan hoy en d\u00eda los Colegios Etchegoyen.<\/p>\n<p><img loading=\"lazy\" decoding=\"async\" class=\"aligncenter wp-image-245\" src=\"http:\/\/etchegoyen.cl\/coemtal\/wp-content\/uploads\/2022\/11\/6-300x200.jpeg\" alt=\"\" width=\"600\" height=\"400\" srcset=\"http:\/\/etchegoyen.cl\/coemtal\/wp-content\/uploads\/2022\/11\/6-300x200.jpeg 300w, http:\/\/etchegoyen.cl\/coemtal\/wp-content\/uploads\/2022\/11\/6-768x512.jpeg 768w, http:\/\/etchegoyen.cl\/coemtal\/wp-content\/uploads\/2022\/11\/6-540x360.jpeg 540w, http:\/\/etchegoyen.cl\/coemtal\/wp-content\/uploads\/2022\/11\/6.jpeg 1024w\" sizes=\"auto, (max-width: 600px) 100vw, 600px\" \/><\/p>\n<p style=\"text-align: justify;\">Felipe Vogel Vogel, secretario ministerial de Educaci\u00f3n del Bio\u00adb\u00edo, declar\u00f3 que fue un motivo de gran alegr\u00eda poder dar el inicio al proyecto que va a beneficiar, en una primera etapa, a 932 es\u00adtudiantes y con una proyecci\u00f3n de m\u00e1s de 1.200 alumnos. Tam\u00adbi\u00e9n destac\u00f3 que el proyecto se ha desarrollado pese a todas las problem\u00e1ticas surgidas en el contexto de pandemia, por lo cual reconoce a todos quienes estuvieron trabajando en este signifi\u00adcativo desaf\u00edo. Adem\u00e1s, agradeci\u00f3 a las Corporaciones Mas\u00f3ni\u00adcas, pues han sido grandes aliadas, tanto a nivel nacional como regional en la educaci\u00f3n de nuestro pa\u00eds. Finalmente, agreg\u00f3 que, con la inauguraci\u00f3n de este nuevo colegio, comienza una historia que, no cabe dudas, estar\u00e1 llena de \u00e9xito, realzando, a la vez, a Talcahuano.<\/p>\n<p><img loading=\"lazy\" decoding=\"async\" class=\"aligncenter wp-image-246\" src=\"http:\/\/etchegoyen.cl\/coemtal\/wp-content\/uploads\/2022\/11\/7-300x157.jpeg\" alt=\"\" width=\"600\" height=\"315\" srcset=\"http:\/\/etchegoyen.cl\/coemtal\/wp-content\/uploads\/2022\/11\/7-300x157.jpeg 300w, http:\/\/etchegoyen.cl\/coemtal\/wp-content\/uploads\/2022\/11\/7-768x403.jpeg 768w, http:\/\/etchegoyen.cl\/coemtal\/wp-content\/uploads\/2022\/11\/7.jpeg 1024w\" sizes=\"auto, (max-width: 600px) 100vw, 600px\" \/><\/p>\n<p><img loading=\"lazy\" decoding=\"async\" class=\"aligncenter wp-image-247\" src=\"http:\/\/etchegoyen.cl\/coemtal\/wp-content\/uploads\/2022\/11\/8-300x194.jpeg\" alt=\"\" width=\"600\" height=\"387\" srcset=\"http:\/\/etchegoyen.cl\/coemtal\/wp-content\/uploads\/2022\/11\/8-300x194.jpeg 300w, http:\/\/etchegoyen.cl\/coemtal\/wp-content\/uploads\/2022\/11\/8-768x496.jpeg 768w, http:\/\/etchegoyen.cl\/coemtal\/wp-content\/uploads\/2022\/11\/8.jpeg 1024w\" sizes=\"auto, (max-width: 600px) 100vw, 600px\" \/><\/p>\n","protected":false},"excerpt":{"rendered":"<p>Sebasti\u00e1n Jans P\u00e9rez, gran maestro de la Gran Logia de Chile, manifest\u00f3 que, para la Gran Logia de Chile, esta inauguraci\u00f3n constituye un gran motivo de orgullo, por&#8230;<\/p>\n","protected":false},"author":1,"featured_media":0,"parent":0,"menu_order":0,"comment_status":"closed","ping_status":"closed","template":"","meta":{"footnotes":"","_links_to":"","_links_to_target":""},"class_list":["post-86","page","type-page","status-publish","hentry"],"_links":{"self":[{"href":"http:\/\/etchegoyen.cl\/coemtal\/wp-json\/wp\/v2\/pages\/86","targetHints":{"allow":["GET"]}}],"collection":[{"href":"http:\/\/etchegoyen.cl\/coemtal\/wp-json\/wp\/v2\/pages"}],"about":[{"href":"http:\/\/etchegoyen.cl\/coemtal\/wp-json\/wp\/v2\/types\/page"}],"author":[{"embeddable":true,"href":"http:\/\/etchegoyen.cl\/coemtal\/wp-json\/wp\/v2\/users\/1"}],"replies":[{"embeddable":true,"href":"http:\/\/etchegoyen.cl\/coemtal\/wp-json\/wp\/v2\/comments?post=86"}],"version-history":[{"count":2,"href":"http:\/\/etchegoyen.cl\/coemtal\/wp-json\/wp\/v2\/pages\/86\/revisions"}],"predecessor-version":[{"id":248,"href":"http:\/\/etchegoyen.cl\/coemtal\/wp-json\/wp\/v2\/pages\/86\/revisions\/248"}],"wp:attachment":[{"href":"http:\/\/etchegoyen.cl\/coemtal\/wp-json\/wp\/v2\/media?parent=86"}],"curies":[{"name":"wp","href":"https:\/\/api.w.org\/{rel}","templated":true}]}}