{"id":90,"date":"2022-11-09T17:00:35","date_gmt":"2022-11-09T17:00:35","guid":{"rendered":"http:\/\/etchegoyen.cl\/coemtal\/?page_id=90"},"modified":"2022-11-20T22:48:53","modified_gmt":"2022-11-20T22:48:53","slug":"noticias","status":"publish","type":"page","link":"http:\/\/etchegoyen.cl\/coemtal\/noticias\/","title":{"rendered":"NOTICIAS"},"content":{"rendered":"<p>[vc_row][vc_column]<div class=\"rs-blog-grid rs-blog \">\n\t\t\t\t\t<div class=\"row\"><div class=\"col-md-6 col-sm-12 col-xs-12\">\n\t\t\t\t\t\t\t<div class=\"blog-item\">\n\t\t\t\t\t\t\t<div class=\"blog-img\"> \n\t\t\t\t\t\t\t\t<a href=\"http:\/\/etchegoyen.cl\/coemtal\/?post_type=post&p=474\">\n\t\t\t\t\t\t\t\t\t<img decoding=\"async\" src=\"http:\/\/etchegoyen.cl\/coemtal\/wp-content\/uploads\/2025\/05\/WhatsApp-Image-2025-05-16-at-11.44.45.jpeg\" alt=\"D\u00cdA DE LOS PATRIMONIOS\" \/>\n\t\t\t\t\t\t\t\t<\/a>\n\t\t\t\t\t\t\t\t<a href=\"http:\/\/etchegoyen.cl\/coemtal\/?post_type=post&p=474\" class=\"blog-link\"><i class=\"fa fa-link\"><\/i><\/a>\n\t\t\t\t\t\t\t<\/div>\n\t\t\t\t\t\t\t<div class=\"full-blog-content\"> \n\t\t\t\t\t\t\t<div class=\"blog-meta\"><h3 class=\"blog-title\">\n\t\t\t\t\t\t\t\t\t<a href=\"http:\/\/etchegoyen.cl\/coemtal\/?post_type=post&p=474\"> D\u00cdA DE LOS PATRIMONIOS <\/a>\n\t\t\t\t\t\t\t\t<\/h3><\/div>\t\t\t\t\t\t\n\t\t\t\t\t\t\t\t<div class=\"blog-desc\">\n\t\t\t\t\t\t\t\t\t\n\t\t\t\t\t\t\t\t<\/div><div class=\"blog-button\"><a href=\"http:\/\/etchegoyen.cl\/coemtal\/?post_type=post&p=474\">Leer m\u00e1s<\/a><\/div><\/div>\n\t\t\t\t\t\t\t<\/div>\n\n\n\t\t\t\t\t<\/div><div class=\"col-md-6 col-sm-12 col-xs-12\">\n\t\t\t\t\t\t\t<div class=\"blog-item\">\n\t\t\t\t\t\t\t<div class=\"blog-img\"> \n\t\t\t\t\t\t\t\t<a href=\"http:\/\/etchegoyen.cl\/coemtal\/?post_type=post&p=434\">\n\t\t\t\t\t\t\t\t\t<img decoding=\"async\" src=\"http:\/\/etchegoyen.cl\/coemtal\/wp-content\/uploads\/2024\/08\/Copia-de-Copia-de-Anuncio-para-salon-de-clases-de-comunicado-importante-fotografico-gris-y-blanco-1.png\" alt=\"COMUNICADO VIERNES 2 DE AGOSTO\" \/>\n\t\t\t\t\t\t\t\t<\/a>\n\t\t\t\t\t\t\t\t<a href=\"http:\/\/etchegoyen.cl\/coemtal\/?post_type=post&p=434\" class=\"blog-link\"><i class=\"fa fa-link\"><\/i><\/a>\n\t\t\t\t\t\t\t<\/div>\n\t\t\t\t\t\t\t<div class=\"full-blog-content\"> \n\t\t\t\t\t\t\t<div class=\"blog-meta\"><h3 class=\"blog-title\">\n\t\t\t\t\t\t\t\t\t<a href=\"http:\/\/etchegoyen.cl\/coemtal\/?post_type=post&p=434\"> COMUNICADO VIERNES 2 DE AGOSTO <\/a>\n\t\t\t\t\t\t\t\t<\/h3><\/div>\t\t\t\t\t\t\n\t\t\t\t\t\t\t\t<div class=\"blog-desc\">\n\t\t\t\t\t\t\t\t\t\n\t\t\t\t\t\t\t\t<\/div><div class=\"blog-button\"><a href=\"http:\/\/etchegoyen.cl\/coemtal\/?post_type=post&p=434\">Leer m\u00e1s<\/a><\/div><\/div>\n\t\t\t\t\t\t\t<\/div>\n\n\n\t\t\t\t\t<\/div><div class=\"col-md-6 col-sm-12 col-xs-12\">\n\t\t\t\t\t\t\t<div class=\"blog-item\">\n\t\t\t\t\t\t\t<div class=\"blog-img\"> \n\t\t\t\t\t\t\t\t<a href=\"http:\/\/etchegoyen.cl\/coemtal\/?post_type=post&p=430\">\n\t\t\t\t\t\t\t\t\t<img decoding=\"async\" src=\"http:\/\/etchegoyen.cl\/coemtal\/wp-content\/uploads\/2024\/08\/c8e60ead-ad3a-48da-bff9-3219418b6557.jpeg\" alt=\"COMUNICADO COEMTAL\" \/>\n\t\t\t\t\t\t\t\t<\/a>\n\t\t\t\t\t\t\t\t<a href=\"http:\/\/etchegoyen.cl\/coemtal\/?post_type=post&p=430\" class=\"blog-link\"><i class=\"fa fa-link\"><\/i><\/a>\n\t\t\t\t\t\t\t<\/div>\n\t\t\t\t\t\t\t<div class=\"full-blog-content\"> \n\t\t\t\t\t\t\t<div class=\"blog-meta\"><h3 class=\"blog-title\">\n\t\t\t\t\t\t\t\t\t<a href=\"http:\/\/etchegoyen.cl\/coemtal\/?post_type=post&p=430\"> COMUNICADO COEMTAL <\/a>\n\t\t\t\t\t\t\t\t<\/h3><\/div>\t\t\t\t\t\t\n\t\t\t\t\t\t\t\t<div class=\"blog-desc\">\n\t\t\t\t\t\t\t\t\t\n\t\t\t\t\t\t\t\t<\/div><div class=\"blog-button\"><a href=\"http:\/\/etchegoyen.cl\/coemtal\/?post_type=post&p=430\">Leer m\u00e1s<\/a><\/div><\/div>\n\t\t\t\t\t\t\t<\/div>\n\n\n\t\t\t\t\t<\/div><div class=\"col-md-6 col-sm-12 col-xs-12\">\n\t\t\t\t\t\t\t<div class=\"blog-item\">\n\t\t\t\t\t\t\t<div class=\"blog-img\"> \n\t\t\t\t\t\t\t\t<a href=\"http:\/\/etchegoyen.cl\/coemtal\/?post_type=post&p=426\">\n\t\t\t\t\t\t\t\t\t<img decoding=\"async\" src=\"http:\/\/etchegoyen.cl\/coemtal\/wp-content\/uploads\/2024\/06\/WhatsApp-Image-2024-06-11-at-21.08.37.jpeg\" alt=\"COMUNICADO MINEDUC\" \/>\n\t\t\t\t\t\t\t\t<\/a>\n\t\t\t\t\t\t\t\t<a href=\"http:\/\/etchegoyen.cl\/coemtal\/?post_type=post&p=426\" class=\"blog-link\"><i class=\"fa fa-link\"><\/i><\/a>\n\t\t\t\t\t\t\t<\/div>\n\t\t\t\t\t\t\t<div class=\"full-blog-content\"> \n\t\t\t\t\t\t\t<div class=\"blog-meta\"><h3 class=\"blog-title\">\n\t\t\t\t\t\t\t\t\t<a href=\"http:\/\/etchegoyen.cl\/coemtal\/?post_type=post&p=426\"> COMUNICADO MINEDUC <\/a>\n\t\t\t\t\t\t\t\t<\/h3><\/div>\t\t\t\t\t\t\n\t\t\t\t\t\t\t\t<div class=\"blog-desc\">\n\t\t\t\t\t\t\t\t\t\n\t\t\t\t\t\t\t\t<\/div><div class=\"blog-button\"><a href=\"http:\/\/etchegoyen.cl\/coemtal\/?post_type=post&p=426\">Leer m\u00e1s<\/a><\/div><\/div>\n\t\t\t\t\t\t\t<\/div>\n\n\n\t\t\t\t\t<\/div><div class=\"col-md-6 col-sm-12 col-xs-12\">\n\t\t\t\t\t\t\t<div class=\"blog-item\">\n\t\t\t\t\t\t\t<div class=\"blog-img\"> \n\t\t\t\t\t\t\t\t<a href=\"http:\/\/etchegoyen.cl\/coemtal\/?post_type=post&p=422\">\n\t\t\t\t\t\t\t\t\t<img decoding=\"async\" src=\"http:\/\/etchegoyen.cl\/coemtal\/wp-content\/uploads\/2024\/06\/WhatsApp-Image-2024-06-11-at-13.58.50-1.jpeg\" alt=\"COMUNICADO 12 DE JUNIO\" \/>\n\t\t\t\t\t\t\t\t<\/a>\n\t\t\t\t\t\t\t\t<a href=\"http:\/\/etchegoyen.cl\/coemtal\/?post_type=post&p=422\" class=\"blog-link\"><i class=\"fa fa-link\"><\/i><\/a>\n\t\t\t\t\t\t\t<\/div>\n\t\t\t\t\t\t\t<div class=\"full-blog-content\"> \n\t\t\t\t\t\t\t<div class=\"blog-meta\"><h3 class=\"blog-title\">\n\t\t\t\t\t\t\t\t\t<a href=\"http:\/\/etchegoyen.cl\/coemtal\/?post_type=post&p=422\"> COMUNICADO 12 DE JUNIO <\/a>\n\t\t\t\t\t\t\t\t<\/h3><\/div>\t\t\t\t\t\t\n\t\t\t\t\t\t\t\t<div class=\"blog-desc\">\n\t\t\t\t\t\t\t\t\t\n\t\t\t\t\t\t\t\t<\/div><div class=\"blog-button\"><a href=\"http:\/\/etchegoyen.cl\/coemtal\/?post_type=post&p=422\">Leer m\u00e1s<\/a><\/div><\/div>\n\t\t\t\t\t\t\t<\/div>\n\n\n\t\t\t\t\t<\/div><div class=\"col-md-6 col-sm-12 col-xs-12\">\n\t\t\t\t\t\t\t<div class=\"blog-item\">\n\t\t\t\t\t\t\t<div class=\"blog-img\"> \n\t\t\t\t\t\t\t\t<a href=\"http:\/\/etchegoyen.cl\/coemtal\/?post_type=post&p=419\">\n\t\t\t\t\t\t\t\t\t<img decoding=\"async\" src=\"http:\/\/etchegoyen.cl\/coemtal\/wp-content\/uploads\/2024\/06\/WhatsApp-Image-2024-06-10-at-23.11.15.jpeg\" alt=\"COMUNICADO 11 DE JUNIO\" \/>\n\t\t\t\t\t\t\t\t<\/a>\n\t\t\t\t\t\t\t\t<a href=\"http:\/\/etchegoyen.cl\/coemtal\/?post_type=post&p=419\" class=\"blog-link\"><i class=\"fa fa-link\"><\/i><\/a>\n\t\t\t\t\t\t\t<\/div>\n\t\t\t\t\t\t\t<div class=\"full-blog-content\"> \n\t\t\t\t\t\t\t<div class=\"blog-meta\"><h3 class=\"blog-title\">\n\t\t\t\t\t\t\t\t\t<a href=\"http:\/\/etchegoyen.cl\/coemtal\/?post_type=post&p=419\"> COMUNICADO 11 DE JUNIO <\/a>\n\t\t\t\t\t\t\t\t<\/h3><\/div>\t\t\t\t\t\t\n\t\t\t\t\t\t\t\t<div class=\"blog-desc\">\n\t\t\t\t\t\t\t\t\t\n\t\t\t\t\t\t\t\t<\/div><div class=\"blog-button\"><a href=\"http:\/\/etchegoyen.cl\/coemtal\/?post_type=post&p=419\">Leer m\u00e1s<\/a><\/div><\/div>\n\t\t\t\t\t\t\t<\/div>\n\n\n\t\t\t\t\t<\/div><div class=\"col-md-6 col-sm-12 col-xs-12\">\n\t\t\t\t\t\t\t<div class=\"blog-item\">\n\t\t\t\t\t\t\t<div class=\"blog-img\"> \n\t\t\t\t\t\t\t\t<a href=\"http:\/\/etchegoyen.cl\/coemtal\/?post_type=post&p=416\">\n\t\t\t\t\t\t\t\t\t<img decoding=\"async\" src=\"http:\/\/etchegoyen.cl\/coemtal\/wp-content\/uploads\/2024\/06\/WhatsApp-Image-2024-06-05-at-19.36.13.jpeg\" alt=\"COMUNICADO\" \/>\n\t\t\t\t\t\t\t\t<\/a>\n\t\t\t\t\t\t\t\t<a href=\"http:\/\/etchegoyen.cl\/coemtal\/?post_type=post&p=416\" class=\"blog-link\"><i class=\"fa fa-link\"><\/i><\/a>\n\t\t\t\t\t\t\t<\/div>\n\t\t\t\t\t\t\t<div class=\"full-blog-content\"> \n\t\t\t\t\t\t\t<div class=\"blog-meta\"><h3 class=\"blog-title\">\n\t\t\t\t\t\t\t\t\t<a href=\"http:\/\/etchegoyen.cl\/coemtal\/?post_type=post&p=416\"> COMUNICADO <\/a>\n\t\t\t\t\t\t\t\t<\/h3><\/div>\t\t\t\t\t\t\n\t\t\t\t\t\t\t\t<div class=\"blog-desc\">\n\t\t\t\t\t\t\t\t\t\n\t\t\t\t\t\t\t\t<\/div><div class=\"blog-button\"><a href=\"http:\/\/etchegoyen.cl\/coemtal\/?post_type=post&p=416\">Leer m\u00e1s<\/a><\/div><\/div>\n\t\t\t\t\t\t\t<\/div>\n\n\n\t\t\t\t\t<\/div><div class=\"col-md-6 col-sm-12 col-xs-12\">\n\t\t\t\t\t\t\t<div class=\"blog-item\">\n\t\t\t\t\t\t\t<div class=\"blog-img\"> \n\t\t\t\t\t\t\t\t<a href=\"http:\/\/etchegoyen.cl\/coemtal\/?post_type=post&p=413\">\n\t\t\t\t\t\t\t\t\t<img decoding=\"async\" src=\"http:\/\/etchegoyen.cl\/coemtal\/wp-content\/uploads\/2024\/06\/ANUNCIO-FINAL.png\" alt=\"COMUNICADO COEMTAL\" \/>\n\t\t\t\t\t\t\t\t<\/a>\n\t\t\t\t\t\t\t\t<a href=\"http:\/\/etchegoyen.cl\/coemtal\/?post_type=post&p=413\" class=\"blog-link\"><i class=\"fa fa-link\"><\/i><\/a>\n\t\t\t\t\t\t\t<\/div>\n\t\t\t\t\t\t\t<div class=\"full-blog-content\"> \n\t\t\t\t\t\t\t<div class=\"blog-meta\"><h3 class=\"blog-title\">\n\t\t\t\t\t\t\t\t\t<a href=\"http:\/\/etchegoyen.cl\/coemtal\/?post_type=post&p=413\"> COMUNICADO COEMTAL <\/a>\n\t\t\t\t\t\t\t\t<\/h3><\/div>\t\t\t\t\t\t\n\t\t\t\t\t\t\t\t<div class=\"blog-desc\">\n\t\t\t\t\t\t\t\t\t\n\t\t\t\t\t\t\t\t<\/div><div class=\"blog-button\"><a href=\"http:\/\/etchegoyen.cl\/coemtal\/?post_type=post&p=413\">Leer m\u00e1s<\/a><\/div><\/div>\n\t\t\t\t\t\t\t<\/div>\n\n\n\t\t\t\t\t<\/div><div class=\"col-md-6 col-sm-12 col-xs-12\">\n\t\t\t\t\t\t\t<div class=\"blog-item\">\n\t\t\t\t\t\t\t<div class=\"blog-img\"> \n\t\t\t\t\t\t\t\t<a href=\"http:\/\/etchegoyen.cl\/coemtal\/?post_type=post&p=404\">\n\t\t\t\t\t\t\t\t\t<img decoding=\"async\" src=\"\" alt=\"CONVENIO DE COLABORACI\u00d3N ENTRE COEMTAL Y UNAB\" \/>\n\t\t\t\t\t\t\t\t<\/a>\n\t\t\t\t\t\t\t\t<a href=\"http:\/\/etchegoyen.cl\/coemtal\/?post_type=post&p=404\" class=\"blog-link\"><i class=\"fa fa-link\"><\/i><\/a>\n\t\t\t\t\t\t\t<\/div>\n\t\t\t\t\t\t\t<div class=\"full-blog-content\"> \n\t\t\t\t\t\t\t<div class=\"blog-meta\"><h3 class=\"blog-title\">\n\t\t\t\t\t\t\t\t\t<a href=\"http:\/\/etchegoyen.cl\/coemtal\/?post_type=post&p=404\"> CONVENIO DE COLABORACI\u00d3N ENTRE COEMTAL Y UNAB <\/a>\n\t\t\t\t\t\t\t\t<\/h3><\/div>\t\t\t\t\t\t\n\t\t\t\t\t\t\t\t<div class=\"blog-desc\">\n\t\t\t\t\t\t\t\t\t[vc_row][vc_column][vc_column_text] El d\u00eda jueves 4 de abril de 2024 se realiz\u00f3 una ceremonia y firma de convenio para establecer lazos de colaboraci\u00f3n mutua entre las instituciones educativas. La...\n\t\t\t\t\t\t\t\t<\/div><div class=\"blog-button\"><a href=\"http:\/\/etchegoyen.cl\/coemtal\/?post_type=post&p=404\">Leer m\u00e1s<\/a><\/div><\/div>\n\t\t\t\t\t\t\t<\/div>\n\n\n\t\t\t\t\t<\/div><div class=\"col-md-6 col-sm-12 col-xs-12\">\n\t\t\t\t\t\t\t<div class=\"blog-item\">\n\t\t\t\t\t\t\t<div class=\"blog-img\"> \n\t\t\t\t\t\t\t\t<a href=\"http:\/\/etchegoyen.cl\/coemtal\/?post_type=post&p=386\">\n\t\t\t\t\t\t\t\t\t<img decoding=\"async\" src=\"\" alt=\"GIRA \u201cCONCIERTOS POR LA FRATERNIDAD\u201d\" \/>\n\t\t\t\t\t\t\t\t<\/a>\n\t\t\t\t\t\t\t\t<a href=\"http:\/\/etchegoyen.cl\/coemtal\/?post_type=post&p=386\" class=\"blog-link\"><i class=\"fa fa-link\"><\/i><\/a>\n\t\t\t\t\t\t\t<\/div>\n\t\t\t\t\t\t\t<div class=\"full-blog-content\"> \n\t\t\t\t\t\t\t<div class=\"blog-meta\"><h3 class=\"blog-title\">\n\t\t\t\t\t\t\t\t\t<a href=\"http:\/\/etchegoyen.cl\/coemtal\/?post_type=post&p=386\"> GIRA \u201cCONCIERTOS POR LA FRATERNIDAD\u201d <\/a>\n\t\t\t\t\t\t\t\t<\/h3><\/div>\t\t\t\t\t\t\n\t\t\t\t\t\t\t\t<div class=\"blog-desc\">\n\t\t\t\t\t\t\t\t\t[vc_row][vc_column][vc_column_text] En nuestro Colegio Etchegoyen Sede Brisa del Sol de Talcahuano, se realiz\u00f3 el concierto en guitarra cl\u00e1sica de los Maestros Roberto Hurtado Guzm\u00e1n y Aldo Bont\u00e1 Pinuer,...\n\t\t\t\t\t\t\t\t<\/div><div class=\"blog-button\"><a href=\"http:\/\/etchegoyen.cl\/coemtal\/?post_type=post&p=386\">Leer m\u00e1s<\/a><\/div><\/div>\n\t\t\t\t\t\t\t<\/div>\n\n\n\t\t\t\t\t<\/div><\/div>\n\t\t\t<\/div>[\/vc_column][\/vc_row]<\/p>\n","protected":false},"excerpt":{"rendered":"<p>[vc_row][vc_column][\/vc_column]&#8230;<\/p>\n","protected":false},"author":1,"featured_media":0,"parent":0,"menu_order":0,"comment_status":"closed","ping_status":"closed","template":"","meta":{"footnotes":"","_links_to":"","_links_to_target":""},"class_list":["post-90","page","type-page","status-publish","hentry"],"_links":{"self":[{"href":"http:\/\/etchegoyen.cl\/coemtal\/wp-json\/wp\/v2\/pages\/90","targetHints":{"allow":["GET"]}}],"collection":[{"href":"http:\/\/etchegoyen.cl\/coemtal\/wp-json\/wp\/v2\/pages"}],"about":[{"href":"http:\/\/etchegoyen.cl\/coemtal\/wp-json\/wp\/v2\/types\/page"}],"author":[{"embeddable":true,"href":"http:\/\/etchegoyen.cl\/coemtal\/wp-json\/wp\/v2\/users\/1"}],"replies":[{"embeddable":true,"href":"http:\/\/etchegoyen.cl\/coemtal\/wp-json\/wp\/v2\/comments?post=90"}],"version-history":[{"count":6,"href":"http:\/\/etchegoyen.cl\/coemtal\/wp-json\/wp\/v2\/pages\/90\/revisions"}],"predecessor-version":[{"id":264,"href":"http:\/\/etchegoyen.cl\/coemtal\/wp-json\/wp\/v2\/pages\/90\/revisions\/264"}],"wp:attachment":[{"href":"http:\/\/etchegoyen.cl\/coemtal\/wp-json\/wp\/v2\/media?parent=90"}],"curies":[{"name":"wp","href":"https:\/\/api.w.org\/{rel}","templated":true}]}}