{"id":6464,"date":"2022-12-18T21:29:34","date_gmt":"2022-12-18T21:29:34","guid":{"rendered":"http:\/\/etchegoyen.cl\/jardinbrisadelsol\/?page_id=6464"},"modified":"2022-12-22T01:26:16","modified_gmt":"2022-12-22T01:26:16","slug":"mision-y-vision","status":"publish","type":"page","link":"http:\/\/etchegoyen.cl\/jardinbrisadelsol\/jardin\/mision-y-vision\/","title":{"rendered":"Misi\u00f3n y Visi\u00f3n"},"content":{"rendered":"<section class=\"wpb-content-wrapper\"><p>[vc_row][vc_column][vc_custom_heading text=&#8221;MISI\u00d3N:&#8221; font_container=&#8221;tag:h2|text_align:left|color:%231e73be&#8221;][vc_column_text]<\/p>\n<p style=\"text-align: justify;\">Nuestra misi\u00f3n est\u00e1 enfocada a brindar educaci\u00f3n gratuita, inclusiva, integral y de calidad a p\u00e1rvulos y lactantes desde los 84 d\u00edas hasta los 4 a\u00f1os, facilitando y potenciando el rol activo y protag\u00f3nico del ni\u00f1o y la ni\u00f1a, para el desarrollo de diferentes habilidades y valores que fomenten su confianza y creatividad, para contribuir de manera eficiente a la formaci\u00f3n de creadores aut\u00f3nomos y constructores de su propio aprendizaje, con su entorno, familia y comunidad.<\/p>\n<p>[\/vc_column_text][vc_custom_heading text=&#8221;VISI\u00d3N&#8221; font_container=&#8221;tag:h2|text_align:left|color:%231e73be&#8221;][vc_column_text]<\/p>\n<p style=\"text-align: justify;\">Anhelamos contribuir en la educaci\u00f3n y formaci\u00f3n de sujetos \u00edntegros de derechos, tolerantes, fraternos, solidarios, participantes activos y respetuosos de nuestra sociedad, que sean capaces de reconocer sus propias potencialidades y las de sus pares, con una alta conciencia ecol\u00f3gica y respeto por el medio ambiente.<\/p>\n<p>[\/vc_column_text][vc_column_text]<\/p>\n<p style=\"text-align: center;\"><strong><em>\u201cEducando con responsabilidad , formando con amor, haremos un mundo mejor.\u201d<\/em><\/strong><\/p>\n<p>[\/vc_column_text][\/vc_column][\/vc_row]<\/p>\n<\/section>","protected":false},"excerpt":{"rendered":"<p>[vc_row][vc_column][vc_custom_heading text=&#8221;MISI\u00d3N:&#8221; font_container=&#8221;tag:h2|text_align:left|color:%231e73be&#8221;][vc_column_text] Nuestra misi\u00f3n est\u00e1 enfocada a brindar educaci\u00f3n gratuita, inclusiva, integral y de calidad a p\u00e1rvulos y lactantes desde los 84 d\u00edas hasta los 4 a\u00f1os,&#8230;<\/p>\n","protected":false},"author":1,"featured_media":0,"parent":6460,"menu_order":0,"comment_status":"closed","ping_status":"closed","template":"","meta":{"footnotes":"","_links_to":"","_links_to_target":""},"class_list":["post-6464","page","type-page","status-publish","hentry"],"_links":{"self":[{"href":"http:\/\/etchegoyen.cl\/jardinbrisadelsol\/wp-json\/wp\/v2\/pages\/6464","targetHints":{"allow":["GET"]}}],"collection":[{"href":"http:\/\/etchegoyen.cl\/jardinbrisadelsol\/wp-json\/wp\/v2\/pages"}],"about":[{"href":"http:\/\/etchegoyen.cl\/jardinbrisadelsol\/wp-json\/wp\/v2\/types\/page"}],"author":[{"embeddable":true,"href":"http:\/\/etchegoyen.cl\/jardinbrisadelsol\/wp-json\/wp\/v2\/users\/1"}],"replies":[{"embeddable":true,"href":"http:\/\/etchegoyen.cl\/jardinbrisadelsol\/wp-json\/wp\/v2\/comments?post=6464"}],"version-history":[{"count":3,"href":"http:\/\/etchegoyen.cl\/jardinbrisadelsol\/wp-json\/wp\/v2\/pages\/6464\/revisions"}],"predecessor-version":[{"id":6664,"href":"http:\/\/etchegoyen.cl\/jardinbrisadelsol\/wp-json\/wp\/v2\/pages\/6464\/revisions\/6664"}],"up":[{"embeddable":true,"href":"http:\/\/etchegoyen.cl\/jardinbrisadelsol\/wp-json\/wp\/v2\/pages\/6460"}],"wp:attachment":[{"href":"http:\/\/etchegoyen.cl\/jardinbrisadelsol\/wp-json\/wp\/v2\/media?parent=6464"}],"curies":[{"name":"wp","href":"https:\/\/api.w.org\/{rel}","templated":true}]}}