{"id":6466,"date":"2022-12-18T21:29:55","date_gmt":"2022-12-18T21:29:55","guid":{"rendered":"http:\/\/etchegoyen.cl\/jardinbrisadelsol\/?page_id=6466"},"modified":"2025-05-29T13:11:56","modified_gmt":"2025-05-29T13:11:56","slug":"proyecto-educativo","status":"publish","type":"page","link":"http:\/\/etchegoyen.cl\/jardinbrisadelsol\/jardin\/proyecto-educativo\/","title":{"rendered":"Proyecto educativo"},"content":{"rendered":"<section class=\"wpb-content-wrapper\"><p>[vc_row][vc_column][vc_custom_heading text=&#8221;P.E.I.&#8221; font_container=&#8221;tag:h2|text_align:left|color:%231e73be&#8221;][vc_column_text]<\/p>\n<p style=\"text-align: justify;\"><img loading=\"lazy\" decoding=\"async\" class=\"aligncenter size-full wp-image-6668\" src=\"http:\/\/etchegoyen.cl\/jardinbrisadelsol\/wp-content\/uploads\/2022\/12\/JIBRISA.png\" alt=\"\" width=\"170\" height=\"163\" \/>En estos \u00faltimos a\u00f1os se realiza una Reforma Educacional en nuestro pa\u00eds, siendo transversal desde la educaci\u00f3n inicial en adelante. Esto incluye la Educaci\u00f3n Parvularia, que tiene su fundamentaci\u00f3n en las Bases Curriculares de la Educaci\u00f3n Parvularia (BCEP); en donde se propone como marco orientador para la educaci\u00f3n desde los primeros meses hasta el ingreso a la Educaci\u00f3n General B\u00e1sica. Ellos toman en cuenta las condiciones del contexto (aspectos socioculturales) que enmarcan y dan sentido al quehacer educativo.<\/p>\n<p style=\"text-align: justify;\">La nueva Subsecretar\u00eda de Educaci\u00f3n Parvularia, creada en el a\u00f1o 2015, es el organismo rector que dise\u00f1a y define la pol\u00edtica integral de fortalecimiento del primer nivel educativo con estructuras y marcos regulatorios efectivos y una institucionalidad que facilita el derecho a una educaci\u00f3n de calidad en las salas cuna, jardines infantiles y escuelas. Y que tiene como foco principal construir una educaci\u00f3n p\u00fablica, pluralista e integradora, la cual impacte el aprendizaje a lo largo de toda la vida de todos los ni\u00f1os, ni\u00f1as y j\u00f3venes de nuestro pa\u00eds.<\/p>\n<p style=\"text-align: justify;\">Este Proyecto Educativo Institucional (PEI) se basa en las pol\u00edticas de Educaci\u00f3n Parvularia, siendo su objetivo principal: Orientar el quehacer t\u00e9cnico y pedag\u00f3gico de la unidad educativa, con el fin de mejorar la calidad de los procesos de ense\u00f1anza aprendizaje de nuestros ni\u00f1os y ni\u00f1as.<\/p>\n<p>[\/vc_column_text][vc_btn title=&#8221;PROYECTO EDUCATIVO INSTITUCIONAL 2025&#8243; color=&#8221;danger&#8221; i_icon_fontawesome=&#8221;far fa-file-pdf&#8221; css_animation=&#8221;bounceIn&#8221; add_icon=&#8221;true&#8221; link=&#8221;url:http%3A%2F%2Fetchegoyen.cl%2Fjardinbrisadelsol%2Fwp-content%2Fuploads%2F2025%2F05%2FPROYECTO-EDUCATIVO-INSTITUCIONAL.pdf|target:_blank&#8221;][\/vc_column][\/vc_row]<\/p>\n<\/section>","protected":false},"excerpt":{"rendered":"<p>[vc_row][vc_column][vc_custom_heading text=&#8221;P.E.I.&#8221; font_container=&#8221;tag:h2|text_align:left|color:%231e73be&#8221;][vc_column_text] En estos \u00faltimos a\u00f1os se realiza una Reforma Educacional en nuestro pa\u00eds, siendo transversal desde la educaci\u00f3n inicial en adelante. Esto incluye la Educaci\u00f3n Parvularia,&#8230;<\/p>\n","protected":false},"author":1,"featured_media":0,"parent":6460,"menu_order":0,"comment_status":"closed","ping_status":"closed","template":"","meta":{"footnotes":"","_links_to":"","_links_to_target":""},"class_list":["post-6466","page","type-page","status-publish","hentry"],"_links":{"self":[{"href":"http:\/\/etchegoyen.cl\/jardinbrisadelsol\/wp-json\/wp\/v2\/pages\/6466","targetHints":{"allow":["GET"]}}],"collection":[{"href":"http:\/\/etchegoyen.cl\/jardinbrisadelsol\/wp-json\/wp\/v2\/pages"}],"about":[{"href":"http:\/\/etchegoyen.cl\/jardinbrisadelsol\/wp-json\/wp\/v2\/types\/page"}],"author":[{"embeddable":true,"href":"http:\/\/etchegoyen.cl\/jardinbrisadelsol\/wp-json\/wp\/v2\/users\/1"}],"replies":[{"embeddable":true,"href":"http:\/\/etchegoyen.cl\/jardinbrisadelsol\/wp-json\/wp\/v2\/comments?post=6466"}],"version-history":[{"count":6,"href":"http:\/\/etchegoyen.cl\/jardinbrisadelsol\/wp-json\/wp\/v2\/pages\/6466\/revisions"}],"predecessor-version":[{"id":8152,"href":"http:\/\/etchegoyen.cl\/jardinbrisadelsol\/wp-json\/wp\/v2\/pages\/6466\/revisions\/8152"}],"up":[{"embeddable":true,"href":"http:\/\/etchegoyen.cl\/jardinbrisadelsol\/wp-json\/wp\/v2\/pages\/6460"}],"wp:attachment":[{"href":"http:\/\/etchegoyen.cl\/jardinbrisadelsol\/wp-json\/wp\/v2\/media?parent=6466"}],"curies":[{"name":"wp","href":"https:\/\/api.w.org\/{rel}","templated":true}]}}