{"id":6468,"date":"2022-12-18T21:30:41","date_gmt":"2022-12-18T21:30:41","guid":{"rendered":"http:\/\/etchegoyen.cl\/jardinbrisadelsol\/?page_id=6468"},"modified":"2024-04-01T18:28:30","modified_gmt":"2024-04-01T18:28:30","slug":"docentes-y-personal","status":"publish","type":"page","link":"http:\/\/etchegoyen.cl\/jardinbrisadelsol\/jardin\/docentes-y-personal\/","title":{"rendered":"DOCENTES Y PERSONAL"},"content":{"rendered":"<section class=\"wpb-content-wrapper\"><p>[vc_row][vc_column][vc_column_text]<\/p>\n<p style=\"text-align: justify;\">Jard\u00edn Infantil y Sala Cuna Etchegoyen Brisa del Sol, les da la bienvenida a todos los ni\u00f1os y ni\u00f1as y sus familias con las que vamos a trabajar este a\u00f1o 2024.<\/p>\n<p style=\"text-align: justify;\">Nuestro equipo pedag\u00f3gico se compromete a trabajar diariamente en el cumplimiento a cabalidad de nuestra misi\u00f3n institucional, sin embargo, necesitamos de su colaboraci\u00f3n, presencia y compromiso en el proceso que comenzar\u00e1n a vivir sus hijos e hijas.<\/p>\n<p style=\"text-align: justify;\">Trabajaremos en brindar una educaci\u00f3n inclusiva y de calidad, aprenderemos a aceptarnos, explorar nuestro medio y disfrutar de las cosas simples que la naturaleza y la vida nos regala, a ra\u00edz de la exploraci\u00f3n del entorno y un ambiente grato y de confianza, brindaremos espacios y experiencias de aprendizajes que les ayudar\u00e1n a conocer y entender el medio que nos rodea.<\/p>\n<p>[\/vc_column_text][vc_custom_heading text=&#8221;Educadoras de P\u00e1rvulos:&#8221; font_container=&#8221;tag:h2|text_align:left|color:%231e73be&#8221;]<div class=\"rs-team-style2 rs-team\"><div class=\"team-gird row\"><div class=\"team-item col-md-3 col-sm-6 col-xs-12 \">\n\t\t\t\t\t\t\t<div class=\"team-item\">\n\t\t\t\t\t\t\t    <div class=\"team-img\">\n\t\t\t\t\t\t\t        <img decoding=\"async\" src=\"http:\/\/etchegoyen.cl\/jardinbrisadelsol\/wp-content\/uploads\/2025\/03\/IMG_9703-scaled.jpg\" alt=\"B\u00e1rbara Araneda Real\" \/>\n\t\t\t\t\t\t\t        <div class=\"team-social\">\t\t\t  \n\t\t\t\t\t                  \t  \n\t\t\t\t\t                \t  \n\t\t\t\t\t                \t  \n\t\t\t\t\t                \t  \t\n\t\t\t\t\t\t            <\/div>\n\t\t\t\t\t\t\t    <\/div>\n\t\t\t\t\t\t\t    <div class=\"team-content\">\n\t\t\t\t                <h3 class=\"team-name\"><a href=\"http:\/\/etchegoyen.cl\/jardinbrisadelsol\/teams\/barbara-araneda-real\/\">B\u00e1rbara Araneda Real<\/a><\/h3>\n\t\t\t\t                <span class=\"team-title\"><\/span>\n\t\t\t\t\t\t    <\/div>\n\t\t\t\t\t\t<\/div>\n\t\t\t\t\t<\/div><div class=\"team-item col-md-3 col-sm-6 col-xs-12 \">\n\t\t\t\t\t\t\t<div class=\"team-item\">\n\t\t\t\t\t\t\t    <div class=\"team-img\">\n\t\t\t\t\t\t\t        <img decoding=\"async\" src=\"http:\/\/etchegoyen.cl\/jardinbrisadelsol\/wp-content\/uploads\/2022\/12\/Tamara-Rebolledo-Contreras-2-scaled.jpg\" alt=\"Tamara Rebolledo Contreras\" \/>\n\t\t\t\t\t\t\t        <div class=\"team-social\">\t\t\t  \n\t\t\t\t\t                  \t  \n\t\t\t\t\t                \t  \n\t\t\t\t\t                \t  \n\t\t\t\t\t                \t  \t\n\t\t\t\t\t\t            <\/div>\n\t\t\t\t\t\t\t    <\/div>\n\t\t\t\t\t\t\t    <div class=\"team-content\">\n\t\t\t\t                <h3 class=\"team-name\"><a href=\"#\">Tamara Rebolledo Contreras<\/a><\/h3>\n\t\t\t\t                <span class=\"team-title\"><\/span>\n\t\t\t\t\t\t    <\/div>\n\t\t\t\t\t\t<\/div>\n\t\t\t\t\t<\/div><div class=\"team-item col-md-3 col-sm-6 col-xs-12 \">\n\t\t\t\t\t\t\t<div class=\"team-item\">\n\t\t\t\t\t\t\t    <div class=\"team-img\">\n\t\t\t\t\t\t\t        <img decoding=\"async\" src=\"http:\/\/etchegoyen.cl\/jardinbrisadelsol\/wp-content\/uploads\/2022\/12\/Evelyn-Carrasco-Torres-2-scaled.jpg\" alt=\"Evelyn Carrasco Torres\" \/>\n\t\t\t\t\t\t\t        <div class=\"team-social\">\t\t\t  \n\t\t\t\t\t                  \t  \n\t\t\t\t\t                \t  \n\t\t\t\t\t                \t  \n\t\t\t\t\t                \t  \t\n\t\t\t\t\t\t            <\/div>\n\t\t\t\t\t\t\t    <\/div>\n\t\t\t\t\t\t\t    <div class=\"team-content\">\n\t\t\t\t                <h3 class=\"team-name\"><a href=\"#\">Evelyn Carrasco Torres<\/a><\/h3>\n\t\t\t\t                <span class=\"team-title\"><\/span>\n\t\t\t\t\t\t    <\/div>\n\t\t\t\t\t\t<\/div>\n\t\t\t\t\t<\/div><\/div><div style=\"clear:both\"><\/div><\/div>[vc_column_text]<\/p>\n<p style=\"text-align: justify;\">Guiar y liderar un equipo t\u00e9cnico de sala con el fin de propiciar un ambiente afectivo, l\u00fadico y de confianza hacia los ni\u00f1os y ni\u00f1as y sus familias, motiv\u00e1ndolos a realizar las experiencias de aprendizaje propuestas y pensadas seg\u00fan su desarrollo cognitivo, personal y social, fortaleciendo valores en cada una de las instancias vividas.<\/p>\n<p>[\/vc_column_text][vc_custom_heading text=&#8221;T\u00e9cnicas en Educaci\u00f3n de P\u00e1rvulos:&#8221; font_container=&#8221;tag:h2|text_align:left|color:%231e73be&#8221;]<div class=\"rs-team-style2 rs-team\"><div class=\"team-gird row\"><div class=\"team-item col-md-3 col-sm-6 col-xs-12 \">\n\t\t\t\t\t\t\t<div class=\"team-item\">\n\t\t\t\t\t\t\t    <div class=\"team-img\">\n\t\t\t\t\t\t\t        <img decoding=\"async\" src=\"http:\/\/etchegoyen.cl\/jardinbrisadelsol\/wp-content\/uploads\/2025\/03\/IMG_9719-scaled.jpg\" alt=\"Justine Palma Leiva\" \/>\n\t\t\t\t\t\t\t        <div class=\"team-social\">\t\t\t  \n\t\t\t\t\t                  \t  \n\t\t\t\t\t                \t  \n\t\t\t\t\t                \t  \n\t\t\t\t\t                \t  \t\n\t\t\t\t\t\t            <\/div>\n\t\t\t\t\t\t\t    <\/div>\n\t\t\t\t\t\t\t    <div class=\"team-content\">\n\t\t\t\t                <h3 class=\"team-name\"><a href=\"http:\/\/etchegoyen.cl\/jardinbrisadelsol\/teams\/justine-palma-leiva\/\">Justine Palma Leiva<\/a><\/h3>\n\t\t\t\t                <span class=\"team-title\"><\/span>\n\t\t\t\t\t\t    <\/div>\n\t\t\t\t\t\t<\/div>\n\t\t\t\t\t<\/div><div class=\"team-item col-md-3 col-sm-6 col-xs-12 \">\n\t\t\t\t\t\t\t<div class=\"team-item\">\n\t\t\t\t\t\t\t    <div class=\"team-img\">\n\t\t\t\t\t\t\t        <img decoding=\"async\" src=\"http:\/\/etchegoyen.cl\/jardinbrisadelsol\/wp-content\/uploads\/2024\/04\/Satcha-Rivera-Elgueta-scaled.jpg\" alt=\"Satcha Rivera Elgueta\" \/>\n\t\t\t\t\t\t\t        <div class=\"team-social\">\t\t\t  \n\t\t\t\t\t                  \t  \n\t\t\t\t\t                \t  \n\t\t\t\t\t                \t  \n\t\t\t\t\t                \t  \t\n\t\t\t\t\t\t            <\/div>\n\t\t\t\t\t\t\t    <\/div>\n\t\t\t\t\t\t\t    <div class=\"team-content\">\n\t\t\t\t                <h3 class=\"team-name\"><a href=\"http:\/\/etchegoyen.cl\/jardinbrisadelsol\/teams\/satcha-rivera-elgueta\/\">Satcha Rivera Elgueta<\/a><\/h3>\n\t\t\t\t                <span class=\"team-title\"><\/span>\n\t\t\t\t\t\t    <\/div>\n\t\t\t\t\t\t<\/div>\n\t\t\t\t\t<\/div><div class=\"team-item col-md-3 col-sm-6 col-xs-12 \">\n\t\t\t\t\t\t\t<div class=\"team-item\">\n\t\t\t\t\t\t\t    <div class=\"team-img\">\n\t\t\t\t\t\t\t        <img decoding=\"async\" src=\"http:\/\/etchegoyen.cl\/jardinbrisadelsol\/wp-content\/uploads\/2023\/05\/Maria-Jose-Contreras-Reyes-1-scaled.jpg\" alt=\"Mar\u00eda Jos\u00e9 Contreras Reyes\" \/>\n\t\t\t\t\t\t\t        <div class=\"team-social\">\t\t\t  \n\t\t\t\t\t                  \t  \n\t\t\t\t\t                \t  \n\t\t\t\t\t                \t  \n\t\t\t\t\t                \t  \t\n\t\t\t\t\t\t            <\/div>\n\t\t\t\t\t\t\t    <\/div>\n\t\t\t\t\t\t\t    <div class=\"team-content\">\n\t\t\t\t                <h3 class=\"team-name\"><a href=\"http:\/\/etchegoyen.cl\/jardinbrisadelsol\/teams\/maria-jose-contreras-reyes\/\">Mar\u00eda Jos\u00e9 Contreras Reyes<\/a><\/h3>\n\t\t\t\t                <span class=\"team-title\"><\/span>\n\t\t\t\t\t\t    <\/div>\n\t\t\t\t\t\t<\/div>\n\t\t\t\t\t<\/div><div class=\"team-item col-md-3 col-sm-6 col-xs-12 \">\n\t\t\t\t\t\t\t<div class=\"team-item\">\n\t\t\t\t\t\t\t    <div class=\"team-img\">\n\t\t\t\t\t\t\t        <img decoding=\"async\" src=\"http:\/\/etchegoyen.cl\/jardinbrisadelsol\/wp-content\/uploads\/2022\/12\/Janet-Estay-Tapia-scaled.jpg\" alt=\"Janet Estay Tapia\" \/>\n\t\t\t\t\t\t\t        <div class=\"team-social\">\t\t\t  \n\t\t\t\t\t                  \t  \n\t\t\t\t\t                \t  \n\t\t\t\t\t                \t  \n\t\t\t\t\t                \t  \t\n\t\t\t\t\t\t            <\/div>\n\t\t\t\t\t\t\t    <\/div>\n\t\t\t\t\t\t\t    <div class=\"team-content\">\n\t\t\t\t                <h3 class=\"team-name\"><a href=\"#\">Janet Estay Tapia<\/a><\/h3>\n\t\t\t\t                <span class=\"team-title\"><\/span>\n\t\t\t\t\t\t    <\/div>\n\t\t\t\t\t\t<\/div>\n\t\t\t\t\t<\/div><div class=\"team-item col-md-3 col-sm-6 col-xs-12 \">\n\t\t\t\t\t\t\t<div class=\"team-item\">\n\t\t\t\t\t\t\t    <div class=\"team-img\">\n\t\t\t\t\t\t\t        <img decoding=\"async\" src=\"http:\/\/etchegoyen.cl\/jardinbrisadelsol\/wp-content\/uploads\/2022\/12\/Carolina-Mardones-Molina-scaled.jpg\" alt=\"Carolina Mardones Molina\" \/>\n\t\t\t\t\t\t\t        <div class=\"team-social\">\t\t\t  \n\t\t\t\t\t                  \t  \n\t\t\t\t\t                \t  \n\t\t\t\t\t                \t  \n\t\t\t\t\t                \t  \t\n\t\t\t\t\t\t            <\/div>\n\t\t\t\t\t\t\t    <\/div>\n\t\t\t\t\t\t\t    <div class=\"team-content\">\n\t\t\t\t                <h3 class=\"team-name\"><a href=\"#\">Carolina Mardones Molina<\/a><\/h3>\n\t\t\t\t                <span class=\"team-title\"><\/span>\n\t\t\t\t\t\t    <\/div>\n\t\t\t\t\t\t<\/div>\n\t\t\t\t\t<\/div><div class=\"team-item col-md-3 col-sm-6 col-xs-12 \">\n\t\t\t\t\t\t\t<div class=\"team-item\">\n\t\t\t\t\t\t\t    <div class=\"team-img\">\n\t\t\t\t\t\t\t        <img decoding=\"async\" src=\"http:\/\/etchegoyen.cl\/jardinbrisadelsol\/wp-content\/uploads\/2022\/12\/Jazmin-Quevedo-Hormazabal-scaled.jpg\" alt=\"Jazm\u00edn Quevedo Hormaz\u00e1bal\" \/>\n\t\t\t\t\t\t\t        <div class=\"team-social\">\t\t\t  \n\t\t\t\t\t                  \t  \n\t\t\t\t\t                \t  \n\t\t\t\t\t                \t  \n\t\t\t\t\t                \t  \t\n\t\t\t\t\t\t            <\/div>\n\t\t\t\t\t\t\t    <\/div>\n\t\t\t\t\t\t\t    <div class=\"team-content\">\n\t\t\t\t                <h3 class=\"team-name\"><a href=\"#\">Jazm\u00edn Quevedo Hormaz\u00e1bal<\/a><\/h3>\n\t\t\t\t                <span class=\"team-title\"><\/span>\n\t\t\t\t\t\t    <\/div>\n\t\t\t\t\t\t<\/div>\n\t\t\t\t\t<\/div><div class=\"team-item col-md-3 col-sm-6 col-xs-12 \">\n\t\t\t\t\t\t\t<div class=\"team-item\">\n\t\t\t\t\t\t\t    <div class=\"team-img\">\n\t\t\t\t\t\t\t        <img decoding=\"async\" src=\"http:\/\/etchegoyen.cl\/jardinbrisadelsol\/wp-content\/uploads\/2022\/12\/Daniela-Guerra-Torres-scaled.jpg\" alt=\"Daniela Guerra Torres\" \/>\n\t\t\t\t\t\t\t        <div class=\"team-social\">\t\t\t  \n\t\t\t\t\t                  \t  \n\t\t\t\t\t                \t  \n\t\t\t\t\t                \t  \n\t\t\t\t\t                \t  \t\n\t\t\t\t\t\t            <\/div>\n\t\t\t\t\t\t\t    <\/div>\n\t\t\t\t\t\t\t    <div class=\"team-content\">\n\t\t\t\t                <h3 class=\"team-name\"><a href=\"#\">Daniela Guerra Torres<\/a><\/h3>\n\t\t\t\t                <span class=\"team-title\"><\/span>\n\t\t\t\t\t\t    <\/div>\n\t\t\t\t\t\t<\/div>\n\t\t\t\t\t<\/div><div class=\"team-item col-md-3 col-sm-6 col-xs-12 \">\n\t\t\t\t\t\t\t<div class=\"team-item\">\n\t\t\t\t\t\t\t    <div class=\"team-img\">\n\t\t\t\t\t\t\t        <img decoding=\"async\" src=\"http:\/\/etchegoyen.cl\/jardinbrisadelsol\/wp-content\/uploads\/2022\/12\/Lilibeth-Quinones-Fica-scaled.jpg\" alt=\"Lilibeth Qui\u00f1ones Fica\" \/>\n\t\t\t\t\t\t\t        <div class=\"team-social\">\t\t\t  \n\t\t\t\t\t                  \t  \n\t\t\t\t\t                \t  \n\t\t\t\t\t                \t  \n\t\t\t\t\t                \t  \t\n\t\t\t\t\t\t            <\/div>\n\t\t\t\t\t\t\t    <\/div>\n\t\t\t\t\t\t\t    <div class=\"team-content\">\n\t\t\t\t                <h3 class=\"team-name\"><a href=\"#\">Lilibeth Qui\u00f1ones Fica<\/a><\/h3>\n\t\t\t\t                <span class=\"team-title\"><\/span>\n\t\t\t\t\t\t    <\/div>\n\t\t\t\t\t\t<\/div>\n\t\t\t\t\t<\/div><div class=\"team-item col-md-3 col-sm-6 col-xs-12 \">\n\t\t\t\t\t\t\t<div class=\"team-item\">\n\t\t\t\t\t\t\t    <div class=\"team-img\">\n\t\t\t\t\t\t\t        <img decoding=\"async\" src=\"http:\/\/etchegoyen.cl\/jardinbrisadelsol\/wp-content\/uploads\/2022\/12\/Maria-Salas-Cespedes-scaled.jpg\" alt=\"Mar\u00eda Salas C\u00e9spedes\" \/>\n\t\t\t\t\t\t\t        <div class=\"team-social\">\t\t\t  \n\t\t\t\t\t                  \t  \n\t\t\t\t\t                \t  \n\t\t\t\t\t                \t  \n\t\t\t\t\t                \t  \t\n\t\t\t\t\t\t            <\/div>\n\t\t\t\t\t\t\t    <\/div>\n\t\t\t\t\t\t\t    <div class=\"team-content\">\n\t\t\t\t                <h3 class=\"team-name\"><a href=\"#\">Mar\u00eda Salas C\u00e9spedes<\/a><\/h3>\n\t\t\t\t                <span class=\"team-title\"><\/span>\n\t\t\t\t\t\t    <\/div>\n\t\t\t\t\t\t<\/div>\n\t\t\t\t\t<\/div><div class=\"team-item col-md-3 col-sm-6 col-xs-12 \">\n\t\t\t\t\t\t\t<div class=\"team-item\">\n\t\t\t\t\t\t\t    <div class=\"team-img\">\n\t\t\t\t\t\t\t        <img decoding=\"async\" src=\"http:\/\/etchegoyen.cl\/jardinbrisadelsol\/wp-content\/uploads\/2022\/12\/Paula-Reyes-Ledesma-scaled.jpg\" alt=\"Paula Reyes Ledesma\" \/>\n\t\t\t\t\t\t\t        <div class=\"team-social\">\t\t\t  \n\t\t\t\t\t                  \t  \n\t\t\t\t\t                \t  \n\t\t\t\t\t                \t  \n\t\t\t\t\t                \t  \t\n\t\t\t\t\t\t            <\/div>\n\t\t\t\t\t\t\t    <\/div>\n\t\t\t\t\t\t\t    <div class=\"team-content\">\n\t\t\t\t                <h3 class=\"team-name\"><a href=\"#\">Paula Reyes Ledesma<\/a><\/h3>\n\t\t\t\t                <span class=\"team-title\"><\/span>\n\t\t\t\t\t\t    <\/div>\n\t\t\t\t\t\t<\/div>\n\t\t\t\t\t<\/div><\/div><div style=\"clear:both\"><\/div><\/div>[vc_column_text]<\/p>\n<p style=\"text-align: justify;\">Colaborar en las planificaciones y evaluaciones realizadas durante el proceso educativo de los p\u00e1rvulos del nivel designado, resguardando el bienestar integral de los\/las p\u00e1rvulos y preparaci\u00f3n de los espacios educativos.<\/p>\n<p>[\/vc_column_text][vc_custom_heading text=&#8221;Auxiliares de Servicio&#8221; font_container=&#8221;tag:h2|text_align:left|color:%231e73be&#8221;]<div class=\"rs-team-style2 rs-team\"><div class=\"team-gird row\"><div class=\"team-item col-md-3 col-sm-6 col-xs-12 \">\n\t\t\t\t\t\t\t<div class=\"team-item\">\n\t\t\t\t\t\t\t    <div class=\"team-img\">\n\t\t\t\t\t\t\t        <img decoding=\"async\" src=\"http:\/\/etchegoyen.cl\/jardinbrisadelsol\/wp-content\/uploads\/2022\/12\/Cecilia-Pazmino-Jaramillo-scaled.jpg\" alt=\"Cecilia Pazmi\u00f1o Jaramillo\" \/>\n\t\t\t\t\t\t\t        <div class=\"team-social\">\t\t\t  \n\t\t\t\t\t                  \t  \n\t\t\t\t\t                \t  \n\t\t\t\t\t                \t  \n\t\t\t\t\t                \t  \t\n\t\t\t\t\t\t            <\/div>\n\t\t\t\t\t\t\t    <\/div>\n\t\t\t\t\t\t\t    <div class=\"team-content\">\n\t\t\t\t                <h3 class=\"team-name\"><a href=\"#\">Cecilia Pazmi\u00f1o Jaramillo<\/a><\/h3>\n\t\t\t\t                <span class=\"team-title\"><\/span>\n\t\t\t\t\t\t    <\/div>\n\t\t\t\t\t\t<\/div>\n\t\t\t\t\t<\/div><div class=\"team-item col-md-3 col-sm-6 col-xs-12 \">\n\t\t\t\t\t\t\t<div class=\"team-item\">\n\t\t\t\t\t\t\t    <div class=\"team-img\">\n\t\t\t\t\t\t\t        <img decoding=\"async\" src=\"http:\/\/etchegoyen.cl\/jardinbrisadelsol\/wp-content\/uploads\/2022\/12\/Fabiola-Tobar-Gallardo-1-scaled.jpg\" alt=\"Fabiola Tobar Gallardo\" \/>\n\t\t\t\t\t\t\t        <div class=\"team-social\">\t\t\t  \n\t\t\t\t\t                  \t  \n\t\t\t\t\t                \t  \n\t\t\t\t\t                \t  \n\t\t\t\t\t                \t  \t\n\t\t\t\t\t\t            <\/div>\n\t\t\t\t\t\t\t    <\/div>\n\t\t\t\t\t\t\t    <div class=\"team-content\">\n\t\t\t\t                <h3 class=\"team-name\"><a href=\"#\">Fabiola Tobar Gallardo<\/a><\/h3>\n\t\t\t\t                <span class=\"team-title\"><\/span>\n\t\t\t\t\t\t    <\/div>\n\t\t\t\t\t\t<\/div>\n\t\t\t\t\t<\/div><\/div><div style=\"clear:both\"><\/div><\/div>[vc_custom_heading text=&#8221;Manipuladoras de Alimentos:&#8221; font_container=&#8221;tag:h2|text_align:left|color:%231e73be&#8221;]<div class=\"rs-team-style2 rs-team\"><div class=\"team-gird row\"><div class=\"team-item col-md-3 col-sm-6 col-xs-12 \">\n\t\t\t\t\t\t\t<div class=\"team-item\">\n\t\t\t\t\t\t\t    <div class=\"team-img\">\n\t\t\t\t\t\t\t        <img decoding=\"async\" src=\"http:\/\/etchegoyen.cl\/jardinbrisadelsol\/wp-content\/uploads\/2025\/10\/Katherine-Fernanda-Henriquez-sagredo-scaled.jpg\" alt=\"Katherine Henr\u00edquez Sagredo\" \/>\n\t\t\t\t\t\t\t        <div class=\"team-social\">\t\t\t  \n\t\t\t\t\t                  \t  \n\t\t\t\t\t                \t  \n\t\t\t\t\t                \t  \n\t\t\t\t\t                \t  \t\n\t\t\t\t\t\t            <\/div>\n\t\t\t\t\t\t\t    <\/div>\n\t\t\t\t\t\t\t    <div class=\"team-content\">\n\t\t\t\t                <h3 class=\"team-name\"><a href=\"http:\/\/etchegoyen.cl\/jardinbrisadelsol\/teams\/katherine-henriquez-sagredo\/\">Katherine Henr\u00edquez Sagredo<\/a><\/h3>\n\t\t\t\t                <span class=\"team-title\"><\/span>\n\t\t\t\t\t\t    <\/div>\n\t\t\t\t\t\t<\/div>\n\t\t\t\t\t<\/div><div class=\"team-item col-md-3 col-sm-6 col-xs-12 \">\n\t\t\t\t\t\t\t<div class=\"team-item\">\n\t\t\t\t\t\t\t    <div class=\"team-img\">\n\t\t\t\t\t\t\t        <img decoding=\"async\" src=\"http:\/\/etchegoyen.cl\/jardinbrisadelsol\/wp-content\/uploads\/2025\/10\/Claudia-andrea-maldonado-contreras-scaled.jpg\" alt=\"Claudia Maldonado Contreras\" \/>\n\t\t\t\t\t\t\t        <div class=\"team-social\">\t\t\t  \n\t\t\t\t\t                  \t  \n\t\t\t\t\t                \t  \n\t\t\t\t\t                \t  \n\t\t\t\t\t                \t  \t\n\t\t\t\t\t\t            <\/div>\n\t\t\t\t\t\t\t    <\/div>\n\t\t\t\t\t\t\t    <div class=\"team-content\">\n\t\t\t\t                <h3 class=\"team-name\"><a href=\"http:\/\/etchegoyen.cl\/jardinbrisadelsol\/teams\/claudia-maldonado-contreras\/\">Claudia Maldonado Contreras<\/a><\/h3>\n\t\t\t\t                <span class=\"team-title\"><\/span>\n\t\t\t\t\t\t    <\/div>\n\t\t\t\t\t\t<\/div>\n\t\t\t\t\t<\/div><div class=\"team-item col-md-3 col-sm-6 col-xs-12 \">\n\t\t\t\t\t\t\t<div class=\"team-item\">\n\t\t\t\t\t\t\t    <div class=\"team-img\">\n\t\t\t\t\t\t\t        <img decoding=\"async\" src=\"http:\/\/etchegoyen.cl\/jardinbrisadelsol\/wp-content\/uploads\/2024\/04\/Allison-Henriquez-Bustos-scaled.jpg\" alt=\"Allison Henr\u00edquez Bustos\" \/>\n\t\t\t\t\t\t\t        <div class=\"team-social\">\t\t\t  \n\t\t\t\t\t                  \t  \n\t\t\t\t\t                \t  \n\t\t\t\t\t                \t  \n\t\t\t\t\t                \t  \t\n\t\t\t\t\t\t            <\/div>\n\t\t\t\t\t\t\t    <\/div>\n\t\t\t\t\t\t\t    <div class=\"team-content\">\n\t\t\t\t                <h3 class=\"team-name\"><a href=\"http:\/\/etchegoyen.cl\/jardinbrisadelsol\/teams\/allison-henriquez-bustos\/\">Allison Henr\u00edquez Bustos<\/a><\/h3>\n\t\t\t\t                <span class=\"team-title\"><\/span>\n\t\t\t\t\t\t    <\/div>\n\t\t\t\t\t\t<\/div>\n\t\t\t\t\t<\/div><\/div><div style=\"clear:both\"><\/div><\/div>[vc_column_text]<\/p>\n<p style=\"text-align: justify;\">Personal encargado de preparar las raciones diarias seg\u00fan minuta de alimentaci\u00f3n preparada por nutricionistas JUNJI, entreg\u00e1ndose desayuno, almuerzo, once a todos los p\u00e1rvulos del establecimiento y colaci\u00f3n a todos los ni\u00f1os y ni\u00f1as que requieren extensi\u00f3n horaria.<\/p>\n<p>[\/vc_column_text][\/vc_column][\/vc_row]<\/p>\n<\/section>","protected":false},"excerpt":{"rendered":"<p>[vc_row][vc_column][vc_column_text] Jard\u00edn Infantil y Sala Cuna Etchegoyen Brisa del Sol, les da la bienvenida a todos los ni\u00f1os y ni\u00f1as y sus familias con las que vamos a&#8230;<\/p>\n","protected":false},"author":1,"featured_media":0,"parent":6460,"menu_order":0,"comment_status":"closed","ping_status":"closed","template":"","meta":{"footnotes":"","_links_to":"","_links_to_target":""},"class_list":["post-6468","page","type-page","status-publish","hentry"],"_links":{"self":[{"href":"http:\/\/etchegoyen.cl\/jardinbrisadelsol\/wp-json\/wp\/v2\/pages\/6468","targetHints":{"allow":["GET"]}}],"collection":[{"href":"http:\/\/etchegoyen.cl\/jardinbrisadelsol\/wp-json\/wp\/v2\/pages"}],"about":[{"href":"http:\/\/etchegoyen.cl\/jardinbrisadelsol\/wp-json\/wp\/v2\/types\/page"}],"author":[{"embeddable":true,"href":"http:\/\/etchegoyen.cl\/jardinbrisadelsol\/wp-json\/wp\/v2\/users\/1"}],"replies":[{"embeddable":true,"href":"http:\/\/etchegoyen.cl\/jardinbrisadelsol\/wp-json\/wp\/v2\/comments?post=6468"}],"version-history":[{"count":35,"href":"http:\/\/etchegoyen.cl\/jardinbrisadelsol\/wp-json\/wp\/v2\/pages\/6468\/revisions"}],"predecessor-version":[{"id":7569,"href":"http:\/\/etchegoyen.cl\/jardinbrisadelsol\/wp-json\/wp\/v2\/pages\/6468\/revisions\/7569"}],"up":[{"embeddable":true,"href":"http:\/\/etchegoyen.cl\/jardinbrisadelsol\/wp-json\/wp\/v2\/pages\/6460"}],"wp:attachment":[{"href":"http:\/\/etchegoyen.cl\/jardinbrisadelsol\/wp-json\/wp\/v2\/media?parent=6468"}],"curies":[{"name":"wp","href":"https:\/\/api.w.org\/{rel}","templated":true}]}}