{"id":6515,"date":"2022-12-18T22:46:55","date_gmt":"2022-12-18T22:46:55","guid":{"rendered":"http:\/\/etchegoyen.cl\/jardinbrisadelsol\/?page_id=6515"},"modified":"2025-11-10T14:34:53","modified_gmt":"2025-11-10T14:34:53","slug":"directora","status":"publish","type":"page","link":"http:\/\/etchegoyen.cl\/jardinbrisadelsol\/directora\/","title":{"rendered":"DIRECTORA"},"content":{"rendered":"<section class=\"wpb-content-wrapper\"><p>[vc_row][vc_column][vc_single_image image=&#8221;8517&#8243; img_size=&#8221;medium&#8221; alignment=&#8221;center&#8221;][vc_column_text]<\/p>\n<p style=\"text-align: justify;\">Liderar un equipo de profesionales que trabajan en pos de lograr aprendizajes de calidad y experiencias de vida que dejen huellas en nuestros p\u00e1rvulos y sus familias es una labor que nos llena de desaf\u00edos diariamente.<\/p>\n<p style=\"text-align: justify;\">Tenemos claro que el cumplimiento de metas pedag\u00f3gicas es importante, pero sabemos que la felicidad y libertad de nuestros p\u00e1rvulos es primordial, por esta raz\u00f3n, nuestro equipo de trabajo tiene la misi\u00f3n de incorporar de manera transversal, valores propios de nuestra instituci\u00f3n y espacios libres de aprendizajes, que mantengan una intencionalidad pedag\u00f3gica y una gama de alternativas para que cada p\u00e1rvulo pueda experimentar y aprender a su gusto, necesidad y ritmo.<\/p>\n<p>[\/vc_column_text][\/vc_column][\/vc_row]<\/p>\n<\/section>","protected":false},"excerpt":{"rendered":"<p>[vc_row][vc_column][vc_single_image image=&#8221;8517&#8243; img_size=&#8221;medium&#8221; alignment=&#8221;center&#8221;][vc_column_text] Liderar un equipo de profesionales que trabajan en pos de lograr aprendizajes de calidad y experiencias de vida que dejen huellas en nuestros p\u00e1rvulos&#8230;<\/p>\n","protected":false},"author":1,"featured_media":0,"parent":0,"menu_order":0,"comment_status":"closed","ping_status":"closed","template":"","meta":{"footnotes":"","_links_to":"","_links_to_target":""},"class_list":["post-6515","page","type-page","status-publish","hentry"],"_links":{"self":[{"href":"http:\/\/etchegoyen.cl\/jardinbrisadelsol\/wp-json\/wp\/v2\/pages\/6515","targetHints":{"allow":["GET"]}}],"collection":[{"href":"http:\/\/etchegoyen.cl\/jardinbrisadelsol\/wp-json\/wp\/v2\/pages"}],"about":[{"href":"http:\/\/etchegoyen.cl\/jardinbrisadelsol\/wp-json\/wp\/v2\/types\/page"}],"author":[{"embeddable":true,"href":"http:\/\/etchegoyen.cl\/jardinbrisadelsol\/wp-json\/wp\/v2\/users\/1"}],"replies":[{"embeddable":true,"href":"http:\/\/etchegoyen.cl\/jardinbrisadelsol\/wp-json\/wp\/v2\/comments?post=6515"}],"version-history":[{"count":12,"href":"http:\/\/etchegoyen.cl\/jardinbrisadelsol\/wp-json\/wp\/v2\/pages\/6515\/revisions"}],"predecessor-version":[{"id":8518,"href":"http:\/\/etchegoyen.cl\/jardinbrisadelsol\/wp-json\/wp\/v2\/pages\/6515\/revisions\/8518"}],"wp:attachment":[{"href":"http:\/\/etchegoyen.cl\/jardinbrisadelsol\/wp-json\/wp\/v2\/media?parent=6515"}],"curies":[{"name":"wp","href":"https:\/\/api.w.org\/{rel}","templated":true}]}}