{"id":6572,"date":"2022-12-18T22:53:27","date_gmt":"2022-12-18T22:53:27","guid":{"rendered":"http:\/\/etchegoyen.cl\/jardinbrisadelsol\/?page_id=6572"},"modified":"2026-03-24T18:08:43","modified_gmt":"2026-03-24T18:08:43","slug":"prevencion-de-riesgos","status":"publish","type":"page","link":"http:\/\/etchegoyen.cl\/jardinbrisadelsol\/prevencion-de-riesgos\/","title":{"rendered":"PREVENCI\u00d3N DE RIESGOS"},"content":{"rendered":"<section class=\"wpb-content-wrapper\"><p>[vc_row][vc_column][vc_single_image image=&#8221;8555&#8243; img_size=&#8221;medium&#8221; alignment=&#8221;center&#8221;][vc_column_text]En materia de Prevenci\u00f3n de Riesgos en nuestros establecimientos se trabaja activamente con dos Comit\u00e9s, uno es el Comit\u00e9 Paritario de Higiene y Seguridad, cuya finalidad es prevenir accidentes y enfermedades laborales.<\/p>\n<p>En este comit\u00e9 participan activamente 6 representantes designados por la Corporaci\u00f3n y 6 representantes elegidos por los funcionarios, los que trabajan en base a un Plan Anual de actividades distribuidos en 3 comisiones paritarias de Observaci\u00f3n e Inspecci\u00f3n de seguridad, Investigaci\u00f3n de accidentes en el trabajo, trayecto y enfermedades profesionales y Capacitaci\u00f3n y Difusi\u00f3n.<\/p>\n<p>El otro es el Comit\u00e9 de Emergencias, donde los miembros del establecimiento tienes asignadas sus funciones para proteger la vida e integridad f\u00edsica de la comunidad escolar y las instalaciones, coordinando las acciones necesarias ante una emergencia.<\/p>\n<p>Ambos Comit\u00e9s son apoyados por nuestra Asesor en Prevenci\u00f3n de Riesgos Sra. Katherine Figueroa Briones, quien adem\u00e1s cuenta con el apoyo en su gesti\u00f3n de la Mutual de Seguridad.<\/p>\n<p>Dentro de las actividades que se realizan est\u00e1n:<\/p>\n<p>\uf0fc Curso de Capacitaci\u00f3n a los funcionarios Docentes de \u201cT\u00e9cnica Vocal\u201d Impartido por fonoaudi\u00f3logo Mutual de Seguridad C.ChC.<br \/>\n\uf0fc Capacitaci\u00f3n en el Uso y Manejo de Extintor.<br \/>\n\uf0fc Capacitaci\u00f3n en Primeros Auxilios. (Maniobras de RCP, Uso de DEA y Atragantamiento)<br \/>\n\uf0fc Implementaci\u00f3n de Se\u00f1al\u00e9tica de informaci\u00f3n y advertencia en todas las dependencias.<br \/>\n\uf0fc Realizaci\u00f3n de Simulacros de Incendio, Sismo, Alerta de Tsunami, Artefacto Explosivo, alteraci\u00f3n del orden p\u00fablico, tromba o tornado y Accidente.[\/vc_column_text][vc_column_text]https:\/\/youtu.be\/AzNq9pqNErw?si=HicUFCRAfsXx_UAE[\/vc_column_text][\/vc_column][\/vc_row]<\/p>\n<\/section>","protected":false},"excerpt":{"rendered":"<p>[vc_row][vc_column][vc_single_image image=&#8221;8555&#8243; img_size=&#8221;medium&#8221; alignment=&#8221;center&#8221;][vc_column_text]En materia de Prevenci\u00f3n de Riesgos en nuestros establecimientos se trabaja activamente con dos Comit\u00e9s, uno es el Comit\u00e9 Paritario de Higiene y Seguridad, cuya&#8230;<\/p>\n","protected":false},"author":1,"featured_media":0,"parent":0,"menu_order":0,"comment_status":"closed","ping_status":"closed","template":"","meta":{"footnotes":"","_links_to":"","_links_to_target":""},"class_list":["post-6572","page","type-page","status-publish","hentry"],"_links":{"self":[{"href":"http:\/\/etchegoyen.cl\/jardinbrisadelsol\/wp-json\/wp\/v2\/pages\/6572","targetHints":{"allow":["GET"]}}],"collection":[{"href":"http:\/\/etchegoyen.cl\/jardinbrisadelsol\/wp-json\/wp\/v2\/pages"}],"about":[{"href":"http:\/\/etchegoyen.cl\/jardinbrisadelsol\/wp-json\/wp\/v2\/types\/page"}],"author":[{"embeddable":true,"href":"http:\/\/etchegoyen.cl\/jardinbrisadelsol\/wp-json\/wp\/v2\/users\/1"}],"replies":[{"embeddable":true,"href":"http:\/\/etchegoyen.cl\/jardinbrisadelsol\/wp-json\/wp\/v2\/comments?post=6572"}],"version-history":[{"count":9,"href":"http:\/\/etchegoyen.cl\/jardinbrisadelsol\/wp-json\/wp\/v2\/pages\/6572\/revisions"}],"predecessor-version":[{"id":8556,"href":"http:\/\/etchegoyen.cl\/jardinbrisadelsol\/wp-json\/wp\/v2\/pages\/6572\/revisions\/8556"}],"wp:attachment":[{"href":"http:\/\/etchegoyen.cl\/jardinbrisadelsol\/wp-json\/wp\/v2\/media?parent=6572"}],"curies":[{"name":"wp","href":"https:\/\/api.w.org\/{rel}","templated":true}]}}