{"id":6576,"date":"2022-12-18T22:54:07","date_gmt":"2022-12-18T22:54:07","guid":{"rendered":"http:\/\/etchegoyen.cl\/jardinbrisadelsol\/?page_id=6576"},"modified":"2023-08-10T18:33:31","modified_gmt":"2023-08-10T18:33:31","slug":"departamento-de-comunicacion","status":"publish","type":"page","link":"http:\/\/etchegoyen.cl\/jardinbrisadelsol\/departamento-de-comunicacion\/","title":{"rendered":"DEPARTAMENTO DE COMUNICACI\u00d3N Y DIFUSI\u00d3N COEMTAL"},"content":{"rendered":"<section class=\"wpb-content-wrapper\"><p>[vc_row][vc_column][vc_custom_heading text=&#8221;COMUNICACI\u00d3N Y EDUCACI\u00d3N JUNTOS POR UN MISMO OBJETIVO&#8221; font_container=&#8221;tag:h2|text_align:left|color:%231e73be&#8221;][vc_column_text]<\/p>\n<figure id=\"attachment_7273\" aria-describedby=\"caption-attachment-7273\" style=\"width: 400px\" class=\"wp-caption alignleft\"><img loading=\"lazy\" decoding=\"async\" class=\"size-full wp-image-7273\" src=\"http:\/\/etchegoyen.cl\/casacentral\/wp-content\/uploads\/2022\/12\/Departamento-de-Comunicacion-y-Difusion-COEMTAL.jpg\" alt=\"\" width=\"400\" height=\"258\" \/><figcaption id=\"caption-attachment-7273\" class=\"wp-caption-text\">Patricio Reyes, Comunicador audiovisual -Nelson Vergara B\u00f3rquez, Director \u2013 Alex Medina Rodr\u00edguez, Periodista<\/figcaption><\/figure>\n<p style=\"text-align: justify;\">Desde el nacimiento de las tecnolog\u00edas es que la educaci\u00f3n se ha beneficiado para generar distintos m\u00e9todos de ense\u00f1anza y aprendizaje, todo de la mano de la globalizaci\u00f3n, la cual hace posible mantener al mundo informado.<\/p>\n<p style=\"text-align: justify;\">Es as\u00ed como en el espectro de la comunicaci\u00f3n escolar nuestro Departamento de Comunicaci\u00f3n y Difusi\u00f3n de COEMTAL, entra fuertemente a apoyar a nuestros estudiantes, apoderados, docentes y asistentes de la educaci\u00f3n, ya que a trav\u00e9s de las nuevas tecnolog\u00edas logramos transmitir todo lo existente dentro de nuestros distintos establecimientos y que mejor si esta entrega de informaci\u00f3n es realizada por los propios estudiantes, acompa\u00f1ados por sus profesores, quienes se involucran en el proceso, entendiendo lo importante de comunicar de una manera innovadora.<\/p>\n<p style=\"text-align: justify;\">Nuestro Departamento entr\u00f3 en funcionamiento el 2016 y ha estado presente en muchas etapas importantes en los distintos establecimientos como es Colegio Etchegoyen Casa Central, Colegio Etchegoyen sede Brisa del Sol, Sala Cuna y Jard\u00edn Infantil Gota de Leche y Sala Cuna y Jard\u00edn Infantil Brisa del Sol.<\/p>\n<p style=\"text-align: justify;\">El servicio integral del departamento busca dejar capacidades instaladas en equipos directivos y profesores de todas las asignaturas, para mejorar habilidades comunicativas en los estudiantes. As\u00ed mismo, es una interesante plataforma para difundir el Proyecto educativo Institucional con sus sellos y valores, en distintos formatos y medios de comunicaci\u00f3n internos como son sus p\u00e1ginas webs, Radio Etchegoyen 107.3 FM y su canal de YouTube COEMTAL.<\/p>\n<p style=\"text-align: justify;\">La importancia de los programas y actividades que cubre el departamento busca entregar a los estudiantes y apoderados mensajes coherentes con los sellos y valores declarados en el Proyecto Educativo Institucional, adem\u00e1s informar de manera de difusi\u00f3n audiovisual en los distintos medios de comunicaci\u00f3n transmitiendo los sellos institucionales y actividades relevantes de los establecimientos.<\/p>\n<p style=\"text-align: justify;\"><img loading=\"lazy\" decoding=\"async\" class=\"aligncenter wp-image-7346\" src=\"http:\/\/etchegoyen.cl\/casacentral\/wp-content\/uploads\/2023\/01\/1-1024x737-1.jpg\" alt=\"\" width=\"850\" height=\"612\" \/>M\u00e1s que un departamento de Comunicaci\u00f3n y Difusi\u00f3n, buscamos que las nuevas tecnolog\u00edas avancen de la mano con la educaci\u00f3n para que los alumnos mejoren sus habilidades comunicativas y de expresi\u00f3n en las actividades y programas a realizar.<\/p>\n<p style=\"text-align: justify;\">Por \u00faltimo el ir aparejado con la instalaci\u00f3n de plataformas audiovisuales o sistemas de comunicaci\u00f3n en formato radial o televisivo, as\u00ed como la cobertura audiovisual de hitos o actividades relevantes para el establecimiento son el nicho esencial para las nuevas generaciones dejando muy en claro la importancia y utilidad del departamento tal como fue en tiempos de pandemia donde fue fundamental sacar adelante y poder continuar educando a nuestros estudiantes facilitando la ense\u00f1anza a nuestros profesores y asistentes de la educaci\u00f3n.<\/p>\n<p><img loading=\"lazy\" decoding=\"async\" class=\"aligncenter wp-image-7347\" src=\"http:\/\/etchegoyen.cl\/casacentral\/wp-content\/uploads\/2023\/01\/resized_2-1024x637-1.jpg\" alt=\"\" width=\"850\" height=\"529\" \/>[\/vc_column_text][\/vc_column][\/vc_row]<\/p>\n<\/section>","protected":false},"excerpt":{"rendered":"<p>[vc_row][vc_column][vc_custom_heading text=&#8221;COMUNICACI\u00d3N Y EDUCACI\u00d3N JUNTOS POR UN MISMO OBJETIVO&#8221; font_container=&#8221;tag:h2|text_align:left|color:%231e73be&#8221;][vc_column_text] Desde el nacimiento de las tecnolog\u00edas es que la educaci\u00f3n se ha beneficiado para generar distintos m\u00e9todos de&#8230;<\/p>\n","protected":false},"author":1,"featured_media":0,"parent":0,"menu_order":0,"comment_status":"closed","ping_status":"closed","template":"","meta":{"footnotes":"","_links_to":"","_links_to_target":""},"class_list":["post-6576","page","type-page","status-publish","hentry"],"_links":{"self":[{"href":"http:\/\/etchegoyen.cl\/jardinbrisadelsol\/wp-json\/wp\/v2\/pages\/6576","targetHints":{"allow":["GET"]}}],"collection":[{"href":"http:\/\/etchegoyen.cl\/jardinbrisadelsol\/wp-json\/wp\/v2\/pages"}],"about":[{"href":"http:\/\/etchegoyen.cl\/jardinbrisadelsol\/wp-json\/wp\/v2\/types\/page"}],"author":[{"embeddable":true,"href":"http:\/\/etchegoyen.cl\/jardinbrisadelsol\/wp-json\/wp\/v2\/users\/1"}],"replies":[{"embeddable":true,"href":"http:\/\/etchegoyen.cl\/jardinbrisadelsol\/wp-json\/wp\/v2\/comments?post=6576"}],"version-history":[{"count":6,"href":"http:\/\/etchegoyen.cl\/jardinbrisadelsol\/wp-json\/wp\/v2\/pages\/6576\/revisions"}],"predecessor-version":[{"id":7264,"href":"http:\/\/etchegoyen.cl\/jardinbrisadelsol\/wp-json\/wp\/v2\/pages\/6576\/revisions\/7264"}],"wp:attachment":[{"href":"http:\/\/etchegoyen.cl\/jardinbrisadelsol\/wp-json\/wp\/v2\/media?parent=6576"}],"curies":[{"name":"wp","href":"https:\/\/api.w.org\/{rel}","templated":true}]}}