{"id":6768,"date":"2022-12-23T01:16:35","date_gmt":"2022-12-23T01:16:35","guid":{"rendered":"http:\/\/etchegoyen.cl\/jardinbrisadelsol\/?page_id=6768"},"modified":"2022-12-23T01:22:10","modified_gmt":"2022-12-23T01:22:10","slug":"admision-2023","status":"publish","type":"page","link":"http:\/\/etchegoyen.cl\/jardinbrisadelsol\/admision-2023\/","title":{"rendered":"ADMISI\u00d3N 2023"},"content":{"rendered":"<section class=\"wpb-content-wrapper\"><p>[vc_row][vc_column][vc_custom_heading text=&#8221;REGULACIONES REFERIDAS A LOS PROCESOS DE ADMISI\u00d3N&#8221; font_container=&#8221;tag:h2|text_align:left|color:%231e73be&#8221;][vc_column_text]<\/p>\n<p style=\"text-align: justify;\">Al momento de postular a nuestro establecimiento no existen requisitos para las familias postulantes como se menciona en la LGE que hace referencia que en la educaci\u00f3n Parvularia no exige requisitos m\u00ednimos para acceder a ella, as\u00ed tambi\u00e9n se destaca que la plataforma est\u00e1 a libre acceso, durante todo el a\u00f1o, adem\u00e1s para realizar el tr\u00e1mite de forma presencial en horarios establecidos de 15:00 hrs a 17:00 hrs, en el establecimiento ubicado en calle 12 #6065 brisa del sol Talcahuano, destacando que el llamado general del proceso de postulaci\u00f3n es realizado por JUNJI cada a\u00f1o, en fecha determinada por dicha instituci\u00f3n.<span class=\"Apple-converted-space\">\u00a0<\/span><\/p>\n<p>[\/vc_column_text][vc_btn title=&#8221;DESCARGAR DOCUMENTO COMPLETO EN PDF&#8221; color=&#8221;danger&#8221; i_icon_fontawesome=&#8221;far fa-file-pdf&#8221; add_icon=&#8221;true&#8221; link=&#8221;url:http%3A%2F%2Fetchegoyen.cl%2Fjardinbrisadelsol%2Fwp-content%2Fuploads%2F2022%2F12%2FREGULACIONES-REFERIDAS-A-LOS-PROCESOS-DE-ADMISION-.pdf|target:_blank&#8221;][\/vc_column][\/vc_row]<\/p>\n<\/section>","protected":false},"excerpt":{"rendered":"<p>[vc_row][vc_column][vc_custom_heading text=&#8221;REGULACIONES REFERIDAS A LOS PROCESOS DE ADMISI\u00d3N&#8221; font_container=&#8221;tag:h2|text_align:left|color:%231e73be&#8221;][vc_column_text] Al momento de postular a nuestro establecimiento no existen requisitos para las familias postulantes como se menciona en la&#8230;<\/p>\n","protected":false},"author":1,"featured_media":0,"parent":0,"menu_order":0,"comment_status":"closed","ping_status":"closed","template":"","meta":{"footnotes":"","_links_to":"","_links_to_target":""},"class_list":["post-6768","page","type-page","status-publish","hentry"],"_links":{"self":[{"href":"http:\/\/etchegoyen.cl\/jardinbrisadelsol\/wp-json\/wp\/v2\/pages\/6768","targetHints":{"allow":["GET"]}}],"collection":[{"href":"http:\/\/etchegoyen.cl\/jardinbrisadelsol\/wp-json\/wp\/v2\/pages"}],"about":[{"href":"http:\/\/etchegoyen.cl\/jardinbrisadelsol\/wp-json\/wp\/v2\/types\/page"}],"author":[{"embeddable":true,"href":"http:\/\/etchegoyen.cl\/jardinbrisadelsol\/wp-json\/wp\/v2\/users\/1"}],"replies":[{"embeddable":true,"href":"http:\/\/etchegoyen.cl\/jardinbrisadelsol\/wp-json\/wp\/v2\/comments?post=6768"}],"version-history":[{"count":4,"href":"http:\/\/etchegoyen.cl\/jardinbrisadelsol\/wp-json\/wp\/v2\/pages\/6768\/revisions"}],"predecessor-version":[{"id":6773,"href":"http:\/\/etchegoyen.cl\/jardinbrisadelsol\/wp-json\/wp\/v2\/pages\/6768\/revisions\/6773"}],"wp:attachment":[{"href":"http:\/\/etchegoyen.cl\/jardinbrisadelsol\/wp-json\/wp\/v2\/media?parent=6768"}],"curies":[{"name":"wp","href":"https:\/\/api.w.org\/{rel}","templated":true}]}}