{"id":522,"date":"2018-05-08T11:38:24","date_gmt":"2018-05-08T11:38:24","guid":{"rendered":"http:\/\/keenitsolutions.com\/products\/wordpress\/rsconstruction\/?page_id=522"},"modified":"2023-09-13T13:49:03","modified_gmt":"2023-09-13T13:49:03","slug":"home-4","status":"publish","type":"page","link":"http:\/\/etchegoyen.cl\/jardingotadeleche\/","title":{"rendered":"Inicio"},"content":{"rendered":"<section class=\"wpb-content-wrapper\"><p>[vc_row el_id=&#8221;rs-services&#8221; css=&#8221;.vc_custom_1534248698130{margin-bottom: 90px !important;}&#8221; el_class=&#8221;rs-services-responsive&#8221;][vc_column width=&#8221;1\/4&#8243;]\n\t\t\t<div  class=\"rs-services-style1   top\">\n\t\t\t\t<div class=\"services-item rs-animation-hover\"  style=\"background: #018e03\">\n\t\t\t\t    <div class=\"services-icon\"  style=\"background: #018e03\">\n\t\t\t\t        <i  style=\"color: #ffffff\"class=\"vc_icon_element-icon far fa-bell rs-animation-scale-up\"><\/i>\n\t\t\t\t    <\/div>\n\t\t\t\t    <div class=\"services-desc\">\n\t\t\t\t        <h4 class=\"services-title\"><a  href=\"#\" title=\"\">CIRCULARES<\/a><\/h4>\n\t\t\t\t        <p >Comunicados y circulares para Padres y Apoderados<\/p>\n\t\t\t\t    <\/div>\n\t\t\t\t<\/div>\n\t\t\t<\/div>\n\t\t\t[\/vc_column][vc_column width=&#8221;1\/4&#8243;]\n\t\t\t<div  class=\"rs-services-style1   top\">\n\t\t\t\t<div class=\"services-item rs-animation-hover\"  style=\"background: #006eb3\">\n\t\t\t\t    <div class=\"services-icon\"  style=\"background: #006eb3\">\n\t\t\t\t        <i  style=\"color: #ffffff\"class=\"vc_icon_element-icon fas fa-rss-square rs-animation-scale-up\"><\/i>\n\t\t\t\t    <\/div>\n\t\t\t\t    <div class=\"services-desc\">\n\t\t\t\t        <h4 class=\"services-title\"><a  href=\"http:\/\/etchegoyen.cl\/jardingotadeleche\/noticias\/\" title=\"\">NOTICIAS<\/a><\/h4>\n\t\t\t\t        <p >Actividades de nuestra comunidad educativa<\/p>\n\t\t\t\t    <\/div>\n\t\t\t\t<\/div>\n\t\t\t<\/div>\n\t\t\t[\/vc_column][vc_column width=&#8221;1\/4&#8243;]\n\t\t\t<div  class=\"rs-services-style1   top\">\n\t\t\t\t<div class=\"services-item rs-animation-hover\"  style=\"background: #018e03\">\n\t\t\t\t    <div class=\"services-icon\"  style=\"background: #018e03\">\n\t\t\t\t        <i  style=\"color: #ffffff\"class=\"vc_icon_element-icon fas fa-school rs-animation-scale-up\"><\/i>\n\t\t\t\t    <\/div>\n\t\t\t\t    <div class=\"services-desc\">\n\t\t\t\t        <h4 class=\"services-title\"><a  href=\"#\" title=\"\">ADMISI\u00d3N 2023<\/a><\/h4>\n\t\t\t\t        <p >Proceso de Admisi\u00f3n y Matr\u00edculas A\u00f1o 2023<\/p>\n\t\t\t\t    <\/div>\n\t\t\t\t<\/div>\n\t\t\t<\/div>\n\t\t\t[\/vc_column][vc_column width=&#8221;1\/4&#8243;]\n\t\t\t<div  class=\"rs-services-style1   top\">\n\t\t\t\t<div class=\"services-item rs-animation-hover\"  style=\"background: #006eb3\">\n\t\t\t\t    <div class=\"services-icon\"  style=\"background: #006eb3\">\n\t\t\t\t        <i  style=\"color: #ffffff\"class=\"vc_icon_element-icon fas fa-tag rs-animation-scale-up\"><\/i>\n\t\t\t\t    <\/div>\n\t\t\t\t    <div class=\"services-desc\">\n\t\t\t\t        <h4 class=\"services-title\"><a  href=\"#\" title=\"\">PROTOCOLOS<\/a><\/h4>\n\t\t\t\t        <p >Informaci\u00f3n correspondientes a los protocolos internos.<\/p>\n\t\t\t\t    <\/div>\n\t\t\t\t<\/div>\n\t\t\t<\/div>\n\t\t\t[\/vc_column][\/vc_row][vc_row full_width=&#8221;stretch_row&#8221; content_placement=&#8221;middle&#8221; css=&#8221;.vc_custom_1534259102798{padding-top: 65px !important;padding-bottom: 100px !important;background-color: #f0f0f0 !important;}&#8221; el_class=&#8221;home4-post style2-slider&#8221;][vc_column width=&#8221;4\/12&#8243;][vc_wp_custommenu title=&#8221;NAVEGACI\u00d3N:&#8221; nav_menu=&#8221;52&#8243;][\/vc_column][vc_column width=&#8221;8\/12&#8243;]\n\t\t\t<div class=\"rs-latest-news\">\n\t\t\t\t<div class=\"row\">\n\n\t\t\t\t\t<div class=\"col-md-9\">\n\t\t\t\t    \t<div class=\"latest-news-slider\">\n\t\t\t\t    \t\t<div><div class=\"news-normal-block\">\n\t\t    \t\t                    <div class=\"news-img\">\n\t\t    \t\t                    \t<a href=\"http:\/\/etchegoyen.cl\/jardingotadeleche\/?post_type=post&p=7391\">\n\t\t    \t\t                        \t<img loading=\"lazy\" decoding=\"async\" width=\"530\" height=\"248\" src=\"http:\/\/etchegoyen.cl\/jardingotadeleche\/wp-content\/uploads\/2026\/01\/resized_16-26-530x248.jpg\" class=\"attachment-eshkool_latest_blog_big size-eshkool_latest_blog_big wp-post-image\" alt=\"\" \/>\n\t\t    \t\t                    \t<\/a>\n\t\t    \t\t                    <\/div>\n\t\t    \t\t                    <div class=\"news-info\">\n\t\t\t    \t\t                \t<div class=\"news-date\">\n\t\t\t    \t\t                \t\t<i class=\"fa fa-calendar-check-o\"><\/i>\n\t\t\t    \t\t                \t\t<span>enero 22, 2026<\/span>\n\t\t\t    \t\t                \t<\/div>\n\t\t\t    \t\t                \t<h4 class=\"news-title\"><a href=\"http:\/\/etchegoyen.cl\/jardingotadeleche\/?post_type=post&p=7391\">CEREMONIA DE EGRESO 2025<\/a><\/h4>\n\t\t\t    \t\t                \t<div class=\"news-desc\">\n\t\t\t    \t\t                \t\t<p>\n\t\t\t    \t\t                \t\t\t[vc_row][vc_column][vc_column_text] Con gran emoci\u00f3n se llev\u00f3 a cabo la Ceremonia de Egreso 2025 de la Sala&hellip;\n\t\t\t    \t\t                \t\t<\/p>\n\t\t\t    \t\t                \t<\/div>\n\t\t\t    \t\t                \t<div class=\"news-btn\">\n\t\t\t    \t\t                \t\t<a href=\"http:\/\/etchegoyen.cl\/jardingotadeleche\/?post_type=post&p=7391\">Leer m\u00e1s<\/a>\n\t\t\t    \t\t                \t<\/div>\n\t\t    \t\t                \t<\/div>\n\t\t    \t\t                <\/div><\/div><div><div class=\"news-normal-block\">\n\t\t    \t\t                    <div class=\"news-img\">\n\t\t    \t\t                    \t<a href=\"http:\/\/etchegoyen.cl\/jardingotadeleche\/?post_type=post&p=7380\">\n\t\t    \t\t                        \t<img loading=\"lazy\" decoding=\"async\" width=\"530\" height=\"248\" src=\"http:\/\/etchegoyen.cl\/jardingotadeleche\/wp-content\/uploads\/2025\/08\/DIA-TECNICO-ATENCION-PARVULARIA-530x248.png\" class=\"attachment-eshkool_latest_blog_big size-eshkool_latest_blog_big wp-post-image\" alt=\"\" \/>\n\t\t    \t\t                    \t<\/a>\n\t\t    \t\t                    <\/div>\n\t\t    \t\t                    <div class=\"news-info\">\n\t\t\t    \t\t                \t<div class=\"news-date\">\n\t\t\t    \t\t                \t\t<i class=\"fa fa-calendar-check-o\"><\/i>\n\t\t\t    \t\t                \t\t<span>agosto 27, 2025<\/span>\n\t\t\t    \t\t                \t<\/div>\n\t\t\t    \t\t                \t<h4 class=\"news-title\"><a href=\"http:\/\/etchegoyen.cl\/jardingotadeleche\/?post_type=post&p=7380\">FELIZ D\u00cdA DE LA T\u00c9CNICO EN ATENCI\u00d3N DE P\u00c1RVULOS<\/a><\/h4>\n\t\t\t    \t\t                \t<div class=\"news-desc\">\n\t\t\t    \t\t                \t\t<p>\n\t\t\t    \t\t                \t\t\t[vc_row][vc_column][vc_column_text] La comunidad educativa de Sala cuna y Jard\u00edn Infantil Gota de Leche, saluda en este&hellip;\n\t\t\t    \t\t                \t\t<\/p>\n\t\t\t    \t\t                \t<\/div>\n\t\t\t    \t\t                \t<div class=\"news-btn\">\n\t\t\t    \t\t                \t\t<a href=\"http:\/\/etchegoyen.cl\/jardingotadeleche\/?post_type=post&p=7380\">Leer m\u00e1s<\/a>\n\t\t\t    \t\t                \t<\/div>\n\t\t    \t\t                \t<\/div>\n\t\t    \t\t                <\/div><\/div><div><div class=\"news-normal-block\">\n\t\t    \t\t                    <div class=\"news-img\">\n\t\t    \t\t                    \t<a href=\"http:\/\/etchegoyen.cl\/jardingotadeleche\/?post_type=post&p=7375\">\n\t\t    \t\t                        \t<img loading=\"lazy\" decoding=\"async\" width=\"530\" height=\"248\" src=\"http:\/\/etchegoyen.cl\/jardingotadeleche\/wp-content\/uploads\/2025\/08\/Di\u0301a_Te\u0301cnicao_Educacio\u0301n_Parvularia-1024x691-1-530x248.jpg\" class=\"attachment-eshkool_latest_blog_big size-eshkool_latest_blog_big wp-post-image\" alt=\"\" \/>\n\t\t    \t\t                    \t<\/a>\n\t\t    \t\t                    <\/div>\n\t\t    \t\t                    <div class=\"news-info\">\n\t\t\t    \t\t                \t<div class=\"news-date\">\n\t\t\t    \t\t                \t\t<i class=\"fa fa-calendar-check-o\"><\/i>\n\t\t\t    \t\t                \t\t<span>agosto 27, 2025<\/span>\n\t\t\t    \t\t                \t<\/div>\n\t\t\t    \t\t                \t<h4 class=\"news-title\"><a href=\"http:\/\/etchegoyen.cl\/jardingotadeleche\/?post_type=post&p=7375\">FELIZ D\u00cdA DE LA T\u00c9CNICO EN ATENCI\u00d3N DE P\u00c1RVULOS<\/a><\/h4>\n\t\t\t    \t\t                \t<div class=\"news-desc\">\n\t\t\t    \t\t                \t\t<p>\n\t\t\t    \t\t                \t\t\t[vc_row][vc_column][vc_column_text]https:\/\/youtube.com\/shorts\/puFCA6YVhy0?feature=share[\/vc_column_text][\/vc_column][\/vc_row]\n\t\t\t    \t\t                \t\t<\/p>\n\t\t\t    \t\t                \t<\/div>\n\t\t\t    \t\t                \t<div class=\"news-btn\">\n\t\t\t    \t\t                \t\t<a href=\"http:\/\/etchegoyen.cl\/jardingotadeleche\/?post_type=post&p=7375\">Leer m\u00e1s<\/a>\n\t\t\t    \t\t                \t<\/div>\n\t\t    \t\t                \t<\/div>\n\t\t    \t\t                <\/div><\/div>\n\t\t\t\t    \t<\/div>\t\t\t        \t\t\t\n\t\t\t\t\t<\/div>\n\n\n\t\t\t\t\t<div class=\"col-md-3\">\t\t\t        \t\t\t\n\t\t\t\t    \t<div class=\"latest-news-nav\"><div><img loading=\"lazy\" decoding=\"async\" width=\"2560\" height=\"1715\" src=\"http:\/\/etchegoyen.cl\/jardingotadeleche\/wp-content\/uploads\/2026\/01\/resized_16-26-scaled.jpg\" class=\"attachment-post-thumbnail size-post-thumbnail wp-post-image\" alt=\"\" srcset=\"http:\/\/etchegoyen.cl\/jardingotadeleche\/wp-content\/uploads\/2026\/01\/resized_16-26-scaled.jpg 2560w, http:\/\/etchegoyen.cl\/jardingotadeleche\/wp-content\/uploads\/2026\/01\/resized_16-26-300x201.jpg 300w, http:\/\/etchegoyen.cl\/jardingotadeleche\/wp-content\/uploads\/2026\/01\/resized_16-26-1024x686.jpg 1024w, http:\/\/etchegoyen.cl\/jardingotadeleche\/wp-content\/uploads\/2026\/01\/resized_16-26-768x515.jpg 768w, http:\/\/etchegoyen.cl\/jardingotadeleche\/wp-content\/uploads\/2026\/01\/resized_16-26-1536x1029.jpg 1536w, http:\/\/etchegoyen.cl\/jardingotadeleche\/wp-content\/uploads\/2026\/01\/resized_16-26-2048x1372.jpg 2048w\" sizes=\"auto, (max-width: 2560px) 100vw, 2560px\" \/><\/div><div><img loading=\"lazy\" decoding=\"async\" width=\"826\" height=\"629\" src=\"http:\/\/etchegoyen.cl\/jardingotadeleche\/wp-content\/uploads\/2025\/08\/DIA-TECNICO-ATENCION-PARVULARIA.png\" class=\"attachment-post-thumbnail size-post-thumbnail wp-post-image\" alt=\"\" srcset=\"http:\/\/etchegoyen.cl\/jardingotadeleche\/wp-content\/uploads\/2025\/08\/DIA-TECNICO-ATENCION-PARVULARIA.png 826w, http:\/\/etchegoyen.cl\/jardingotadeleche\/wp-content\/uploads\/2025\/08\/DIA-TECNICO-ATENCION-PARVULARIA-300x228.png 300w, http:\/\/etchegoyen.cl\/jardingotadeleche\/wp-content\/uploads\/2025\/08\/DIA-TECNICO-ATENCION-PARVULARIA-768x585.png 768w, http:\/\/etchegoyen.cl\/jardingotadeleche\/wp-content\/uploads\/2025\/08\/DIA-TECNICO-ATENCION-PARVULARIA-154x116.png 154w\" sizes=\"auto, (max-width: 826px) 100vw, 826px\" \/><\/div><div><img loading=\"lazy\" decoding=\"async\" width=\"1024\" height=\"691\" src=\"http:\/\/etchegoyen.cl\/jardingotadeleche\/wp-content\/uploads\/2025\/08\/Di\u0301a_Te\u0301cnicao_Educacio\u0301n_Parvularia-1024x691-1.jpg\" class=\"attachment-post-thumbnail size-post-thumbnail wp-post-image\" alt=\"\" srcset=\"http:\/\/etchegoyen.cl\/jardingotadeleche\/wp-content\/uploads\/2025\/08\/Di\u0301a_Te\u0301cnicao_Educacio\u0301n_Parvularia-1024x691-1.jpg 1024w, http:\/\/etchegoyen.cl\/jardingotadeleche\/wp-content\/uploads\/2025\/08\/Di\u0301a_Te\u0301cnicao_Educacio\u0301n_Parvularia-1024x691-1-300x202.jpg 300w, http:\/\/etchegoyen.cl\/jardingotadeleche\/wp-content\/uploads\/2025\/08\/Di\u0301a_Te\u0301cnicao_Educacio\u0301n_Parvularia-1024x691-1-768x518.jpg 768w\" sizes=\"auto, (max-width: 1024px) 100vw, 1024px\" \/><\/div><\/div>\n\t\t\t\t\t<\/div>\n\n\n\t\t\t\t<\/div>\n\t\t\t<\/div>\n\n\t\t[\/vc_column][\/vc_row][vc_row content_placement=&#8221;bottom&#8221; css=&#8221;.vc_custom_1534159816918{margin-bottom: 65px !important;}&#8221;][vc_column width=&#8221;7\/12&#8243;]\n        <div class=\"rs-heading style1  vc_custom_1669129481457  \">\n        \t<div class=\"title-inner\">\n\t            \n\t            <h2 >La importancia de la Educaci\u00f3n Inicial<\/h2>\n\t        <\/div><\/div>[vc_column_text css=&#8221;.vc_custom_1671799602043{margin-bottom: 25px !important;}&#8221;]<\/p>\n<p style=\"text-align: justify;\">El desarrollo del cerebro va\u00a0evolucionando\u00a0a trav\u00e9s de redes y conexiones neuronales; considerando genes con los que el ser humano nace y la existencia de un sistema de influencias que brinda el medio ambiente, estos aportes y experiencias variadas van construyendo el cerebro y, por consiguiente, profundizando y potenciando las capacidades de ese ser en la vida adulta. <a href=\"http:\/\/etchegoyen.cl\/jardingotadeleche\/directora\/\">Leer m\u00e1s<\/a><\/p>\n<p>[\/vc_column_text][vc_row_inner][vc_column_inner width=&#8221;1\/2&#8243;][vc_column_text]<\/p>\n<h4 class=\"mb-0\">Sra. M\u00f3nica V\u00e1squez Villanueva<\/h4>\n<p>Directora.[\/vc_column_text][\/vc_column_inner][vc_column_inner width=&#8221;1\/2&#8243;][\/vc_column_inner][\/vc_row_inner][\/vc_column][vc_column width=&#8221;5\/12&#8243;][vc_single_image image=&#8221;6860&#8243; img_size=&#8221;full&#8221; alignment=&#8221;center&#8221; style=&#8221;vc_box_shadow_border_circle&#8221; el_class=&#8221;rs-image-effect-shine&#8221;][\/vc_column][\/vc_row][vc_row full_width=&#8221;stretch_row&#8221; gap=&#8221;15&#8243; content_placement=&#8221;middle&#8221; parallax=&#8221;content-moving&#8221; parallax_speed_bg=&#8221;3.5&#8243; el_id=&#8221;rs-acheivements&#8221; el_class=&#8221;rs-acheivements rs-acheivements4 black-overlay icon-left&#8221; css=&#8221;.vc_custom_1534149161190{padding-top: 90px !important;padding-bottom: 95px !important;background-image: url(http:\/\/keenitsolutions.com\/products\/wordpress\/eshkool\/wp-content\/uploads\/2018\/08\/countdown.jpg?id=5003) !important;background-position: center;background-repeat: no-repeat !important;background-size: cover !important;}&#8221;][vc_column][vc_row_inner][vc_column_inner width=&#8221;1\/4&#8243;]\n\t<div class=\"counter-top-area  \" >\n    <div class=\"rs-counter-list\">\n\t\t<div class=\"count-icon\"><i class=\"fas fa-book-reader\"><\/i><\/div>\n        <div class=\"count-text\"><div class=\"count-number\" style=\"color: #ffffff\"><h3 class=\"rs-counter\" style=\"color: #ffffff\">96<\/h3><\/div>         \n        <h4 style=\"color: #ffffff\">ESTUDIANTES<\/h4><\/div>\n    <\/div><\/div>[\/vc_column_inner][vc_column_inner width=&#8221;1\/4&#8243;]\n\t<div class=\"counter-top-area  \" >\n    <div class=\"rs-counter-list\">\n\t\t<div class=\"count-icon\"><i class=\"fas fa-apple-alt\"><\/i><\/div>\n        <div class=\"count-text\"><div class=\"count-number\" style=\"color: #ffffff\"><h3 class=\"rs-counter\" style=\"color: #ffffff\">4<\/h3><\/div>         \n        <h4 style=\"color: #ffffff\">CURSOS<\/h4><\/div>\n    <\/div><\/div>[\/vc_column_inner][vc_column_inner width=&#8221;1\/4&#8243;]\n\t<div class=\"counter-top-area  \" >\n    <div class=\"rs-counter-list\">\n\t\t<div class=\"count-icon\"><i class=\"fas fa-chalkboard-teacher\"><\/i><\/div>\n        <div class=\"count-text\"><div class=\"count-number\" style=\"color: #ffffff\"><h3 class=\"rs-counter\" style=\"color: #ffffff\">14<\/h3><\/div>         \n        <h4 style=\"color: #ffffff\">EDUCADORAS<\/h4><\/div>\n    <\/div><\/div>[\/vc_column_inner][vc_column_inner width=&#8221;1\/4&#8243;]\n\t<div class=\"counter-top-area  \" >\n    <div class=\"rs-counter-list\">\n\t\t<div class=\"count-icon\"><i class=\"fas fa-users\"><\/i><\/div>\n        <div class=\"count-text\"><div class=\"count-number\" style=\"color: #ffffff\"><h3 class=\"rs-counter\" style=\"color: #ffffff\">55<\/h3><\/div>         \n        <h4 style=\"color: #ffffff\">FUNCIONARIOS<\/h4><\/div>\n    <\/div><\/div>[\/vc_column_inner][\/vc_row_inner][\/vc_column][\/vc_row][vc_row full_width=&#8221;stretch_row&#8221; css=&#8221;.vc_custom_1532431840101{padding-top: 45px !important;padding-bottom: 80px !important;}&#8221; el_id=&#8221;rs-client&#8221;][vc_column]<div class=\"rs-partner  \">           \n\t\t\t\t\t<div class=\"partner-carousel owl-carousel\" data-carousel-options=\"{&quot;nav&quot;:true,&quot;navText&quot;:[&quot;&lt;i class=&#039;fa fa-angle-left&#039;&gt;&lt;\\\/i&gt;&quot;,&quot;&lt;i class=&#039;fa fa-angle-right&#039;&gt;&lt;\\\/i&gt;&quot;],&quot;dots&quot;:false,&quot;autoplay&quot;:true,&quot;autoplayTimeout&quot;:&quot;5000&quot;,&quot;autoplaySpeed&quot;:&quot;200&quot;,&quot;autoplayHoverPause&quot;:true,&quot;loop&quot;:true,&quot;margin&quot;:30,&quot;responsive&quot;:{&quot;0&quot;:{&quot;items&quot;:&quot;1&quot;},&quot;480&quot;:{&quot;items&quot;:&quot;2&quot;},&quot;768&quot;:{&quot;items&quot;:&quot;3&quot;},&quot;992&quot;:{&quot;items&quot;:&quot;5&quot;},&quot;1200&quot;:{&quot;items&quot;:&quot;5&quot;}}}\"><div class=\"partner-item\">\n\t\t\t\t<a href=\"#\" target=\"_blank\"><img decoding=\"async\" src=\"http:\/\/etchegoyen.cl\/jardingotadeleche\/wp-content\/uploads\/2022\/11\/COEMTAL.png\" alt=\"COEMTAL\"><\/a>\n\t\t\t\t<\/div><div class=\"partner-item\">\n\t\t\t\t<a href=\"#\" target=\"_blank\"><img decoding=\"async\" src=\"http:\/\/etchegoyen.cl\/jardingotadeleche\/wp-content\/uploads\/2018\/05\/RADIO.png\" alt=\"Radio Etchegoyen\"><\/a>\n\t\t\t\t<\/div><div class=\"partner-item\">\n\t\t\t\t<a href=\"#\" target=\"_blank\"><img decoding=\"async\" src=\"http:\/\/etchegoyen.cl\/jardingotadeleche\/wp-content\/uploads\/2018\/05\/Etchegoyen-Sede-brisa-del-sol-1.png\" alt=\"Sede Brisa del Sol\"><\/a>\n\t\t\t\t<\/div><div class=\"partner-item\">\n\t\t\t\t<a href=\"http:\/\/etchegoyen.cl\/jardinbrisadelsol\/\" target=\"_blank\"><img decoding=\"async\" src=\"http:\/\/etchegoyen.cl\/jardingotadeleche\/wp-content\/uploads\/2018\/05\/JIBRISA.png\" alt=\"Jard\u00edn Infantil Brisa del Sol\"><\/a>\n\t\t\t\t<\/div><div class=\"partner-item\">\n\t\t\t\t<a href=\"http:\/\/www.etchegoyen.cl\/casacentral\" target=\"_blank\"><img decoding=\"async\" src=\"http:\/\/etchegoyen.cl\/jardingotadeleche\/wp-content\/uploads\/2018\/05\/Etchegoyen-casa-central.png\" alt=\"Colegio Etchegoyen Casa Central\"><\/a>\n\t\t\t\t<\/div><\/div>\n\t<\/div>[\/vc_column][\/vc_row]<\/p>\n<\/section>","protected":false},"excerpt":{"rendered":"<p>[vc_row el_id=&#8221;rs-services&#8221; css=&#8221;.vc_custom_1534248698130{margin-bottom: 90px !important;}&#8221; el_class=&#8221;rs-services-responsive&#8221;][vc_column width=&#8221;1\/4&#8243;][\/vc_column][vc_column width=&#8221;1\/4&#8243;][\/vc_column][vc_column width=&#8221;1\/4&#8243;][\/vc_column][vc_column width=&#8221;1\/4&#8243;][\/vc_column][\/vc_row][vc_row full_width=&#8221;stretch_row&#8221; content_placement=&#8221;middle&#8221; css=&#8221;.vc_custom_1534259102798{padding-top: 65px !important;padding-bottom: 100px !important;background-color: #f0f0f0 !important;}&#8221; el_class=&#8221;home4-post style2-slider&#8221;][vc_column width=&#8221;4\/12&#8243;][vc_wp_custommenu title=&#8221;NAVEGACI\u00d3N:&#8221; nav_menu=&#8221;52&#8243;][\/vc_column][vc_column width=&#8221;8\/12&#8243;][\/vc_column][\/vc_row][vc_row content_placement=&#8221;bottom&#8221; css=&#8221;.vc_custom_1534159816918{margin-bottom: 65px&#8230;<\/p>\n","protected":false},"author":1,"featured_media":0,"parent":0,"menu_order":0,"comment_status":"closed","ping_status":"closed","template":"","meta":{"footnotes":"","_links_to":"","_links_to_target":""},"class_list":["post-522","page","type-page","status-publish","hentry"],"_links":{"self":[{"href":"http:\/\/etchegoyen.cl\/jardingotadeleche\/wp-json\/wp\/v2\/pages\/522","targetHints":{"allow":["GET"]}}],"collection":[{"href":"http:\/\/etchegoyen.cl\/jardingotadeleche\/wp-json\/wp\/v2\/pages"}],"about":[{"href":"http:\/\/etchegoyen.cl\/jardingotadeleche\/wp-json\/wp\/v2\/types\/page"}],"author":[{"embeddable":true,"href":"http:\/\/etchegoyen.cl\/jardingotadeleche\/wp-json\/wp\/v2\/users\/1"}],"replies":[{"embeddable":true,"href":"http:\/\/etchegoyen.cl\/jardingotadeleche\/wp-json\/wp\/v2\/comments?post=522"}],"version-history":[{"count":35,"href":"http:\/\/etchegoyen.cl\/jardingotadeleche\/wp-json\/wp\/v2\/pages\/522\/revisions"}],"predecessor-version":[{"id":7184,"href":"http:\/\/etchegoyen.cl\/jardingotadeleche\/wp-json\/wp\/v2\/pages\/522\/revisions\/7184"}],"wp:attachment":[{"href":"http:\/\/etchegoyen.cl\/jardingotadeleche\/wp-json\/wp\/v2\/media?parent=522"}],"curies":[{"name":"wp","href":"https:\/\/api.w.org\/{rel}","templated":true}]}}