{"id":6464,"date":"2022-11-21T19:27:50","date_gmt":"2022-11-21T19:27:50","guid":{"rendered":"http:\/\/etchegoyen.cl\/jardingotadeleche\/?page_id=6464"},"modified":"2022-11-23T18:02:27","modified_gmt":"2022-11-23T18:02:27","slug":"historia","status":"publish","type":"page","link":"http:\/\/etchegoyen.cl\/jardingotadeleche\/jardin\/historia\/","title":{"rendered":"Historia"},"content":{"rendered":"<section class=\"wpb-content-wrapper\"><p>[vc_row][vc_column][vc_column_text]<\/p>\n<p style=\"text-align: justify;\">La historia de la <strong>Sala Cuna y Jard\u00edn Infantil \u201cGota de Leche Almirante Villarroel\u201d<\/strong> se inicia en el a\u00f1o 1945, cuando se re\u00fane un grupo de destacados vecinos(as) de la comuna de Talcahuano, con el prop\u00f3sito de crear una instituci\u00f3n sin fines de lucro, que se preocupara de los ni\u00f1os y ni\u00f1as m\u00e1s vulnerables de la comuna.<\/p>\n<p style=\"text-align: justify;\">En el a\u00f1o 1946, se obtiene la Personalidad Jur\u00eddica de la \u201cGota de Leche\u201d, cuyo principal objetivo fue proporcionar a los ni\u00f1os y ni\u00f1as de escasos recursos, alimentaci\u00f3n, protecci\u00f3n y asistencia m\u00e9dico-social, desde su nacimiento hasta la edad de dos a\u00f1os.<\/p>\n<p style=\"text-align: justify;\">Su denominaci\u00f3n como Gota de Leche \u201cAlmirante Villarroel\u201d se debi\u00f3 al deseo de hacer un homenaje a un<br \/>\ndestacado Almirante de la Armada de Chile, qui\u00e9n contribuy\u00f3 a la formaci\u00f3n de esta instituci\u00f3n.<\/p>\n<p style=\"text-align: justify;\">Hasta el a\u00f1o 2007, estuvo a cargo de este Jard\u00edn Infantil un grupo de socias ligadas a la masoner\u00eda, quienes en forma voluntaria y elevado altruismo, aportaron todo su cari\u00f1o hacia los ni\u00f1os, y hasta el d\u00eda de hoy se han preocupado de trabajar realizando actividades ben\u00e9ficas tales como: mates criollo, recepci\u00f3n de coronas de caridad, conseguir alimentos en las empresas de la comuna, etc.<\/p>\n<p style=\"text-align: justify;\">En el a\u00f1o 2008, nuestra Sala Cuna y Jard\u00edn Infantil pas\u00f3 a la administraci\u00f3n de la Corporaci\u00f3n Educacional Mas\u00f3nica de Talcahuano que, en convenio con Junta Nacional de Jardines Infantiles \u201cJUNJI\u201d, contin\u00faan favoreciendo a los ni\u00f1os y ni\u00f1as m\u00e1s vulnerables de la comuna, entregando una infraestructura de calidad, con personal id\u00f3neo para la atenci\u00f3n de 106 lactantes y p\u00e1rvulos que son atendidos con gratuidad absoluta.<\/p>\n<p>[\/vc_column_text][\/vc_column][\/vc_row]<\/p>\n<\/section>","protected":false},"excerpt":{"rendered":"<p>[vc_row][vc_column][vc_column_text] La historia de la Sala Cuna y Jard\u00edn Infantil \u201cGota de Leche Almirante Villarroel\u201d se inicia en el a\u00f1o 1945, cuando se re\u00fane un grupo de destacados&#8230;<\/p>\n","protected":false},"author":1,"featured_media":0,"parent":6462,"menu_order":0,"comment_status":"closed","ping_status":"closed","template":"","meta":{"footnotes":"","_links_to":"","_links_to_target":""},"class_list":["post-6464","page","type-page","status-publish","hentry"],"_links":{"self":[{"href":"http:\/\/etchegoyen.cl\/jardingotadeleche\/wp-json\/wp\/v2\/pages\/6464","targetHints":{"allow":["GET"]}}],"collection":[{"href":"http:\/\/etchegoyen.cl\/jardingotadeleche\/wp-json\/wp\/v2\/pages"}],"about":[{"href":"http:\/\/etchegoyen.cl\/jardingotadeleche\/wp-json\/wp\/v2\/types\/page"}],"author":[{"embeddable":true,"href":"http:\/\/etchegoyen.cl\/jardingotadeleche\/wp-json\/wp\/v2\/users\/1"}],"replies":[{"embeddable":true,"href":"http:\/\/etchegoyen.cl\/jardingotadeleche\/wp-json\/wp\/v2\/comments?post=6464"}],"version-history":[{"count":3,"href":"http:\/\/etchegoyen.cl\/jardingotadeleche\/wp-json\/wp\/v2\/pages\/6464\/revisions"}],"predecessor-version":[{"id":6666,"href":"http:\/\/etchegoyen.cl\/jardingotadeleche\/wp-json\/wp\/v2\/pages\/6464\/revisions\/6666"}],"up":[{"embeddable":true,"href":"http:\/\/etchegoyen.cl\/jardingotadeleche\/wp-json\/wp\/v2\/pages\/6462"}],"wp:attachment":[{"href":"http:\/\/etchegoyen.cl\/jardingotadeleche\/wp-json\/wp\/v2\/media?parent=6464"}],"curies":[{"name":"wp","href":"https:\/\/api.w.org\/{rel}","templated":true}]}}