{"id":6470,"date":"2022-11-21T19:30:48","date_gmt":"2022-11-21T19:30:48","guid":{"rendered":"http:\/\/etchegoyen.cl\/jardingotadeleche\/?page_id=6470"},"modified":"2023-01-26T00:07:08","modified_gmt":"2023-01-26T00:07:08","slug":"docentes-y-personal","status":"publish","type":"page","link":"http:\/\/etchegoyen.cl\/jardingotadeleche\/docentes-y-personal\/","title":{"rendered":"DOCENTES Y PERSONAL"},"content":{"rendered":"<section class=\"wpb-content-wrapper\"><p>[vc_row][vc_column][vc_custom_heading text=&#8221;Educadoras de P\u00e1rvulos:&#8221; font_container=&#8221;tag:h2|text_align:left|color:%231e73be&#8221;]<div class=\"rs-team-style1\">\n\t\t<div class=\"team-carousel owl-carousel owl-navigation-yes\" data-carousel-options=\"{&quot;nav&quot;:true,&quot;navText&quot;:[&quot;&lt;i class=&#039;fa fa-angle-left&#039;&gt;&lt;\\\/i&gt;&quot;,&quot;&lt;i class=&#039;fa fa-angle-right&#039;&gt;&lt;\\\/i&gt;&quot;],&quot;dots&quot;:false,&quot;autoplay&quot;:true,&quot;autoplayTimeout&quot;:&quot;5000&quot;,&quot;autoplaySpeed&quot;:&quot;200&quot;,&quot;autoplayHoverPause&quot;:true,&quot;loop&quot;:true,&quot;margin&quot;:20,&quot;responsive&quot;:{&quot;0&quot;:{&quot;items&quot;:&quot;1&quot;},&quot;480&quot;:{&quot;items&quot;:&quot;2&quot;},&quot;768&quot;:{&quot;items&quot;:&quot;3&quot;},&quot;992&quot;:{&quot;items&quot;:&quot;3&quot;},&quot;1200&quot;:{&quot;items&quot;:&quot;3&quot;}}}\"><div class=\"team-item\">\n\t\t\t\t\t\t\t<div class=\"team-img\">\n\t\t\t\t\t        \t<img decoding=\"async\" src=\"http:\/\/etchegoyen.cl\/jardingotadeleche\/wp-content\/uploads\/2023\/01\/ORENA-OLIVA-ESPINOZA.jpg\" alt=\"Lorena Oliva Espinoza\" \/>\n\t\t\t\t\t\t        <div class=\"normal-text\">\n\t\t\t\t\t\t            <h3 class=\"team-name\"><a href=\"#\">Lorena Oliva Espinoza<\/a><\/h3>\n\t\t\t\t<span class=\"team-title\"><\/span>\n\t\t\t\t\t\t        <\/div>\n\t\t\t\t\t    \t<\/div>\n\n\t\t\t\t\t    <div class=\"team-content\">\n\t\t\t\t\t        <div class=\"overly-border\"><\/div>\n\t\t\t\t\t        <div class=\"display-table\">\n\t\t\t\t\t            <div class=\"display-table-cell\">\n\t\t\t\t\t                <h3 class=\"team-name\"><a href=\"#\">Lorena Oliva Espinoza<\/a><\/h3>\n\t\t\t\t\t                <span class=\"team-title\"><\/span>\n\t\t\t\t                  \t<div class=\"team-social\">\t\t\t  \n\t\t\t\t                  \t  \n\t\t\t\t                \t  \n\t\t\t\t                \t  \n\t\t\t\t                \t  \t\n\t\t\t\t                  \t<\/div>\n\t\t\t\t\t            <\/div>\n\t\t\t\t\t        <\/div>\n\t\t\t\t\t    <\/div>\n\t\t\t\t  \t<\/div><div class=\"team-item\">\n\t\t\t\t\t\t\t<div class=\"team-img\">\n\t\t\t\t\t        \t<img decoding=\"async\" src=\"http:\/\/etchegoyen.cl\/jardingotadeleche\/wp-content\/uploads\/2023\/01\/ARIA-CRISTINA-JIMENEZ-BUCAREY.jpg\" alt=\"Mar\u00eda Cristina Jim\u00e9nez Bucarey\" \/>\n\t\t\t\t\t\t        <div class=\"normal-text\">\n\t\t\t\t\t\t            <h3 class=\"team-name\"><a href=\"#\">Mar\u00eda Cristina Jim\u00e9nez Bucarey<\/a><\/h3>\n\t\t\t\t<span class=\"team-title\"><\/span>\n\t\t\t\t\t\t        <\/div>\n\t\t\t\t\t    \t<\/div>\n\n\t\t\t\t\t    <div class=\"team-content\">\n\t\t\t\t\t        <div class=\"overly-border\"><\/div>\n\t\t\t\t\t        <div class=\"display-table\">\n\t\t\t\t\t            <div class=\"display-table-cell\">\n\t\t\t\t\t                <h3 class=\"team-name\"><a href=\"#\">Mar\u00eda Cristina Jim\u00e9nez Bucarey<\/a><\/h3>\n\t\t\t\t\t                <span class=\"team-title\"><\/span>\n\t\t\t\t                  \t<div class=\"team-social\">\t\t\t  \n\t\t\t\t                  \t  \n\t\t\t\t                \t  \n\t\t\t\t                \t  \n\t\t\t\t                \t  \t\n\t\t\t\t                  \t<\/div>\n\t\t\t\t\t            <\/div>\n\t\t\t\t\t        <\/div>\n\t\t\t\t\t    <\/div>\n\t\t\t\t  \t<\/div><div class=\"team-item\">\n\t\t\t\t\t\t\t<div class=\"team-img\">\n\t\t\t\t\t        \t<img decoding=\"async\" src=\"http:\/\/etchegoyen.cl\/jardingotadeleche\/wp-content\/uploads\/2023\/01\/AYOLY-JOFRE-CIFUENTES.jpg\" alt=\"Mayoly Jofr\u00e9 Cifuentes\" \/>\n\t\t\t\t\t\t        <div class=\"normal-text\">\n\t\t\t\t\t\t            <h3 class=\"team-name\"><a href=\"#\">Mayoly Jofr\u00e9 Cifuentes<\/a><\/h3>\n\t\t\t\t<span class=\"team-title\"><\/span>\n\t\t\t\t\t\t        <\/div>\n\t\t\t\t\t    \t<\/div>\n\n\t\t\t\t\t    <div class=\"team-content\">\n\t\t\t\t\t        <div class=\"overly-border\"><\/div>\n\t\t\t\t\t        <div class=\"display-table\">\n\t\t\t\t\t            <div class=\"display-table-cell\">\n\t\t\t\t\t                <h3 class=\"team-name\"><a href=\"#\">Mayoly Jofr\u00e9 Cifuentes<\/a><\/h3>\n\t\t\t\t\t                <span class=\"team-title\"><\/span>\n\t\t\t\t                  \t<div class=\"team-social\">\t\t\t  \n\t\t\t\t                  \t  \n\t\t\t\t                \t  \n\t\t\t\t                \t  \n\t\t\t\t                \t  \t\n\t\t\t\t                  \t<\/div>\n\t\t\t\t\t            <\/div>\n\t\t\t\t\t        <\/div>\n\t\t\t\t\t    <\/div>\n\t\t\t\t  \t<\/div><\/div>\n\t   <div>\n\t <\/div>\n\t<\/div>[vc_custom_heading text=&#8221;T\u00e9cnicos en Educaci\u00f3n de P\u00e1rvulos:&#8221; font_container=&#8221;tag:h2|text_align:left|color:%231e73be&#8221;]<div class=\"rs-team-style2 rs-team\"><div class=\"team-gird row\"><div class=\"team-item col-md-3 col-sm-6 col-xs-12 \">\n\t\t\t\t\t\t\t<div class=\"team-item\">\n\t\t\t\t\t\t\t    <div class=\"team-img\">\n\t\t\t\t\t\t\t        <img decoding=\"async\" src=\"http:\/\/etchegoyen.cl\/jardingotadeleche\/wp-content\/uploads\/2023\/01\/ERONICA-TOBAR-GALLARDO.jpg\" alt=\"Ver\u00f3nica Tobar Gallardo\" \/>\n\t\t\t\t\t\t\t        <div class=\"team-social\">\t\t\t  \n\t\t\t\t\t                  \t  \n\t\t\t\t\t                \t  \n\t\t\t\t\t                \t  \n\t\t\t\t\t                \t  \t\n\t\t\t\t\t\t            <\/div>\n\t\t\t\t\t\t\t    <\/div>\n\t\t\t\t\t\t\t    <div class=\"team-content\">\n\t\t\t\t                <h3 class=\"team-name\"><a href=\"#\">Ver\u00f3nica Tobar Gallardo<\/a><\/h3>\n\t\t\t\t                <span class=\"team-title\"><\/span>\n\t\t\t\t\t\t    <\/div>\n\t\t\t\t\t\t<\/div>\n\t\t\t\t\t<\/div><div class=\"team-item col-md-3 col-sm-6 col-xs-12 \">\n\t\t\t\t\t\t\t<div class=\"team-item\">\n\t\t\t\t\t\t\t    <div class=\"team-img\">\n\t\t\t\t\t\t\t        <img decoding=\"async\" src=\"http:\/\/etchegoyen.cl\/jardingotadeleche\/wp-content\/uploads\/2023\/01\/TEPHANIE-TOLEDO-AREVALO.jpg\" alt=\"Stephanie Toledo Ar\u00e9valo\" \/>\n\t\t\t\t\t\t\t        <div class=\"team-social\">\t\t\t  \n\t\t\t\t\t                  \t  \n\t\t\t\t\t                \t  \n\t\t\t\t\t                \t  \n\t\t\t\t\t                \t  \t\n\t\t\t\t\t\t            <\/div>\n\t\t\t\t\t\t\t    <\/div>\n\t\t\t\t\t\t\t    <div class=\"team-content\">\n\t\t\t\t                <h3 class=\"team-name\"><a href=\"#\">Stephanie Toledo Ar\u00e9valo<\/a><\/h3>\n\t\t\t\t                <span class=\"team-title\"><\/span>\n\t\t\t\t\t\t    <\/div>\n\t\t\t\t\t\t<\/div>\n\t\t\t\t\t<\/div><div class=\"team-item col-md-3 col-sm-6 col-xs-12 \">\n\t\t\t\t\t\t\t<div class=\"team-item\">\n\t\t\t\t\t\t\t    <div class=\"team-img\">\n\t\t\t\t\t\t\t        <img decoding=\"async\" src=\"http:\/\/etchegoyen.cl\/jardingotadeleche\/wp-content\/uploads\/2023\/01\/TEPHANIE-ALARCON-SANCHEZ.jpg\" alt=\"Stephanie Alarc\u00f3n S\u00e1nchez\" \/>\n\t\t\t\t\t\t\t        <div class=\"team-social\">\t\t\t  \n\t\t\t\t\t                  \t  \n\t\t\t\t\t                \t  \n\t\t\t\t\t                \t  \n\t\t\t\t\t                \t  \t\n\t\t\t\t\t\t            <\/div>\n\t\t\t\t\t\t\t    <\/div>\n\t\t\t\t\t\t\t    <div class=\"team-content\">\n\t\t\t\t                <h3 class=\"team-name\"><a href=\"#\">Stephanie Alarc\u00f3n S\u00e1nchez<\/a><\/h3>\n\t\t\t\t                <span class=\"team-title\"><\/span>\n\t\t\t\t\t\t    <\/div>\n\t\t\t\t\t\t<\/div>\n\t\t\t\t\t<\/div><div class=\"team-item col-md-3 col-sm-6 col-xs-12 \">\n\t\t\t\t\t\t\t<div class=\"team-item\">\n\t\t\t\t\t\t\t    <div class=\"team-img\">\n\t\t\t\t\t\t\t        <img decoding=\"async\" src=\"http:\/\/etchegoyen.cl\/jardingotadeleche\/wp-content\/uploads\/2023\/01\/OSSANA-SOTO-RAMOS.jpg\" alt=\"Rossana Soto Ramos\" \/>\n\t\t\t\t\t\t\t        <div class=\"team-social\">\t\t\t  \n\t\t\t\t\t                  \t  \n\t\t\t\t\t                \t  \n\t\t\t\t\t                \t  \n\t\t\t\t\t                \t  \t\n\t\t\t\t\t\t            <\/div>\n\t\t\t\t\t\t\t    <\/div>\n\t\t\t\t\t\t\t    <div class=\"team-content\">\n\t\t\t\t                <h3 class=\"team-name\"><a href=\"#\">Rossana Soto Ramos<\/a><\/h3>\n\t\t\t\t                <span class=\"team-title\"><\/span>\n\t\t\t\t\t\t    <\/div>\n\t\t\t\t\t\t<\/div>\n\t\t\t\t\t<\/div><div class=\"team-item col-md-3 col-sm-6 col-xs-12 \">\n\t\t\t\t\t\t\t<div class=\"team-item\">\n\t\t\t\t\t\t\t    <div class=\"team-img\">\n\t\t\t\t\t\t\t        <img decoding=\"async\" src=\"http:\/\/etchegoyen.cl\/jardingotadeleche\/wp-content\/uploads\/2023\/01\/OSSANA-NUNEZ-JOFRE.jpg\" alt=\"Rossana N\u00fa\u00f1ez Jofr\u00e9\" \/>\n\t\t\t\t\t\t\t        <div class=\"team-social\">\t\t\t  \n\t\t\t\t\t                  \t  \n\t\t\t\t\t                \t  \n\t\t\t\t\t                \t  \n\t\t\t\t\t                \t  \t\n\t\t\t\t\t\t            <\/div>\n\t\t\t\t\t\t\t    <\/div>\n\t\t\t\t\t\t\t    <div class=\"team-content\">\n\t\t\t\t                <h3 class=\"team-name\"><a href=\"#\">Rossana N\u00fa\u00f1ez Jofr\u00e9<\/a><\/h3>\n\t\t\t\t                <span class=\"team-title\"><\/span>\n\t\t\t\t\t\t    <\/div>\n\t\t\t\t\t\t<\/div>\n\t\t\t\t\t<\/div><div class=\"team-item col-md-3 col-sm-6 col-xs-12 \">\n\t\t\t\t\t\t\t<div class=\"team-item\">\n\t\t\t\t\t\t\t    <div class=\"team-img\">\n\t\t\t\t\t\t\t        <img decoding=\"async\" src=\"http:\/\/etchegoyen.cl\/jardingotadeleche\/wp-content\/uploads\/2023\/01\/IZBETH-ROCHA-ARANEDA.jpg\" alt=\"Lizbeth Rocha Araneda\" \/>\n\t\t\t\t\t\t\t        <div class=\"team-social\">\t\t\t  \n\t\t\t\t\t                  \t  \n\t\t\t\t\t                \t  \n\t\t\t\t\t                \t  \n\t\t\t\t\t                \t  \t\n\t\t\t\t\t\t            <\/div>\n\t\t\t\t\t\t\t    <\/div>\n\t\t\t\t\t\t\t    <div class=\"team-content\">\n\t\t\t\t                <h3 class=\"team-name\"><a href=\"#\">Lizbeth Rocha Araneda<\/a><\/h3>\n\t\t\t\t                <span class=\"team-title\"><\/span>\n\t\t\t\t\t\t    <\/div>\n\t\t\t\t\t\t<\/div>\n\t\t\t\t\t<\/div><div class=\"team-item col-md-3 col-sm-6 col-xs-12 \">\n\t\t\t\t\t\t\t<div class=\"team-item\">\n\t\t\t\t\t\t\t    <div class=\"team-img\">\n\t\t\t\t\t\t\t        <img decoding=\"async\" src=\"http:\/\/etchegoyen.cl\/jardingotadeleche\/wp-content\/uploads\/2023\/01\/OHANNA-CHAVEZ-GODOY.jpg\" alt=\"Johanna Ch\u00e1vez Godoy\" \/>\n\t\t\t\t\t\t\t        <div class=\"team-social\">\t\t\t  \n\t\t\t\t\t                  \t  \n\t\t\t\t\t                \t  \n\t\t\t\t\t                \t  \n\t\t\t\t\t                \t  \t\n\t\t\t\t\t\t            <\/div>\n\t\t\t\t\t\t\t    <\/div>\n\t\t\t\t\t\t\t    <div class=\"team-content\">\n\t\t\t\t                <h3 class=\"team-name\"><a href=\"#\">Johanna Ch\u00e1vez Godoy<\/a><\/h3>\n\t\t\t\t                <span class=\"team-title\"><\/span>\n\t\t\t\t\t\t    <\/div>\n\t\t\t\t\t\t<\/div>\n\t\t\t\t\t<\/div><div class=\"team-item col-md-3 col-sm-6 col-xs-12 \">\n\t\t\t\t\t\t\t<div class=\"team-item\">\n\t\t\t\t\t\t\t    <div class=\"team-img\">\n\t\t\t\t\t\t\t        <img decoding=\"async\" src=\"http:\/\/etchegoyen.cl\/jardingotadeleche\/wp-content\/uploads\/2023\/01\/ACQUELINE-ESCOBAR-RODRIGUEZ.jpg\" alt=\"Jacqueline Escobar Rodr\u00edguez\" \/>\n\t\t\t\t\t\t\t        <div class=\"team-social\">\t\t\t  \n\t\t\t\t\t                  \t  \n\t\t\t\t\t                \t  \n\t\t\t\t\t                \t  \n\t\t\t\t\t                \t  \t\n\t\t\t\t\t\t            <\/div>\n\t\t\t\t\t\t\t    <\/div>\n\t\t\t\t\t\t\t    <div class=\"team-content\">\n\t\t\t\t                <h3 class=\"team-name\"><a href=\"#\">Jacqueline Escobar Rodr\u00edguez<\/a><\/h3>\n\t\t\t\t                <span class=\"team-title\"><\/span>\n\t\t\t\t\t\t    <\/div>\n\t\t\t\t\t\t<\/div>\n\t\t\t\t\t<\/div><div class=\"team-item col-md-3 col-sm-6 col-xs-12 \">\n\t\t\t\t\t\t\t<div class=\"team-item\">\n\t\t\t\t\t\t\t    <div class=\"team-img\">\n\t\t\t\t\t\t\t        <img decoding=\"async\" src=\"http:\/\/etchegoyen.cl\/jardingotadeleche\/wp-content\/uploads\/2023\/01\/ANIELA-URIBE-AGUIRRE.jpg\" alt=\"Daniela Uribe Aguirre\" \/>\n\t\t\t\t\t\t\t        <div class=\"team-social\">\t\t\t  \n\t\t\t\t\t                  \t  \n\t\t\t\t\t                \t  \n\t\t\t\t\t                \t  \n\t\t\t\t\t                \t  \t\n\t\t\t\t\t\t            <\/div>\n\t\t\t\t\t\t\t    <\/div>\n\t\t\t\t\t\t\t    <div class=\"team-content\">\n\t\t\t\t                <h3 class=\"team-name\"><a href=\"#\">Daniela Uribe Aguirre<\/a><\/h3>\n\t\t\t\t                <span class=\"team-title\"><\/span>\n\t\t\t\t\t\t    <\/div>\n\t\t\t\t\t\t<\/div>\n\t\t\t\t\t<\/div><div class=\"team-item col-md-3 col-sm-6 col-xs-12 \">\n\t\t\t\t\t\t\t<div class=\"team-item\">\n\t\t\t\t\t\t\t    <div class=\"team-img\">\n\t\t\t\t\t\t\t        <img decoding=\"async\" src=\"http:\/\/etchegoyen.cl\/jardingotadeleche\/wp-content\/uploads\/2023\/01\/ANIELA-FUENTES-LEON.jpg\" alt=\"Daniela Fuentes Le\u00f3n\" \/>\n\t\t\t\t\t\t\t        <div class=\"team-social\">\t\t\t  \n\t\t\t\t\t                  \t  \n\t\t\t\t\t                \t  \n\t\t\t\t\t                \t  \n\t\t\t\t\t                \t  \t\n\t\t\t\t\t\t            <\/div>\n\t\t\t\t\t\t\t    <\/div>\n\t\t\t\t\t\t\t    <div class=\"team-content\">\n\t\t\t\t                <h3 class=\"team-name\"><a href=\"#\">Daniela Fuentes Le\u00f3n<\/a><\/h3>\n\t\t\t\t                <span class=\"team-title\"><\/span>\n\t\t\t\t\t\t    <\/div>\n\t\t\t\t\t\t<\/div>\n\t\t\t\t\t<\/div><\/div><div style=\"clear:both\"><\/div><\/div>[vc_custom_heading text=&#8221;Auxiliar de Servicios:&#8221; font_container=&#8221;tag:h2|text_align:left|color:%231e73be&#8221;]<div class=\"rs-team-style2 rs-team\"><div class=\"team-gird row\"><div class=\"team-item col-md-3 col-sm-6 col-xs-12 \">\n\t\t\t\t\t\t\t<div class=\"team-item\">\n\t\t\t\t\t\t\t    <div class=\"team-img\">\n\t\t\t\t\t\t\t        <img decoding=\"async\" src=\"\" alt=\"Marisol Ram\u00edrez Pe\u00f1a\" \/>\n\t\t\t\t\t\t\t        <div class=\"team-social\">\t\t\t  \n\t\t\t\t\t                  \t  \n\t\t\t\t\t                \t  \n\t\t\t\t\t                \t  \n\t\t\t\t\t                \t  \t\n\t\t\t\t\t\t            <\/div>\n\t\t\t\t\t\t\t    <\/div>\n\t\t\t\t\t\t\t    <div class=\"team-content\">\n\t\t\t\t                <h3 class=\"team-name\"><a href=\"#\">Marisol Ram\u00edrez Pe\u00f1a<\/a><\/h3>\n\t\t\t\t                <span class=\"team-title\"><\/span>\n\t\t\t\t\t\t    <\/div>\n\t\t\t\t\t\t<\/div>\n\t\t\t\t\t<\/div><div class=\"team-item col-md-3 col-sm-6 col-xs-12 \">\n\t\t\t\t\t\t\t<div class=\"team-item\">\n\t\t\t\t\t\t\t    <div class=\"team-img\">\n\t\t\t\t\t\t\t        <img decoding=\"async\" src=\"http:\/\/etchegoyen.cl\/jardingotadeleche\/wp-content\/uploads\/2023\/01\/ROMINA-ARIAS-MEJIAS.jpg\" alt=\"Romina Arias Mej\u00edas\" \/>\n\t\t\t\t\t\t\t        <div class=\"team-social\">\t\t\t  \n\t\t\t\t\t                  \t  \n\t\t\t\t\t                \t  \n\t\t\t\t\t                \t  \n\t\t\t\t\t                \t  \t\n\t\t\t\t\t\t            <\/div>\n\t\t\t\t\t\t\t    <\/div>\n\t\t\t\t\t\t\t    <div class=\"team-content\">\n\t\t\t\t                <h3 class=\"team-name\"><a href=\"#\">Romina Arias Mej\u00edas<\/a><\/h3>\n\t\t\t\t                <span class=\"team-title\"><\/span>\n\t\t\t\t\t\t    <\/div>\n\t\t\t\t\t\t<\/div>\n\t\t\t\t\t<\/div><\/div><div style=\"clear:both\"><\/div><\/div>[vc_custom_heading text=&#8221;Manipuladoras de Alimentos:&#8221; font_container=&#8221;tag:h2|text_align:left|color:%231e73be&#8221;]<div class=\"rs-team-style2 rs-team\"><div class=\"team-gird row\"><div class=\"team-item col-md-3 col-sm-6 col-xs-12 \">\n\t\t\t\t\t\t\t<div class=\"team-item\">\n\t\t\t\t\t\t\t    <div class=\"team-img\">\n\t\t\t\t\t\t\t        <img decoding=\"async\" src=\"http:\/\/etchegoyen.cl\/jardingotadeleche\/wp-content\/uploads\/2023\/01\/SANDRA-ULLOA-SOTO.jpg\" alt=\"Sandra Ulloa Soto\" \/>\n\t\t\t\t\t\t\t        <div class=\"team-social\">\t\t\t  \n\t\t\t\t\t                  \t  \n\t\t\t\t\t                \t  \n\t\t\t\t\t                \t  \n\t\t\t\t\t                \t  \t\n\t\t\t\t\t\t            <\/div>\n\t\t\t\t\t\t\t    <\/div>\n\t\t\t\t\t\t\t    <div class=\"team-content\">\n\t\t\t\t                <h3 class=\"team-name\"><a href=\"#\">Sandra Ulloa Soto<\/a><\/h3>\n\t\t\t\t                <span class=\"team-title\"><\/span>\n\t\t\t\t\t\t    <\/div>\n\t\t\t\t\t\t<\/div>\n\t\t\t\t\t<\/div><div class=\"team-item col-md-3 col-sm-6 col-xs-12 \">\n\t\t\t\t\t\t\t<div class=\"team-item\">\n\t\t\t\t\t\t\t    <div class=\"team-img\">\n\t\t\t\t\t\t\t        <img decoding=\"async\" src=\"http:\/\/etchegoyen.cl\/jardingotadeleche\/wp-content\/uploads\/2023\/01\/HAYDEE-SALAZAR-CASTILLO.jpg\" alt=\"Hayd\u00e9e Salazar Castillo\" \/>\n\t\t\t\t\t\t\t        <div class=\"team-social\">\t\t\t  \n\t\t\t\t\t                  \t  \n\t\t\t\t\t                \t  \n\t\t\t\t\t                \t  \n\t\t\t\t\t                \t  \t\n\t\t\t\t\t\t            <\/div>\n\t\t\t\t\t\t\t    <\/div>\n\t\t\t\t\t\t\t    <div class=\"team-content\">\n\t\t\t\t                <h3 class=\"team-name\"><a href=\"#\">Hayd\u00e9e Salazar Castillo<\/a><\/h3>\n\t\t\t\t                <span class=\"team-title\"><\/span>\n\t\t\t\t\t\t    <\/div>\n\t\t\t\t\t\t<\/div>\n\t\t\t\t\t<\/div><div class=\"team-item col-md-3 col-sm-6 col-xs-12 \">\n\t\t\t\t\t\t\t<div class=\"team-item\">\n\t\t\t\t\t\t\t    <div class=\"team-img\">\n\t\t\t\t\t\t\t        <img decoding=\"async\" src=\"http:\/\/etchegoyen.cl\/jardingotadeleche\/wp-content\/uploads\/2023\/01\/ESMERITA-MUNOZ-CONTRERAS.jpg\" alt=\"Esmerita Mu\u00f1oz Contreras\" \/>\n\t\t\t\t\t\t\t        <div class=\"team-social\">\t\t\t  \n\t\t\t\t\t                  \t  \n\t\t\t\t\t                \t  \n\t\t\t\t\t                \t  \n\t\t\t\t\t                \t  \t\n\t\t\t\t\t\t            <\/div>\n\t\t\t\t\t\t\t    <\/div>\n\t\t\t\t\t\t\t    <div class=\"team-content\">\n\t\t\t\t                <h3 class=\"team-name\"><a href=\"#\">Esmerita Mu\u00f1oz Contreras<\/a><\/h3>\n\t\t\t\t                <span class=\"team-title\"><\/span>\n\t\t\t\t\t\t    <\/div>\n\t\t\t\t\t\t<\/div>\n\t\t\t\t\t<\/div><\/div><div style=\"clear:both\"><\/div><\/div>[\/vc_column][\/vc_row]<\/p>\n<\/section>","protected":false},"excerpt":{"rendered":"<p>[vc_row][vc_column][vc_custom_heading text=&#8221;Educadoras de P\u00e1rvulos:&#8221; font_container=&#8221;tag:h2|text_align:left|color:%231e73be&#8221;][vc_custom_heading text=&#8221;T\u00e9cnicos en Educaci\u00f3n de P\u00e1rvulos:&#8221; font_container=&#8221;tag:h2|text_align:left|color:%231e73be&#8221;][vc_custom_heading text=&#8221;Auxiliar de Servicios:&#8221; font_container=&#8221;tag:h2|text_align:left|color:%231e73be&#8221;][vc_custom_heading text=&#8221;Manipuladoras de Alimentos:&#8221; font_container=&#8221;tag:h2|text_align:left|color:%231e73be&#8221;][\/vc_column]&#8230;<\/p>\n","protected":false},"author":1,"featured_media":0,"parent":0,"menu_order":0,"comment_status":"closed","ping_status":"closed","template":"","meta":{"footnotes":"","_links_to":"","_links_to_target":""},"class_list":["post-6470","page","type-page","status-publish","hentry"],"_links":{"self":[{"href":"http:\/\/etchegoyen.cl\/jardingotadeleche\/wp-json\/wp\/v2\/pages\/6470","targetHints":{"allow":["GET"]}}],"collection":[{"href":"http:\/\/etchegoyen.cl\/jardingotadeleche\/wp-json\/wp\/v2\/pages"}],"about":[{"href":"http:\/\/etchegoyen.cl\/jardingotadeleche\/wp-json\/wp\/v2\/types\/page"}],"author":[{"embeddable":true,"href":"http:\/\/etchegoyen.cl\/jardingotadeleche\/wp-json\/wp\/v2\/users\/1"}],"replies":[{"embeddable":true,"href":"http:\/\/etchegoyen.cl\/jardingotadeleche\/wp-json\/wp\/v2\/comments?post=6470"}],"version-history":[{"count":11,"href":"http:\/\/etchegoyen.cl\/jardingotadeleche\/wp-json\/wp\/v2\/pages\/6470\/revisions"}],"predecessor-version":[{"id":6859,"href":"http:\/\/etchegoyen.cl\/jardingotadeleche\/wp-json\/wp\/v2\/pages\/6470\/revisions\/6859"}],"wp:attachment":[{"href":"http:\/\/etchegoyen.cl\/jardingotadeleche\/wp-json\/wp\/v2\/media?parent=6470"}],"curies":[{"name":"wp","href":"https:\/\/api.w.org\/{rel}","templated":true}]}}