{"id":6519,"date":"2022-11-22T14:45:16","date_gmt":"2022-11-22T14:45:16","guid":{"rendered":"http:\/\/etchegoyen.cl\/jardingotadeleche\/?page_id=6519"},"modified":"2022-12-19T17:51:10","modified_gmt":"2022-12-19T17:51:10","slug":"convivencia-escolar","status":"publish","type":"page","link":"http:\/\/etchegoyen.cl\/jardingotadeleche\/convivencia-escolar\/","title":{"rendered":"REGLAMENTO CONVIVENCIA ESCOLAR"},"content":{"rendered":"<section class=\"wpb-content-wrapper\"><p>[vc_row][vc_column][vc_custom_heading text=&#8221;REGLAMENTO INTERNO DE CONVIVENCIA Y NORMAS DE FUNCIONAMIENTO&#8221; font_container=&#8221;tag:h2|text_align:left|color:%231e73be&#8221;][vc_column_text]<\/p>\n<div style=\"text-align: justify;\"><span lang=\"ES\">El presente reglamento interno de convivencia y normas de funcionamiento de Sala Cuna y Jard\u00edn Infantil \u201cGota de Leche\u201d administrado por Corporaci\u00f3n Educacional Mas\u00f3nica de Talcahuano y con transferencia de Fondos JUNJI,\u00a0 se ha elaborado de acuerdo a\u00a0 la necesidad de contar con claridad acerca de las condiciones que regulan y ejecuten\u00a0 en forma coordinada y coherente los lineamientos, normas y orientaciones t\u00e9cnicos administrativas y pedag\u00f3gicas de la instituci\u00f3n, vigentes desde el\u00a0 a\u00f1o 2008 y\u00a0 la ley de JUNJI N\u00ba 17.301 a\u00f1o 1970 (\u201ccrear y planificar, coordinar, promover, estimular y supervigilar la organizaci\u00f3n y funcionamiento de los jardines infantiles\u201d como tambi\u00e9n establecer normas de funcionamiento, de convivencia y buen trato tenido como foco principal el desarrollo y la formaci\u00f3n integral de los ni\u00f1os y ni\u00f1as. <\/span><\/div>\n<p>[\/vc_column_text][vc_btn title=&#8221;DESCARGAR REGLAMENTO COMPLETO EN PDF&#8221; color=&#8221;danger&#8221; i_icon_fontawesome=&#8221;far fa-file-pdf&#8221; css_animation=&#8221;bounceIn&#8221; add_icon=&#8221;true&#8221; link=&#8221;url:http%3A%2F%2Fetchegoyen.cl%2Fjardingotadeleche%2Fwp-content%2Fuploads%2F2022%2F12%2FREGLAMENTO-INTERNO-DE-CONVIVENCIA-2022-2.pdf|target:_blank&#8221;][\/vc_column][\/vc_row]<\/p>\n<\/section>","protected":false},"excerpt":{"rendered":"<p>[vc_row][vc_column][vc_custom_heading text=&#8221;REGLAMENTO INTERNO DE CONVIVENCIA Y NORMAS DE FUNCIONAMIENTO&#8221; font_container=&#8221;tag:h2|text_align:left|color:%231e73be&#8221;][vc_column_text] El presente reglamento interno de convivencia y normas de funcionamiento de Sala Cuna y Jard\u00edn Infantil \u201cGota de&#8230;<\/p>\n","protected":false},"author":1,"featured_media":0,"parent":0,"menu_order":0,"comment_status":"closed","ping_status":"closed","template":"","meta":{"footnotes":"","_links_to":"","_links_to_target":""},"class_list":["post-6519","page","type-page","status-publish","hentry"],"_links":{"self":[{"href":"http:\/\/etchegoyen.cl\/jardingotadeleche\/wp-json\/wp\/v2\/pages\/6519","targetHints":{"allow":["GET"]}}],"collection":[{"href":"http:\/\/etchegoyen.cl\/jardingotadeleche\/wp-json\/wp\/v2\/pages"}],"about":[{"href":"http:\/\/etchegoyen.cl\/jardingotadeleche\/wp-json\/wp\/v2\/types\/page"}],"author":[{"embeddable":true,"href":"http:\/\/etchegoyen.cl\/jardingotadeleche\/wp-json\/wp\/v2\/users\/1"}],"replies":[{"embeddable":true,"href":"http:\/\/etchegoyen.cl\/jardingotadeleche\/wp-json\/wp\/v2\/comments?post=6519"}],"version-history":[{"count":6,"href":"http:\/\/etchegoyen.cl\/jardingotadeleche\/wp-json\/wp\/v2\/pages\/6519\/revisions"}],"predecessor-version":[{"id":6781,"href":"http:\/\/etchegoyen.cl\/jardingotadeleche\/wp-json\/wp\/v2\/pages\/6519\/revisions\/6781"}],"wp:attachment":[{"href":"http:\/\/etchegoyen.cl\/jardingotadeleche\/wp-json\/wp\/v2\/media?parent=6519"}],"curies":[{"name":"wp","href":"https:\/\/api.w.org\/{rel}","templated":true}]}}