{"id":6523,"date":"2022-11-22T14:46:14","date_gmt":"2022-11-22T14:46:14","guid":{"rendered":"http:\/\/etchegoyen.cl\/jardingotadeleche\/?page_id=6523"},"modified":"2026-03-24T18:08:45","modified_gmt":"2026-03-24T18:08:45","slug":"prevencion-de-riesgos","status":"publish","type":"page","link":"http:\/\/etchegoyen.cl\/jardingotadeleche\/prevencion-de-riesgos\/","title":{"rendered":"PREVENCI\u00d3N DE RIESGOS"},"content":{"rendered":"<section class=\"wpb-content-wrapper\"><p>[vc_row][vc_column][vc_single_image image=&#8221;7407&#8243; img_size=&#8221;medium&#8221; alignment=&#8221;center&#8221;][vc_column_text]En materia de Prevenci\u00f3n de Riesgos en nuestros establecimientos se trabaja activamente con dos Comit\u00e9s, uno es el Comit\u00e9 Paritario de Higiene y Seguridad, cuya finalidad es prevenir accidentes y enfermedades laborales.<\/p>\n<p>En este comit\u00e9 participan activamente 6 representantes designados por la Corporaci\u00f3n y 6 representantes elegidos por los funcionarios, los que trabajan en base a un Plan Anual de actividades distribuidos en 3 comisiones paritarias de Observaci\u00f3n e Inspecci\u00f3n de seguridad, Investigaci\u00f3n de accidentes en el trabajo, trayecto y enfermedades profesionales y Capacitaci\u00f3n y Difusi\u00f3n.<\/p>\n<p>El otro es el Comit\u00e9 de Emergencias, donde los miembros del establecimiento tienes asignadas sus funciones para proteger la vida e integridad f\u00edsica de la comunidad escolar y las instalaciones, coordinando las acciones necesarias ante una emergencia.<\/p>\n<p>Ambos Comit\u00e9s son apoyados por nuestra Asesor en Prevenci\u00f3n de Riesgos Sra. Katherine Figueroa Briones, quien adem\u00e1s cuenta con el apoyo en su gesti\u00f3n de la Mutual de Seguridad.<\/p>\n<p>Dentro de las actividades que se realizan est\u00e1n:<\/p>\n<p>\uf0fc Curso de Capacitaci\u00f3n a los funcionarios Docentes de \u201cT\u00e9cnica Vocal\u201d Impartido por fonoaudi\u00f3logo Mutual de Seguridad C.ChC.<br \/>\n\uf0fc Capacitaci\u00f3n en el Uso y Manejo de Extintor.<br \/>\n\uf0fc Capacitaci\u00f3n en Primeros Auxilios. (Maniobras de RCP, Uso de DEA y Atragantamiento)<br \/>\n\uf0fc Implementaci\u00f3n de Se\u00f1al\u00e9tica de informaci\u00f3n y advertencia en todas las dependencias.<br \/>\n\uf0fc Realizaci\u00f3n de Simulacros de Incendio, Sismo, Alerta de Tsunami, Artefacto Explosivo, alteraci\u00f3n del orden p\u00fablico, tromba o tornado y Accidente.<\/p>\n<p><strong>PLAN INTEGRAL DE SEGURIDAD ESCOLAR:<\/strong><\/p>\n<p><img loading=\"lazy\" decoding=\"async\" class=\"aligncenter size-full wp-image-6782\" src=\"http:\/\/etchegoyen.cl\/jardingotadeleche\/wp-content\/uploads\/2022\/12\/Captura-de-pantalla-324.png\" alt=\"\" width=\"1015\" height=\"765\" srcset=\"http:\/\/etchegoyen.cl\/jardingotadeleche\/wp-content\/uploads\/2022\/12\/Captura-de-pantalla-324.png 1015w, http:\/\/etchegoyen.cl\/jardingotadeleche\/wp-content\/uploads\/2022\/12\/Captura-de-pantalla-324-300x226.png 300w, http:\/\/etchegoyen.cl\/jardingotadeleche\/wp-content\/uploads\/2022\/12\/Captura-de-pantalla-324-768x579.png 768w, http:\/\/etchegoyen.cl\/jardingotadeleche\/wp-content\/uploads\/2022\/12\/Captura-de-pantalla-324-154x116.png 154w, http:\/\/etchegoyen.cl\/jardingotadeleche\/wp-content\/uploads\/2022\/12\/Captura-de-pantalla-324-360x270.png 360w\" sizes=\"auto, (max-width: 1015px) 100vw, 1015px\" \/>[\/vc_column_text][vc_btn title=&#8221;DESCARGAR PLAN INTEGRAL DE SEGURIDAD ESCOLAR &#8211; 2022&#8243; color=&#8221;danger&#8221; link=&#8221;url:http%3A%2F%2Fetchegoyen.cl%2Fjardingotadeleche%2Fwp-content%2Fuploads%2F2022%2F12%2FPLAN-INTEGRAL-DE-SEGURIDAD-ESCOLAR-2022.pdf|target:_blank&#8221;][vc_column_text]https:\/\/youtu.be\/G_N9t43Qdl4?si=2AGxYn1ZSzBGNHiF[\/vc_column_text][\/vc_column][\/vc_row]<\/p>\n<\/section>","protected":false},"excerpt":{"rendered":"<p>[vc_row][vc_column][vc_single_image image=&#8221;7407&#8243; img_size=&#8221;medium&#8221; alignment=&#8221;center&#8221;][vc_column_text]En materia de Prevenci\u00f3n de Riesgos en nuestros establecimientos se trabaja activamente con dos Comit\u00e9s, uno es el Comit\u00e9 Paritario de Higiene y Seguridad, cuya&#8230;<\/p>\n","protected":false},"author":1,"featured_media":0,"parent":0,"menu_order":0,"comment_status":"closed","ping_status":"closed","template":"","meta":{"footnotes":"","_links_to":"","_links_to_target":""},"class_list":["post-6523","page","type-page","status-publish","hentry"],"_links":{"self":[{"href":"http:\/\/etchegoyen.cl\/jardingotadeleche\/wp-json\/wp\/v2\/pages\/6523","targetHints":{"allow":["GET"]}}],"collection":[{"href":"http:\/\/etchegoyen.cl\/jardingotadeleche\/wp-json\/wp\/v2\/pages"}],"about":[{"href":"http:\/\/etchegoyen.cl\/jardingotadeleche\/wp-json\/wp\/v2\/types\/page"}],"author":[{"embeddable":true,"href":"http:\/\/etchegoyen.cl\/jardingotadeleche\/wp-json\/wp\/v2\/users\/1"}],"replies":[{"embeddable":true,"href":"http:\/\/etchegoyen.cl\/jardingotadeleche\/wp-json\/wp\/v2\/comments?post=6523"}],"version-history":[{"count":10,"href":"http:\/\/etchegoyen.cl\/jardingotadeleche\/wp-json\/wp\/v2\/pages\/6523\/revisions"}],"predecessor-version":[{"id":7408,"href":"http:\/\/etchegoyen.cl\/jardingotadeleche\/wp-json\/wp\/v2\/pages\/6523\/revisions\/7408"}],"wp:attachment":[{"href":"http:\/\/etchegoyen.cl\/jardingotadeleche\/wp-json\/wp\/v2\/media?parent=6523"}],"curies":[{"name":"wp","href":"https:\/\/api.w.org\/{rel}","templated":true}]}}