{"id":10090,"date":"2025-08-14T16:16:14","date_gmt":"2025-08-14T16:16:14","guid":{"rendered":"http:\/\/etchegoyen.cl\/sedebrisadelsol\/?page_id=10090"},"modified":"2025-08-14T16:28:50","modified_gmt":"2025-08-14T16:28:50","slug":"postulacion-becas-2026","status":"publish","type":"page","link":"http:\/\/etchegoyen.cl\/sedebrisadelsol\/postulacion-becas-2026\/","title":{"rendered":"POSTULACI\u00d3N BECAS 2026"},"content":{"rendered":"<section class=\"wpb-content-wrapper\"><p>[vc_row][vc_column][vc_single_image image=&#8221;10083&#8243; img_size=&#8221;LARGE&#8221; alignment=&#8221;center&#8221;][vc_column_text]<\/p>\n<div>\n<p style=\"text-align: justify;\"><span class=\"gmail_default\">Sr.<\/span>(a) Apoderado(a),<\/p>\n<p style=\"text-align: justify;\"><i>Junto con saludarlo, le informamos que el proceso de becas a\u00f1o 202<span class=\"gmail_default\">6<\/span>\u00a0comienza el d\u00eda lunes\u00a0<span class=\"gmail_default\">18<\/span>\u00a0de\u00a0<span class=\"gmail_default\">agosto<\/span>\u00a0y finaliza el d\u00eda\u00a0<span class=\"gmail_default\">viernes 26<\/span>\u00a0<span class=\"gmail_default\">de septiembre<\/span>\u00a0del a\u00f1o 202<span class=\"gmail_default\">5<\/span>. La ficha de postulaci\u00f3n y antecedentes debe ser entregada de manera presencial a la Trabajadora social. S\u00f3lo se reciben postulaciones que adjunten toda la documentaci\u00f3n solicitada, la ausencia de informaci\u00f3n es causa de no cumplimiento de los requisitos solicitados, por lo que quedar\u00e1 excluido para ser presentado ante la Comisi\u00f3n de Becas. Formularios de postulaci\u00f3n quedar\u00e1n en porter\u00eda para quienes deseen postular. La entrega se realiza desde las 09:00 hrs, hasta las 13:00 hrs.\u00a0<\/i><\/p>\n<\/div>\n<div>\n<div class=\"gmail_default\" style=\"text-align: justify;\"><i>Desde el d\u00eda lunes 22 septiembre, al d\u00eda viernes 26 de septiembre s\u00f3lo se atender\u00e1n a los primeros 15 apoderados (as) que lleguen al colegio\u201d.\u00a0<\/i><\/div>\n<\/div>\n<p>[\/vc_column_text][vc_btn title=&#8221;FORMULARIO DE POSTULACI\u00d3N A BECAS 2026&#8243; color=&#8221;success&#8221; i_icon_fontawesome=&#8221;fas fa-file-pdf&#8221; add_icon=&#8221;true&#8221; link=&#8221;url:http%3A%2F%2Fetchegoyen.cl%2Fsedebrisadelsol%2Fwp-content%2Fuploads%2F2025%2F08%2FFICHA-POSTULACION-ANO-2026.docx&#8221;][\/vc_column][\/vc_row]<\/p>\n<\/section>","protected":false},"excerpt":{"rendered":"<p>[vc_row][vc_column][vc_single_image image=&#8221;10083&#8243; img_size=&#8221;LARGE&#8221; alignment=&#8221;center&#8221;][vc_column_text] Sr.(a) Apoderado(a), Junto con saludarlo, le informamos que el proceso de becas a\u00f1o 2026\u00a0comienza el d\u00eda lunes\u00a018\u00a0de\u00a0agosto\u00a0y finaliza el d\u00eda\u00a0viernes 26\u00a0de septiembre\u00a0del a\u00f1o 2025&#8230;.<\/p>\n","protected":false},"author":1,"featured_media":0,"parent":0,"menu_order":0,"comment_status":"closed","ping_status":"closed","template":"","meta":{"footnotes":"","_links_to":"","_links_to_target":""},"class_list":["post-10090","page","type-page","status-publish","hentry"],"_links":{"self":[{"href":"http:\/\/etchegoyen.cl\/sedebrisadelsol\/wp-json\/wp\/v2\/pages\/10090","targetHints":{"allow":["GET"]}}],"collection":[{"href":"http:\/\/etchegoyen.cl\/sedebrisadelsol\/wp-json\/wp\/v2\/pages"}],"about":[{"href":"http:\/\/etchegoyen.cl\/sedebrisadelsol\/wp-json\/wp\/v2\/types\/page"}],"author":[{"embeddable":true,"href":"http:\/\/etchegoyen.cl\/sedebrisadelsol\/wp-json\/wp\/v2\/users\/1"}],"replies":[{"embeddable":true,"href":"http:\/\/etchegoyen.cl\/sedebrisadelsol\/wp-json\/wp\/v2\/comments?post=10090"}],"version-history":[{"count":9,"href":"http:\/\/etchegoyen.cl\/sedebrisadelsol\/wp-json\/wp\/v2\/pages\/10090\/revisions"}],"predecessor-version":[{"id":10100,"href":"http:\/\/etchegoyen.cl\/sedebrisadelsol\/wp-json\/wp\/v2\/pages\/10090\/revisions\/10100"}],"wp:attachment":[{"href":"http:\/\/etchegoyen.cl\/sedebrisadelsol\/wp-json\/wp\/v2\/media?parent=10090"}],"curies":[{"name":"wp","href":"https:\/\/api.w.org\/{rel}","templated":true}]}}