{"id":10686,"date":"2026-03-10T17:55:27","date_gmt":"2026-03-10T17:55:27","guid":{"rendered":"https:\/\/etchegoyen.cl\/sedebrisadelsol\/?page_id=10686"},"modified":"2026-03-10T17:59:42","modified_gmt":"2026-03-10T17:59:42","slug":"informatica","status":"publish","type":"page","link":"http:\/\/etchegoyen.cl\/sedebrisadelsol\/informatica\/","title":{"rendered":"INFORM\u00c1TICA"},"content":{"rendered":"<section class=\"wpb-content-wrapper\"><p>[vc_row][vc_column][vc_single_image image=&#8221;10688&#8243; img_size=&#8221;LARGE&#8221; alignment=&#8221;center&#8221;][vc_column_text]<\/p>\n<h3 style=\"text-align: center;\"><strong>Marcelo Reyes Galindo<\/strong><\/h3>\n<p>[\/vc_column_text][vc_column_text]<\/p>\n<h2 style=\"text-align: center;\">Innovaci\u00f3n y Tecnolog\u00eda al Servicio de la Educaci\u00f3n<\/h2>\n<p style=\"text-align: justify;\">El encargado de inform\u00e1tica del Colegio Etchegoyen Brisa del Sol, desempe\u00f1a un papel importante para garantizar que la tecnolog\u00eda se utilice de manera efectiva apoyando los procesos educativos, proporcionando un entorno inform\u00e1tico seguro y funcional para los estudiantes de nuestro establecimiento. Es el garante de la seguridad de la informaci\u00f3n tomando medidas para proteger la red, los sistemas y la informaci\u00f3n confidencial, basado en las Leyes Inform\u00e1ticas vigentes. Cumple con apoyar la labor de nuestros docentes en el uso de las TIC&#8217;s en el aula, as\u00ed tambi\u00e9n la del personal del establecimiento, coordinando, supervisando, asesorando y capacitando cuando sea necesario.<\/p>\n<p style=\"text-align: justify;\">\u201cEn un mundo cada vez m\u00e1s digitalizado, el papel de la inform\u00e1tica en la educaci\u00f3n es crucial, y como parte de nuestro compromiso con la excelencia acad\u00e9mica, es fundamental que aprovechemos al m\u00e1ximo las herramientas y recursos que \u00e9sta nos brinda.<\/p>\n<p style=\"text-align: justify;\">Quiero destacar la importancia de la Inform\u00e1tica en el desarrollo de habilidades clave para el siglo XXI. La inform\u00e1tica no solo es sobre computadoras y software, sino sobre la capacidad de pensar cr\u00edticamente, investigar y trabajar con informaci\u00f3n concreta, resolver problemas y colaborar de manera efectiva. Estamos comprometidos a proporcionar a nuestros estudiantes las habilidades necesarias para tener \u00e9xito en un entorno cada vez m\u00e1s digital.<\/p>\n<p style=\"text-align: justify;\">Adem\u00e1s, quiero animarlos a aprovechar los recursos tecnol\u00f3gicos disponibles. Nuestra instituci\u00f3n cuenta con laboratorios de inform\u00e1tica, acceso a plataformas educativas en l\u00ednea y recursos digitales que complementan y enriquecen la experiencia de aprendizaje. Estamos aqu\u00ed para brindar apoyo y orientaci\u00f3n en el uso efectivo de estas herramientas.<\/p>\n<p style=\"text-align: justify;\">Finalmente, los invito a mantener un di\u00e1logo abierto con nosotros. Sus comentarios, sugerencias y preocupaciones son fundamentales para mejorar continuamente nuestros servicios y adaptarnos a las cambiantes necesidades tecnol\u00f3gicas de nuestra comunidad educativa.<\/p>\n<p style=\"text-align: justify;\"><em>Marcelo Reyes Galindo, Encargado de Inform\u00e1tica Colegio Etchegoyen, sede Brisa del Sol<\/em><\/p>\n<p>[\/vc_column_text][\/vc_column][\/vc_row]<\/p>\n<\/section>","protected":false},"excerpt":{"rendered":"<p>[vc_row][vc_column][vc_single_image image=&#8221;10688&#8243; img_size=&#8221;LARGE&#8221; alignment=&#8221;center&#8221;][vc_column_text] Marcelo Reyes Galindo [\/vc_column_text][vc_column_text] Innovaci\u00f3n y Tecnolog\u00eda al Servicio de la Educaci\u00f3n El encargado de inform\u00e1tica del Colegio Etchegoyen Brisa del Sol, desempe\u00f1a un&#8230;<\/p>\n","protected":false},"author":1,"featured_media":0,"parent":0,"menu_order":0,"comment_status":"closed","ping_status":"closed","template":"","meta":{"footnotes":"","_links_to":"","_links_to_target":""},"class_list":["post-10686","page","type-page","status-publish","hentry"],"_links":{"self":[{"href":"http:\/\/etchegoyen.cl\/sedebrisadelsol\/wp-json\/wp\/v2\/pages\/10686","targetHints":{"allow":["GET"]}}],"collection":[{"href":"http:\/\/etchegoyen.cl\/sedebrisadelsol\/wp-json\/wp\/v2\/pages"}],"about":[{"href":"http:\/\/etchegoyen.cl\/sedebrisadelsol\/wp-json\/wp\/v2\/types\/page"}],"author":[{"embeddable":true,"href":"http:\/\/etchegoyen.cl\/sedebrisadelsol\/wp-json\/wp\/v2\/users\/1"}],"replies":[{"embeddable":true,"href":"http:\/\/etchegoyen.cl\/sedebrisadelsol\/wp-json\/wp\/v2\/comments?post=10686"}],"version-history":[{"count":5,"href":"http:\/\/etchegoyen.cl\/sedebrisadelsol\/wp-json\/wp\/v2\/pages\/10686\/revisions"}],"predecessor-version":[{"id":10693,"href":"http:\/\/etchegoyen.cl\/sedebrisadelsol\/wp-json\/wp\/v2\/pages\/10686\/revisions\/10693"}],"wp:attachment":[{"href":"http:\/\/etchegoyen.cl\/sedebrisadelsol\/wp-json\/wp\/v2\/media?parent=10686"}],"curies":[{"name":"wp","href":"https:\/\/api.w.org\/{rel}","templated":true}]}}