{"id":522,"date":"2018-05-08T11:38:24","date_gmt":"2018-05-08T11:38:24","guid":{"rendered":"http:\/\/keenitsolutions.com\/products\/wordpress\/rsconstruction\/?page_id=522"},"modified":"2025-11-13T13:11:27","modified_gmt":"2025-11-13T13:11:27","slug":"home-4","status":"publish","type":"page","link":"http:\/\/etchegoyen.cl\/sedebrisadelsol\/","title":{"rendered":"INICIO"},"content":{"rendered":"<section class=\"wpb-content-wrapper\"><p>[vc_row el_id=&#8221;rs-services&#8221; css=&#8221;.vc_custom_1534248698130{margin-bottom: 90px !important;}&#8221; el_class=&#8221;rs-services-responsive&#8221;][vc_column width=&#8221;1\/4&#8243;]\n\t\t\t<div  class=\"rs-services-style1   top\">\n\t\t\t\t<div class=\"services-item rs-animation-hover\"  style=\"background: #018e03\">\n\t\t\t\t    <div class=\"services-icon\"  style=\"background: #018e03\">\n\t\t\t\t        <i  style=\"color: #ffffff\"class=\"vc_icon_element-icon fas fa-hospital-alt rs-animation-scale-up\"><\/i>\n\t\t\t\t    <\/div>\n\t\t\t\t    <div class=\"services-desc\">\n\t\t\t\t        <h4 class=\"services-title\"><a  href=\"https:\/\/etchegoyen.cl\/sedebrisadelsol\/matriculas-2026\/\" title=\"MATR\u00cdCULAS 2026\" target=\"_blank\">MATR\u00cdCULAS 2026<\/a><\/h4>\n\t\t\t\t        <p >Proceso Matr\u00edculas A\u00f1o 2026<\/p>\n\t\t\t\t    <\/div>\n\t\t\t\t<\/div>\n\t\t\t<\/div>\n\t\t\t[\/vc_column][vc_column width=&#8221;1\/4&#8243;]\n\t\t\t<div  class=\"rs-services-style1   top\">\n\t\t\t\t<div class=\"services-item rs-animation-hover\"  style=\"background: #018e03\">\n\t\t\t\t    <div class=\"services-icon\"  style=\"background: #018e03\">\n\t\t\t\t        <i  style=\"color: #ffffff\"class=\"vc_icon_element-icon fas fa-book-reader rs-animation-scale-up\"><\/i>\n\t\t\t\t    <\/div>\n\t\t\t\t    <div class=\"services-desc\">\n\t\t\t\t        <h4 class=\"services-title\"><a  href=\"http:\/\/etchegoyen.cl\/sedebrisadelsol\/postulacion-becas-2026\/\" title=\"\" target=\"_blank\">BECAS 2026<\/a><\/h4>\n\t\t\t\t        <p >Formulario de postulaci\u00f3n a BECAS 2026<\/p>\n\t\t\t\t    <\/div>\n\t\t\t\t<\/div>\n\t\t\t<\/div>\n\t\t\t[\/vc_column][vc_column width=&#8221;1\/4&#8243;]\n\t\t\t<div  class=\"rs-services-style1   top\">\n\t\t\t\t<div class=\"services-item rs-animation-hover\"  style=\"background: #006eb3\">\n\t\t\t\t    <div class=\"services-icon\"  style=\"background: #006eb3\">\n\t\t\t\t        <i  style=\"color: #ffffff\"class=\"vc_icon_element-icon fas fa-laptop-code rs-animation-scale-up\"><\/i>\n\t\t\t\t    <\/div>\n\t\t\t\t    <div class=\"services-desc\">\n\t\t\t\t        <h4 class=\"services-title\"><a  href=\"https:\/\/schoolnet.colegium.com\/webapp\/es_CL\/login\" title=\"\" target=\"_blank\">SCHOOLNET<\/a><\/h4>\n\t\t\t\t        <p >Acceso a plataforma de Registro acad\u00e9mico<\/p>\n\t\t\t\t    <\/div>\n\t\t\t\t<\/div>\n\t\t\t<\/div>\n\t\t\t[\/vc_column][vc_column width=&#8221;1\/4&#8243;]\n\t\t\t<div  class=\"rs-services-style1   top\">\n\t\t\t\t<div class=\"services-item rs-animation-hover\"  style=\"background: #006eb3\">\n\t\t\t\t    <div class=\"services-icon\"  style=\"background: #006eb3\">\n\t\t\t\t        <i  style=\"color: #ffffff\"class=\"vc_icon_element-icon fa fa-users rs-animation-scale-up\"><\/i>\n\t\t\t\t    <\/div>\n\t\t\t\t    <div class=\"services-desc\">\n\t\t\t\t        <h4 class=\"services-title\"><a  href=\"https:\/\/schoolnet.colegium.com\/webapp\/es_CL\/login\" title=\"\">PAGO EN L\u00cdNEA<\/a><\/h4>\n\t\t\t\t        <p >Acceso privado a usuarios para pagos en l\u00ednea.<\/p>\n\t\t\t\t    <\/div>\n\t\t\t\t<\/div>\n\t\t\t<\/div>\n\t\t\t[\/vc_column][\/vc_row][vc_row full_width=&#8221;stretch_row&#8221; content_placement=&#8221;middle&#8221; css=&#8221;.vc_custom_1534259102798{padding-top: 65px !important;padding-bottom: 100px !important;background-color: #f0f0f0 !important;}&#8221; el_class=&#8221;home4-post style2-slider&#8221;][vc_column width=&#8221;4\/12&#8243;][vc_wp_custommenu nav_menu=&#8221;54&#8243; title=&#8221;NAVEGACI\u00d3N:&#8221;][\/vc_column][vc_column width=&#8221;8\/12&#8243;]\n\t\t\t<div class=\"rs-latest-news\">\n\t\t\t\t<div class=\"row\">\n\n\t\t\t\t\t<div class=\"col-md-9\">\n\t\t\t\t    \t<div class=\"latest-news-slider\">\n\t\t\t\t    \t\t<div><div class=\"news-normal-block\">\n\t\t    \t\t                    <div class=\"news-img\">\n\t\t    \t\t                    \t<a href=\"http:\/\/etchegoyen.cl\/sedebrisadelsol\/?post_type=post&p=10862\">\n\t\t    \t\t                        \t<img loading=\"lazy\" decoding=\"async\" width=\"530\" height=\"248\" src=\"http:\/\/etchegoyen.cl\/sedebrisadelsol\/wp-content\/uploads\/2026\/04\/DIA-DEL-LIBRO-4-DECLAMACION-530x248.png\" class=\"attachment-eshkool_latest_blog_big size-eshkool_latest_blog_big wp-post-image\" alt=\"\" \/>\n\t\t    \t\t                    \t<\/a>\n\t\t    \t\t                    <\/div>\n\t\t    \t\t                    <div class=\"news-info\">\n\t\t\t    \t\t                \t<div class=\"news-date\">\n\t\t\t    \t\t                \t\t<i class=\"fa fa-calendar-check-o\"><\/i>\n\t\t\t    \t\t                \t\t<span>abril 17, 2026<\/span>\n\t\t\t    \t\t                \t<\/div>\n\t\t\t    \t\t                \t<h4 class=\"news-title\"><a href=\"http:\/\/etchegoyen.cl\/sedebrisadelsol\/?post_type=post&p=10862\">CONCURSO DE DECLAMACI\u00d3N<\/a><\/h4>\n\t\t\t    \t\t                \t<div class=\"news-desc\">\n\t\t\t    \t\t                \t\t<p>\n\t\t\t    \t\t                \t\t\t\n\t\t\t    \t\t                \t\t<\/p>\n\t\t\t    \t\t                \t<\/div>\n\t\t\t    \t\t                \t<div class=\"news-btn\">\n\t\t\t    \t\t                \t\t<a href=\"http:\/\/etchegoyen.cl\/sedebrisadelsol\/?post_type=post&p=10862\">Leer m\u00e1s<\/a>\n\t\t\t    \t\t                \t<\/div>\n\t\t    \t\t                \t<\/div>\n\t\t    \t\t                <\/div><\/div><div><div class=\"news-normal-block\">\n\t\t    \t\t                    <div class=\"news-img\">\n\t\t    \t\t                    \t<a href=\"http:\/\/etchegoyen.cl\/sedebrisadelsol\/?post_type=post&p=10858\">\n\t\t    \t\t                        \t<img loading=\"lazy\" decoding=\"async\" width=\"530\" height=\"248\" src=\"http:\/\/etchegoyen.cl\/sedebrisadelsol\/wp-content\/uploads\/2026\/04\/DIA-DEL-LIBRO-3-DELETREO-OK-530x248.png\" class=\"attachment-eshkool_latest_blog_big size-eshkool_latest_blog_big wp-post-image\" alt=\"\" \/>\n\t\t    \t\t                    \t<\/a>\n\t\t    \t\t                    <\/div>\n\t\t    \t\t                    <div class=\"news-info\">\n\t\t\t    \t\t                \t<div class=\"news-date\">\n\t\t\t    \t\t                \t\t<i class=\"fa fa-calendar-check-o\"><\/i>\n\t\t\t    \t\t                \t\t<span>abril 16, 2026<\/span>\n\t\t\t    \t\t                \t<\/div>\n\t\t\t    \t\t                \t<h4 class=\"news-title\"><a href=\"http:\/\/etchegoyen.cl\/sedebrisadelsol\/?post_type=post&p=10858\">CONCURSO DE DELETREO<\/a><\/h4>\n\t\t\t    \t\t                \t<div class=\"news-desc\">\n\t\t\t    \t\t                \t\t<p>\n\t\t\t    \t\t                \t\t\t\n\t\t\t    \t\t                \t\t<\/p>\n\t\t\t    \t\t                \t<\/div>\n\t\t\t    \t\t                \t<div class=\"news-btn\">\n\t\t\t    \t\t                \t\t<a href=\"http:\/\/etchegoyen.cl\/sedebrisadelsol\/?post_type=post&p=10858\">Leer m\u00e1s<\/a>\n\t\t\t    \t\t                \t<\/div>\n\t\t    \t\t                \t<\/div>\n\t\t    \t\t                <\/div><\/div><div><div class=\"news-normal-block\">\n\t\t    \t\t                    <div class=\"news-img\">\n\t\t    \t\t                    \t<a href=\"http:\/\/etchegoyen.cl\/sedebrisadelsol\/?post_type=post&p=10855\">\n\t\t    \t\t                        \t<img loading=\"lazy\" decoding=\"async\" width=\"530\" height=\"248\" src=\"http:\/\/etchegoyen.cl\/sedebrisadelsol\/wp-content\/uploads\/2026\/04\/LEYENDAS-ETCHEGOYANAS-OK-530x248.png\" class=\"attachment-eshkool_latest_blog_big size-eshkool_latest_blog_big wp-post-image\" alt=\"\" \/>\n\t\t    \t\t                    \t<\/a>\n\t\t    \t\t                    <\/div>\n\t\t    \t\t                    <div class=\"news-info\">\n\t\t\t    \t\t                \t<div class=\"news-date\">\n\t\t\t    \t\t                \t\t<i class=\"fa fa-calendar-check-o\"><\/i>\n\t\t\t    \t\t                \t\t<span>abril 16, 2026<\/span>\n\t\t\t    \t\t                \t<\/div>\n\t\t\t    \t\t                \t<h4 class=\"news-title\"><a href=\"http:\/\/etchegoyen.cl\/sedebrisadelsol\/?post_type=post&p=10855\">LEYENDAS ETCHEGOYANAS<\/a><\/h4>\n\t\t\t    \t\t                \t<div class=\"news-desc\">\n\t\t\t    \t\t                \t\t<p>\n\t\t\t    \t\t                \t\t\t\n\t\t\t    \t\t                \t\t<\/p>\n\t\t\t    \t\t                \t<\/div>\n\t\t\t    \t\t                \t<div class=\"news-btn\">\n\t\t\t    \t\t                \t\t<a href=\"http:\/\/etchegoyen.cl\/sedebrisadelsol\/?post_type=post&p=10855\">Leer m\u00e1s<\/a>\n\t\t\t    \t\t                \t<\/div>\n\t\t    \t\t                \t<\/div>\n\t\t    \t\t                <\/div><\/div>\n\t\t\t\t    \t<\/div>\t\t\t        \t\t\t\n\t\t\t\t\t<\/div>\n\n\n\t\t\t\t\t<div class=\"col-md-3\">\t\t\t        \t\t\t\n\t\t\t\t    \t<div class=\"latest-news-nav\"><div><img loading=\"lazy\" decoding=\"async\" width=\"1810\" height=\"2560\" src=\"http:\/\/etchegoyen.cl\/sedebrisadelsol\/wp-content\/uploads\/2026\/04\/DIA-DEL-LIBRO-4-DECLAMACION-scaled.png\" class=\"attachment-post-thumbnail size-post-thumbnail wp-post-image\" alt=\"\" srcset=\"http:\/\/etchegoyen.cl\/sedebrisadelsol\/wp-content\/uploads\/2026\/04\/DIA-DEL-LIBRO-4-DECLAMACION-scaled.png 1810w, http:\/\/etchegoyen.cl\/sedebrisadelsol\/wp-content\/uploads\/2026\/04\/DIA-DEL-LIBRO-4-DECLAMACION-212x300.png 212w, http:\/\/etchegoyen.cl\/sedebrisadelsol\/wp-content\/uploads\/2026\/04\/DIA-DEL-LIBRO-4-DECLAMACION-724x1024.png 724w, http:\/\/etchegoyen.cl\/sedebrisadelsol\/wp-content\/uploads\/2026\/04\/DIA-DEL-LIBRO-4-DECLAMACION-768x1086.png 768w, http:\/\/etchegoyen.cl\/sedebrisadelsol\/wp-content\/uploads\/2026\/04\/DIA-DEL-LIBRO-4-DECLAMACION-1086x1536.png 1086w, http:\/\/etchegoyen.cl\/sedebrisadelsol\/wp-content\/uploads\/2026\/04\/DIA-DEL-LIBRO-4-DECLAMACION-1448x2048.png 1448w\" sizes=\"auto, (max-width: 1810px) 100vw, 1810px\" \/><\/div><div><img loading=\"lazy\" decoding=\"async\" width=\"1240\" height=\"1754\" src=\"http:\/\/etchegoyen.cl\/sedebrisadelsol\/wp-content\/uploads\/2026\/04\/DIA-DEL-LIBRO-3-DELETREO-OK.png\" class=\"attachment-post-thumbnail size-post-thumbnail wp-post-image\" alt=\"\" srcset=\"http:\/\/etchegoyen.cl\/sedebrisadelsol\/wp-content\/uploads\/2026\/04\/DIA-DEL-LIBRO-3-DELETREO-OK.png 1240w, http:\/\/etchegoyen.cl\/sedebrisadelsol\/wp-content\/uploads\/2026\/04\/DIA-DEL-LIBRO-3-DELETREO-OK-212x300.png 212w, http:\/\/etchegoyen.cl\/sedebrisadelsol\/wp-content\/uploads\/2026\/04\/DIA-DEL-LIBRO-3-DELETREO-OK-724x1024.png 724w, http:\/\/etchegoyen.cl\/sedebrisadelsol\/wp-content\/uploads\/2026\/04\/DIA-DEL-LIBRO-3-DELETREO-OK-768x1086.png 768w, http:\/\/etchegoyen.cl\/sedebrisadelsol\/wp-content\/uploads\/2026\/04\/DIA-DEL-LIBRO-3-DELETREO-OK-1086x1536.png 1086w\" sizes=\"auto, (max-width: 1240px) 100vw, 1240px\" \/><\/div><div><img loading=\"lazy\" decoding=\"async\" width=\"1240\" height=\"1754\" src=\"http:\/\/etchegoyen.cl\/sedebrisadelsol\/wp-content\/uploads\/2026\/04\/LEYENDAS-ETCHEGOYANAS-OK.png\" class=\"attachment-post-thumbnail size-post-thumbnail wp-post-image\" alt=\"\" srcset=\"http:\/\/etchegoyen.cl\/sedebrisadelsol\/wp-content\/uploads\/2026\/04\/LEYENDAS-ETCHEGOYANAS-OK.png 1240w, http:\/\/etchegoyen.cl\/sedebrisadelsol\/wp-content\/uploads\/2026\/04\/LEYENDAS-ETCHEGOYANAS-OK-212x300.png 212w, http:\/\/etchegoyen.cl\/sedebrisadelsol\/wp-content\/uploads\/2026\/04\/LEYENDAS-ETCHEGOYANAS-OK-724x1024.png 724w, http:\/\/etchegoyen.cl\/sedebrisadelsol\/wp-content\/uploads\/2026\/04\/LEYENDAS-ETCHEGOYANAS-OK-768x1086.png 768w, http:\/\/etchegoyen.cl\/sedebrisadelsol\/wp-content\/uploads\/2026\/04\/LEYENDAS-ETCHEGOYANAS-OK-1086x1536.png 1086w\" sizes=\"auto, (max-width: 1240px) 100vw, 1240px\" \/><\/div><\/div>\n\t\t\t\t\t<\/div>\n\n\n\t\t\t\t<\/div>\n\t\t\t<\/div>\n\n\t\t[\/vc_column][\/vc_row][vc_row content_placement=&#8221;bottom&#8221; css=&#8221;.vc_custom_1534159816918{margin-bottom: 65px !important;}&#8221;][vc_column width=&#8221;7\/12&#8243;]\n        <div class=\"rs-heading style1  vc_custom_1677255894903  \">\n        \t<div class=\"title-inner\">\n\t            \n\t            <h2 >\u00bfQU\u00c9 ES APRENDER?<\/h2>\n\t        <\/div><\/div>[vc_column_text css=&#8221;.vc_custom_1677256771058{margin-bottom: 25px !important;}&#8221;]<\/p>\n<p style=\"text-align: justify;\">Definir el aprendizaje y las formas en que se adquiere o construye, es uno de los temas m\u00e1s interesantes en el campo de la educaci\u00f3n, ya que se necesitan conocer las formas en que aprenden los estudiantes para potencializar los mismos a partir del desarrollo de diversas formas de ense\u00f1anza congruentes.<strong> <a href=\"http:\/\/etchegoyen.cl\/sedebrisadelsol\/rectoria\/\">LEER M\u00c1S<\/a><\/strong><\/p>\n<p>[\/vc_column_text][vc_row_inner][vc_column_inner width=&#8221;1\/2&#8243;][vc_column_text]<\/p>\n<h4 class=\"mb-0\">Jos\u00e9 Contreras Minte<\/h4>\n<p>Rector Colegio Etchegoyen[\/vc_column_text][\/vc_column_inner][vc_column_inner width=&#8221;1\/2&#8243;][\/vc_column_inner][\/vc_row_inner][\/vc_column][vc_column width=&#8221;5\/12&#8243;][vc_single_image image=&#8221;7043&#8243; img_size=&#8221;400 x 251&#8243; alignment=&#8221;center&#8221; style=&#8221;vc_box_border&#8221; border_color=&#8221;green&#8221; el_class=&#8221;rs-image-effect-shine&#8221;][\/vc_column][\/vc_row][vc_row content_placement=&#8221;bottom&#8221; css=&#8221;.vc_custom_1534159816918{margin-bottom: 65px !important;}&#8221;][vc_column width=&#8221;7\/12&#8243;]\n        <div class=\"rs-heading style1  vc_custom_1672078520115  \">\n        \t<div class=\"title-inner\">\n\t            \n\t            <h2 >BIENVENIDOS<\/h2>\n\t        <\/div><div class=\"description\"><p >A nuestro nuevo Sitio Web&#8230;<\/p><\/div><\/div>[vc_column_text css=&#8221;.vc_custom_1672077903126{margin-bottom: 25px !important;}&#8221;]<\/p>\n<p style=\"text-align: justify;\">El Colegio Etchegoyen &#8211; Talcahuano por muchos a\u00f1os aspir\u00f3 a expandir su ideario institucional posibilitando que nuevas familias y sus integrantes en edad escolar, puedan acceder y vivenciar los valores universales de libertad, fraternidad e igualdad. Ello se materializar\u00eda f\u00edsicamente en crear un nuevo colegio dentro de la comuna. Fue as\u00ed como a partir de marzo del a\u00f1o 2021, se erige en una nueva sede, en el sector de Brisa del Sol, justo en los l\u00edmites o conurbaci\u00f3n de las importantes comunas de Talcahuano, Hualp\u00e9n y Concepci\u00f3n. <strong><a href=\"http:\/\/etchegoyen.cl\/sedebrisadelsol\/director-de-sede\/\">LEER M\u00c1S<\/a><\/strong><\/p>\n<p>[\/vc_column_text][vc_row_inner][vc_column_inner width=&#8221;1\/2&#8243;][vc_column_text]<\/p>\n<h4 class=\"mb-0\">Julio Campos C\u00e1rcamo<\/h4>\n<p>Director Colegio Etchegoyen &#8211; Brisa del Sol[\/vc_column_text][\/vc_column_inner][vc_column_inner width=&#8221;1\/2&#8243;][\/vc_column_inner][\/vc_row_inner][\/vc_column][vc_column width=&#8221;5\/12&#8243;][vc_single_image image=&#8221;6833&#8243; img_size=&#8221;medium&#8221; alignment=&#8221;center&#8221; style=&#8221;vc_box_border&#8221; border_color=&#8221;green&#8221; el_class=&#8221;rs-image-effect-shine&#8221;][\/vc_column][\/vc_row][vc_row full_width=&#8221;stretch_row&#8221; gap=&#8221;15&#8243; content_placement=&#8221;middle&#8221; parallax=&#8221;content-moving&#8221; parallax_speed_bg=&#8221;3.5&#8243; el_id=&#8221;rs-acheivements&#8221; el_class=&#8221;rs-acheivements rs-acheivements4 black-overlay icon-left&#8221; css=&#8221;.vc_custom_1534149161190{padding-top: 90px !important;padding-bottom: 95px !important;background-image: url(http:\/\/keenitsolutions.com\/products\/wordpress\/eshkool\/wp-content\/uploads\/2018\/08\/countdown.jpg?id=5003) !important;background-position: center;background-repeat: no-repeat !important;background-size: cover !important;}&#8221;][vc_column][vc_row_inner][vc_column_inner width=&#8221;1\/4&#8243;]\n\t<div class=\"counter-top-area  \" >\n    <div class=\"rs-counter-list\">\n\t\t<div class=\"count-icon\"><i class=\"fas fa-user-graduate\"><\/i><\/div>\n        <div class=\"count-text\"><div class=\"count-number\" style=\"color: #ffffff\"><h3 class=\"rs-counter\" style=\"color: #ffffff\">1214<\/h3><\/div>         \n        <h4 style=\"color: #ffffff\">ESTUDIANTES<\/h4><\/div>\n    <\/div><\/div>[\/vc_column_inner][vc_column_inner width=&#8221;1\/4&#8243;]\n\t<div class=\"counter-top-area  \" >\n    <div class=\"rs-counter-list\">\n\t\t<div class=\"count-icon\"><i class=\"fas fa-apple-alt\"><\/i><\/div>\n        <div class=\"count-text\"><div class=\"count-number\" style=\"color: #ffffff\"><h3 class=\"rs-counter\" style=\"color: #ffffff\">29<\/h3><\/div>         \n        <h4 style=\"color: #ffffff\">CURSOS<\/h4><\/div>\n    <\/div><\/div>[\/vc_column_inner][vc_column_inner width=&#8221;1\/4&#8243;]\n\t<div class=\"counter-top-area  \" >\n    <div class=\"rs-counter-list\">\n\t\t<div class=\"count-icon\"><i class=\"fas fa-chalkboard-teacher\"><\/i><\/div>\n        <div class=\"count-text\"><div class=\"count-number\" style=\"color: #ffffff\"><h3 class=\"rs-counter\" style=\"color: #ffffff\">60<\/h3><\/div>         \n        <h4 style=\"color: #ffffff\">PROFESORES\/AS<\/h4><\/div>\n    <\/div><\/div>[\/vc_column_inner][vc_column_inner width=&#8221;1\/4&#8243;]\n\t<div class=\"counter-top-area  \" >\n    <div class=\"rs-counter-list\">\n\t\t<div class=\"count-icon\"><i class=\"fas fa-school\"><\/i><\/div>\n        <div class=\"count-text\"><div class=\"count-number\" style=\"color: #ffffff\"><h3 class=\"rs-counter\" style=\"color: #ffffff\">40<\/h3><\/div>         \n        <h4 style=\"color: #ffffff\">FUNCIONARIOS\/AS<\/h4><\/div>\n    <\/div><\/div>[\/vc_column_inner][\/vc_row_inner][\/vc_column][\/vc_row][vc_row full_width=&#8221;stretch_row&#8221; css=&#8221;.vc_custom_1532431840101{padding-top: 45px !important;padding-bottom: 80px !important;}&#8221; el_id=&#8221;rs-client&#8221;][vc_column]<div class=\"rs-partner  \">           \n\t\t\t\t\t<div class=\"partner-carousel owl-carousel\" data-carousel-options=\"{&quot;nav&quot;:true,&quot;navText&quot;:[&quot;&lt;i class=&#039;fa fa-angle-left&#039;&gt;&lt;\\\/i&gt;&quot;,&quot;&lt;i class=&#039;fa fa-angle-right&#039;&gt;&lt;\\\/i&gt;&quot;],&quot;dots&quot;:false,&quot;autoplay&quot;:true,&quot;autoplayTimeout&quot;:&quot;5000&quot;,&quot;autoplaySpeed&quot;:&quot;200&quot;,&quot;autoplayHoverPause&quot;:true,&quot;loop&quot;:true,&quot;margin&quot;:30,&quot;responsive&quot;:{&quot;0&quot;:{&quot;items&quot;:&quot;1&quot;},&quot;480&quot;:{&quot;items&quot;:&quot;2&quot;},&quot;768&quot;:{&quot;items&quot;:&quot;3&quot;},&quot;992&quot;:{&quot;items&quot;:&quot;5&quot;},&quot;1200&quot;:{&quot;items&quot;:&quot;5&quot;}}}\"><div class=\"partner-item\">\n\t\t\t\t<a href=\"http:\/\/www.radioetchegoyen.cl\" target=\"_blank\"><img decoding=\"async\" src=\"http:\/\/etchegoyen.cl\/sedebrisadelsol\/wp-content\/uploads\/2018\/05\/RADIO.png\" alt=\"Radio Etchegoyen\"><\/a>\n\t\t\t\t<\/div><div class=\"partner-item\">\n\t\t\t\t<a href=\"http:\/\/www.etchegoyen.cl\/jardinbrisadelsol\" target=\"_blank\"><img decoding=\"async\" src=\"http:\/\/etchegoyen.cl\/sedebrisadelsol\/wp-content\/uploads\/2018\/05\/JIBRISA.png\" alt=\"Jard\u00edn Brisa del Sol\"><\/a>\n\t\t\t\t<\/div><div class=\"partner-item\">\n\t\t\t\t<a href=\"http:\/\/www.etchegoyen.cl\/coemtal\" target=\"_blank\"><img decoding=\"async\" src=\"http:\/\/etchegoyen.cl\/sedebrisadelsol\/wp-content\/uploads\/2018\/05\/COEMTAL.png\" alt=\"COEMTAL\"><\/a>\n\t\t\t\t<\/div><div class=\"partner-item\">\n\t\t\t\t<a href=\"http:\/\/www.etchegoyen.cl\/jardingotadeleche\" target=\"_blank\"><img decoding=\"async\" src=\"http:\/\/etchegoyen.cl\/sedebrisadelsol\/wp-content\/uploads\/2018\/05\/GOTA.png\" alt=\"Jard\u00edn Gota de Leche\"><\/a>\n\t\t\t\t<\/div><div class=\"partner-item\">\n\t\t\t\t<a href=\"http:\/\/www.etchegoyen.cl\/casacentral\" target=\"_blank\"><img decoding=\"async\" src=\"http:\/\/etchegoyen.cl\/sedebrisadelsol\/wp-content\/uploads\/2018\/05\/Etchegoyen-casa-central.png\" alt=\"Colegio Etchegoyen Casa Central\"><\/a>\n\t\t\t\t<\/div><\/div>\n\t<\/div>[\/vc_column][\/vc_row]<\/p>\n<\/section>","protected":false},"excerpt":{"rendered":"<p>[vc_row el_id=&#8221;rs-services&#8221; css=&#8221;.vc_custom_1534248698130{margin-bottom: 90px !important;}&#8221; el_class=&#8221;rs-services-responsive&#8221;][vc_column width=&#8221;1\/4&#8243;][\/vc_column][vc_column width=&#8221;1\/4&#8243;][\/vc_column][vc_column width=&#8221;1\/4&#8243;][\/vc_column][vc_column width=&#8221;1\/4&#8243;][\/vc_column][\/vc_row][vc_row full_width=&#8221;stretch_row&#8221; content_placement=&#8221;middle&#8221; css=&#8221;.vc_custom_1534259102798{padding-top: 65px !important;padding-bottom: 100px !important;background-color: #f0f0f0 !important;}&#8221; el_class=&#8221;home4-post style2-slider&#8221;][vc_column width=&#8221;4\/12&#8243;][vc_wp_custommenu nav_menu=&#8221;54&#8243; title=&#8221;NAVEGACI\u00d3N:&#8221;][\/vc_column][vc_column width=&#8221;8\/12&#8243;][\/vc_column][\/vc_row][vc_row content_placement=&#8221;bottom&#8221; css=&#8221;.vc_custom_1534159816918{margin-bottom: 65px&#8230;<\/p>\n","protected":false},"author":1,"featured_media":0,"parent":0,"menu_order":0,"comment_status":"closed","ping_status":"closed","template":"","meta":{"footnotes":"","_links_to":"","_links_to_target":""},"class_list":["post-522","page","type-page","status-publish","hentry"],"_links":{"self":[{"href":"http:\/\/etchegoyen.cl\/sedebrisadelsol\/wp-json\/wp\/v2\/pages\/522","targetHints":{"allow":["GET"]}}],"collection":[{"href":"http:\/\/etchegoyen.cl\/sedebrisadelsol\/wp-json\/wp\/v2\/pages"}],"about":[{"href":"http:\/\/etchegoyen.cl\/sedebrisadelsol\/wp-json\/wp\/v2\/types\/page"}],"author":[{"embeddable":true,"href":"http:\/\/etchegoyen.cl\/sedebrisadelsol\/wp-json\/wp\/v2\/users\/1"}],"replies":[{"embeddable":true,"href":"http:\/\/etchegoyen.cl\/sedebrisadelsol\/wp-json\/wp\/v2\/comments?post=522"}],"version-history":[{"count":72,"href":"http:\/\/etchegoyen.cl\/sedebrisadelsol\/wp-json\/wp\/v2\/pages\/522\/revisions"}],"predecessor-version":[{"id":10585,"href":"http:\/\/etchegoyen.cl\/sedebrisadelsol\/wp-json\/wp\/v2\/pages\/522\/revisions\/10585"}],"wp:attachment":[{"href":"http:\/\/etchegoyen.cl\/sedebrisadelsol\/wp-json\/wp\/v2\/media?parent=522"}],"curies":[{"name":"wp","href":"https:\/\/api.w.org\/{rel}","templated":true}]}}