{"id":6571,"date":"2022-12-25T21:36:21","date_gmt":"2022-12-25T21:36:21","guid":{"rendered":"http:\/\/etchegoyen.cl\/sedebrisadelsol\/?page_id=6571"},"modified":"2025-03-28T12:48:52","modified_gmt":"2025-03-28T12:48:52","slug":"director-de-docencia","status":"publish","type":"page","link":"http:\/\/etchegoyen.cl\/sedebrisadelsol\/director-de-docencia\/","title":{"rendered":"INSPECTOR GENERAL"},"content":{"rendered":"<section class=\"wpb-content-wrapper\"><p>[vc_row][vc_column][\/vc_column][\/vc_row][vc_row][vc_column][vc_single_image image=&#8221;9349&#8243; img_size=&#8221;medium&#8221; alignment=&#8221;center&#8221;][\/vc_column][\/vc_row][vc_row][vc_column][vc_column_text]<\/p>\n<h2 style=\"text-align: center;\"><strong>Ulises Sep\u00falveda Rubilar<\/strong><\/h2>\n<p>[\/vc_column_text][\/vc_column][\/vc_row][vc_row][vc_column][vc_column_text]<\/p>\n<p style=\"text-align: justify;\">Estimada comunidad educativa del Colegio Etchegoyen reciban un afectuoso y fraternal saludo de parte de Inspector\u00eda General de sede Brisa del Sol, espero que el a\u00f1o escolar 2024 haya sido sumamente positivo y enriquecedor en su proceso escolar y formativo.<\/p>\n<p style=\"text-align: justify;\">Les comparto que La Francmasoner\u00eda ha sostenido, desde sus or\u00edgenes en la Rep\u00fablica, el compromiso de promover la Educaci\u00f3n Laica, foment\u00e1ndola entre las personas, los pueblos y las culturas, sobre el sustento de los valores universales del Humanismo, el Librepensamiento y la Libertad de Conciencia.<\/p>\n<p style=\"text-align: justify;\">La Educaci\u00f3n Laica se construye sobre la base de la igualdad, la tolerancia y la diversidad de origen (sexual, \u00e9tnica, religiosa, econ\u00f3mica, social, cultural, etc.), que permite fortalecer las relaciones humanas, indispensables para lograr ambientes de convivencia arm\u00f3nica para educar y crecer con compromiso en torno a la justicia y la responsabilidad social. Valora y respeta al ser humano y la dignidad de las personas. Conf\u00eda y estimula las potencialidades de su desarrollo. Se funda en la libertad de conciencia y la autonom\u00eda individual, a fin de garantizar la autodeterminaci\u00f3n personal para los desaf\u00edos de la vida. Convoca a vivir y convivir en sociedad, en un ambiente libre de amenazas, y a ejercer el rol activo de ciudadano.<\/p>\n<p style=\"text-align: justify;\">Ustedes se est\u00e1n formando en una instituci\u00f3n que\u00a0\u00a0 su proyecto educativo postula la educaci\u00f3n laica. La educaci\u00f3n laica no es \u00fanicamente una educaci\u00f3n ajena a cualquier doctrina religiosa, sino tambi\u00e9n, una educaci\u00f3n sustentada en principios que implican profunda consideraci\u00f3n de la libertad y de la justicia, as\u00ed como la formaci\u00f3n de las personas con una alta responsabilidad en el cumplimiento de sus deberes y compromisos adquiridos.<\/p>\n<p style=\"text-align: justify;\">Para el a\u00f1o 2025, esperamos que el trabajo desarrollado por Inspector\u00eda y el equipo de Inspectores y asistentes de la educaci\u00f3n permita realizar un buen acompa\u00f1amiento a cada uno de ustedes en sus procesos educativos y formativo, es por esto que les pido, respeto y valoraci\u00f3n por cada integrante docente y asistente de la educaci\u00f3n que los acompa\u00f1a cada d\u00eda en este transitar de aprendizaje educativo. Buena disposici\u00f3n para recibir los consejos, orientaciones y ense\u00f1anzas que cada d\u00eda esta instituci\u00f3n escolar les brinda con el mayor cari\u00f1o a trav\u00e9s de cada uno de los integrantes del equipo directivo, docente y asistentes de la educaci\u00f3n.<\/p>\n<p style=\"text-align: justify;\">Cada uno ustedes estimados y estimadas estudiantes puede alcanzar las metas escolares propuestas s\u00f3lo se requiere buena disposici\u00f3n al trabajo escolar y recepci\u00f3n del apoyo que el colegio Etchegoyen les entrega en la rutina escolar diaria. No digan que no se puede y nunca, nunca se rindan frente al desaf\u00edo que implica el proceso escolar.<\/p>\n<p style=\"text-align: justify;\">Un fraternal abrazo y los esperamos con el mayor afecto en el a\u00f1o escolar 2025 con grandes desaf\u00edos para cada uno de los integrantes de la comunidad educativa del Colegio Etchegoyen Brisa del Sol.<\/p>\n<p>[\/vc_column_text][\/vc_column][\/vc_row][vc_row][vc_column][\/vc_column][\/vc_row]<\/p>\n<\/section>","protected":false},"excerpt":{"rendered":"<p>[vc_row][vc_column][\/vc_column][\/vc_row][vc_row][vc_column][vc_single_image image=&#8221;9349&#8243; img_size=&#8221;medium&#8221; alignment=&#8221;center&#8221;][\/vc_column][\/vc_row][vc_row][vc_column][vc_column_text] Ulises Sep\u00falveda Rubilar [\/vc_column_text][\/vc_column][\/vc_row][vc_row][vc_column][vc_column_text] Estimada comunidad educativa del Colegio Etchegoyen reciban un afectuoso y fraternal saludo de parte de Inspector\u00eda General de sede Brisa&#8230;<\/p>\n","protected":false},"author":1,"featured_media":0,"parent":0,"menu_order":0,"comment_status":"closed","ping_status":"closed","template":"","meta":{"footnotes":"","_links_to":"","_links_to_target":""},"class_list":["post-6571","page","type-page","status-publish","hentry"],"_links":{"self":[{"href":"http:\/\/etchegoyen.cl\/sedebrisadelsol\/wp-json\/wp\/v2\/pages\/6571","targetHints":{"allow":["GET"]}}],"collection":[{"href":"http:\/\/etchegoyen.cl\/sedebrisadelsol\/wp-json\/wp\/v2\/pages"}],"about":[{"href":"http:\/\/etchegoyen.cl\/sedebrisadelsol\/wp-json\/wp\/v2\/types\/page"}],"author":[{"embeddable":true,"href":"http:\/\/etchegoyen.cl\/sedebrisadelsol\/wp-json\/wp\/v2\/users\/1"}],"replies":[{"embeddable":true,"href":"http:\/\/etchegoyen.cl\/sedebrisadelsol\/wp-json\/wp\/v2\/comments?post=6571"}],"version-history":[{"count":14,"href":"http:\/\/etchegoyen.cl\/sedebrisadelsol\/wp-json\/wp\/v2\/pages\/6571\/revisions"}],"predecessor-version":[{"id":9354,"href":"http:\/\/etchegoyen.cl\/sedebrisadelsol\/wp-json\/wp\/v2\/pages\/6571\/revisions\/9354"}],"wp:attachment":[{"href":"http:\/\/etchegoyen.cl\/sedebrisadelsol\/wp-json\/wp\/v2\/media?parent=6571"}],"curies":[{"name":"wp","href":"https:\/\/api.w.org\/{rel}","templated":true}]}}