{"id":6575,"date":"2022-12-25T21:37:03","date_gmt":"2022-12-25T21:37:03","guid":{"rendered":"http:\/\/etchegoyen.cl\/sedebrisadelsol\/?page_id=6575"},"modified":"2025-03-28T12:39:54","modified_gmt":"2025-03-28T12:39:54","slug":"coordinadores-academicos","status":"publish","type":"page","link":"http:\/\/etchegoyen.cl\/sedebrisadelsol\/coordinadores-academicos\/","title":{"rendered":"COORDINADORES ACAD\u00c9MICOS"},"content":{"rendered":"<section class=\"wpb-content-wrapper\"><p>[vc_row][vc_column][vc_column_text]<\/p>\n<h2 style=\"text-align: center;\">COORDINADORES ACAD\u00c9MICOS<\/h2>\n<p>[\/vc_column_text][vc_single_image image=&#8221;9333&#8243; img_size=&#8221;medium&#8221; alignment=&#8221;center&#8221;][vc_column_text]<\/p>\n<h3 style=\"text-align: center;\">Carmen<strong> Gloria Soto<\/strong><\/h3>\n<p>[\/vc_column_text][vc_single_image image=&#8221;9335&#8243; img_size=&#8221;medium&#8221; alignment=&#8221;center&#8221;][\/vc_column][\/vc_row][vc_row][vc_column][vc_column_text]<\/p>\n<h3 style=\"text-align: center;\"><strong>Mauricio Villouta Cuevas<\/strong><\/h3>\n<p>[\/vc_column_text][\/vc_column][\/vc_row][vc_row][vc_column][vc_column_text]<\/p>\n<p style=\"text-align: justify;\">En el marco de la coordinaci\u00f3n acad\u00e9mica, nuestra comunidad educativa busca consolidar una experiencia educativa que fomente el aprendizaje profundo, transformando las aulas en espacios donde el conocimiento trascienda la memorizaci\u00f3n y se convierta en una herramienta para la resoluci\u00f3n creativa de problemas. Este enfoque se centra en el desarrollo de competencias clave que permitan a los estudiantes comprender, analizar y aplicar lo aprendido en contextos diversos y significativos.<\/p>\n<p style=\"text-align: justify;\">Es as\u00ed, como nuestra comunidad educativa etchegoyana, ha estado marcada por el esfuerzo, la innovaci\u00f3n y el compromiso que cada uno de los integrantes de ella ha tenido para dar cumplimiento al PEI, para lo cual nuestros profesores trabajan incansablemente para alcanzar los objetivos acad\u00e9micos propuestos y fortalecer los valores que sustentan nuestra instituci\u00f3n, fomentando actividades extracurriculares que promuevan espacios de convivencia, deporte, arte y cultura, en las cuales se desarrollen habilidades que favorezcan la creatividad, colaboraci\u00f3n y trabajo en equipo.<\/p>\n<p style=\"text-align: justify;\">En lo acad\u00e9mico, se han implementado estrategias y metodolog\u00edas innovadoras para fomentar el aprendizaje integral y activo de nuestros alumnos, enfocados en el aprendizaje profundo, el trabajo colaborativo y el desarrollo de las habilidades de comprensi\u00f3n.<\/p>\n<p style=\"text-align: justify;\">El trabajo colaborativo es un pilar fundamental en esta visi\u00f3n, promoviendo din\u00e1micas donde estudiantes, docentes y comunidad educativa construyan conocimiento de manera conjunta. A trav\u00e9s de estrategias innovadoras, se impulsa la sinergia entre diferentes perspectivas, lo que enriquece los procesos de ense\u00f1anza y aprendizaje, al tiempo que refuerza valores como la empat\u00eda, el respeto y la comunicaci\u00f3n efectiva.<\/p>\n<p style=\"text-align: justify;\">La innovaci\u00f3n ocupa un lugar central en esta labor, integrando metodolog\u00edas pedag\u00f3gicas y herramientas tecnol\u00f3gicas que potencien la creatividad y el pensamiento cr\u00edtico en los estudiantes. Desde proyectos interdisciplinarios hasta el dise\u00f1o de experiencias de aprendizaje inmersivas, la coordinaci\u00f3n acad\u00e9mica busca continuamente transformar los retos educativos en oportunidades para explorar nuevos caminos hacia la excelencia.<\/p>\n<p style=\"text-align: justify;\">Se prioriza el desarrollo de la habilidad de comprender en toda su amplitud: comprender textos, ideas, contextos y a los dem\u00e1s. Este objetivo no solo enriquece el aprendizaje acad\u00e9mico, sino que tambi\u00e9n forma ciudadanos reflexivos y conscientes, capaces de participar activamente en la construcci\u00f3n de un futuro m\u00e1s equitativo y sostenible.<\/p>\n<p style=\"text-align: justify;\">Como mediadores y l\u00edderes en este proceso, los coordinadores acad\u00e9micos no solo trazan rutas pedag\u00f3gicas, sino que inspiran a todos los actores educativos a comprometerse con una educaci\u00f3n transformadora, relevante y centrada en el potencial humano.<\/p>\n<p>[\/vc_column_text][\/vc_column][\/vc_row]<\/p>\n<\/section>","protected":false},"excerpt":{"rendered":"<p>[vc_row][vc_column][vc_column_text] COORDINADORES ACAD\u00c9MICOS [\/vc_column_text][vc_single_image image=&#8221;9333&#8243; img_size=&#8221;medium&#8221; alignment=&#8221;center&#8221;][vc_column_text] Carmen Gloria Soto [\/vc_column_text][vc_single_image image=&#8221;9335&#8243; img_size=&#8221;medium&#8221; alignment=&#8221;center&#8221;][\/vc_column][\/vc_row][vc_row][vc_column][vc_column_text] Mauricio Villouta Cuevas [\/vc_column_text][\/vc_column][\/vc_row][vc_row][vc_column][vc_column_text] En el marco de la coordinaci\u00f3n acad\u00e9mica, nuestra comunidad educativa&#8230;<\/p>\n","protected":false},"author":1,"featured_media":0,"parent":0,"menu_order":0,"comment_status":"closed","ping_status":"closed","template":"","meta":{"footnotes":"","_links_to":"","_links_to_target":""},"class_list":["post-6575","page","type-page","status-publish","hentry"],"_links":{"self":[{"href":"http:\/\/etchegoyen.cl\/sedebrisadelsol\/wp-json\/wp\/v2\/pages\/6575","targetHints":{"allow":["GET"]}}],"collection":[{"href":"http:\/\/etchegoyen.cl\/sedebrisadelsol\/wp-json\/wp\/v2\/pages"}],"about":[{"href":"http:\/\/etchegoyen.cl\/sedebrisadelsol\/wp-json\/wp\/v2\/types\/page"}],"author":[{"embeddable":true,"href":"http:\/\/etchegoyen.cl\/sedebrisadelsol\/wp-json\/wp\/v2\/users\/1"}],"replies":[{"embeddable":true,"href":"http:\/\/etchegoyen.cl\/sedebrisadelsol\/wp-json\/wp\/v2\/comments?post=6575"}],"version-history":[{"count":17,"href":"http:\/\/etchegoyen.cl\/sedebrisadelsol\/wp-json\/wp\/v2\/pages\/6575\/revisions"}],"predecessor-version":[{"id":9342,"href":"http:\/\/etchegoyen.cl\/sedebrisadelsol\/wp-json\/wp\/v2\/pages\/6575\/revisions\/9342"}],"wp:attachment":[{"href":"http:\/\/etchegoyen.cl\/sedebrisadelsol\/wp-json\/wp\/v2\/media?parent=6575"}],"curies":[{"name":"wp","href":"https:\/\/api.w.org\/{rel}","templated":true}]}}