{"id":6579,"date":"2022-12-25T21:38:19","date_gmt":"2022-12-25T21:38:19","guid":{"rendered":"http:\/\/etchegoyen.cl\/sedebrisadelsol\/?page_id=6579"},"modified":"2025-07-18T13:50:52","modified_gmt":"2025-07-18T13:50:52","slug":"departamento-de-orientacion","status":"publish","type":"page","link":"http:\/\/etchegoyen.cl\/sedebrisadelsol\/departamento-de-orientacion\/","title":{"rendered":"DEPARTAMENTO DE ORIENTACI\u00d3N"},"content":{"rendered":"<section class=\"wpb-content-wrapper\"><p>[vc_row][vc_column][vc_single_image image=&#8221;9371&#8243; img_size=&#8221;medium&#8221; alignment=&#8221;center&#8221; title=&#8221;Sergio Molina Guajardo&#8221;][vc_single_image image=&#8221;9965&#8243; img_size=&#8221;medium&#8221; add_caption=&#8221;yes&#8221; alignment=&#8221;center&#8221; title=&#8221;Constanza Guti\u00e9rrez Mu\u00f1oz&#8221;][vc_column_text]<\/p>\n<p style=\"text-align: justify;\">Queridos estudiantes,<\/p>\n<p style=\"text-align: justify;\">Al finalizar este ciclo, quiero invitarlos a reflexionar sobre el camino que han recorrido y el que a\u00fan queda por andar. Desde el rol de orientador educacional, he sido testigo de sus luchas, sus logros y sus sue\u00f1os. La orientaci\u00f3n, tanto educativa como vocacional, es una br\u00fajula en el viaje hacia la realizaci\u00f3n personal y profesional. Los animo a que sigan explorando sus pasiones, descubriendo sus talentos y enfrentando con valent\u00eda los desaf\u00edos que vendr\u00e1n. Cada paso que dan hoy, los acerca al futuro que imaginan.<\/p>\n<p style=\"text-align: justify;\">El fil\u00f3sofo S\u00f3crates nos ense\u00f1\u00f3 que \u201cla educaci\u00f3n es el encendido de una llama, no el llenado de un recipiente\u201d. Este proceso es continuo, lleno de descubrimientos, aprendizajes y, sobre todo, autoconocimiento. No se trata solo de adquirir conocimientos, sino de aprender a aplicarlos y a crecer como individuos.<\/p>\n<p style=\"text-align: justify;\">Asimismo, en palabras de Arist\u00f3teles, \u201csomos lo que hacemos d\u00eda a d\u00eda. De modo que la excelencia no es un acto, sino un h\u00e1bito\u201d. Esta frase resuena profundamente en el \u00e1mbito de la orientaci\u00f3n vocacional, donde cada decisi\u00f3n cuenta y construye el camino hacia la excelencia personal y profesional. Que sus decisiones est\u00e9n guiadas por sus verdaderas aspiraciones y no por el miedo al error.<\/p>\n<p style=\"text-align: justify;\">Que este cierre de etapa sea el comienzo de un futuro lleno de oportunidades, aprendizaje y crecimiento constante. \u00a1El mundo los espera!<\/p>\n<p>[\/vc_column_text][\/vc_column][\/vc_row]<\/p>\n<\/section>","protected":false},"excerpt":{"rendered":"<p>[vc_row][vc_column][vc_single_image image=&#8221;9371&#8243; img_size=&#8221;medium&#8221; alignment=&#8221;center&#8221; title=&#8221;Sergio Molina Guajardo&#8221;][vc_single_image image=&#8221;9965&#8243; img_size=&#8221;medium&#8221; add_caption=&#8221;yes&#8221; alignment=&#8221;center&#8221; title=&#8221;Constanza Guti\u00e9rrez Mu\u00f1oz&#8221;][vc_column_text] Queridos estudiantes, Al finalizar este ciclo, quiero invitarlos a reflexionar sobre el camino que&#8230;<\/p>\n","protected":false},"author":1,"featured_media":0,"parent":0,"menu_order":0,"comment_status":"closed","ping_status":"closed","template":"","meta":{"footnotes":"","_links_to":"","_links_to_target":""},"class_list":["post-6579","page","type-page","status-publish","hentry"],"_links":{"self":[{"href":"http:\/\/etchegoyen.cl\/sedebrisadelsol\/wp-json\/wp\/v2\/pages\/6579","targetHints":{"allow":["GET"]}}],"collection":[{"href":"http:\/\/etchegoyen.cl\/sedebrisadelsol\/wp-json\/wp\/v2\/pages"}],"about":[{"href":"http:\/\/etchegoyen.cl\/sedebrisadelsol\/wp-json\/wp\/v2\/types\/page"}],"author":[{"embeddable":true,"href":"http:\/\/etchegoyen.cl\/sedebrisadelsol\/wp-json\/wp\/v2\/users\/1"}],"replies":[{"embeddable":true,"href":"http:\/\/etchegoyen.cl\/sedebrisadelsol\/wp-json\/wp\/v2\/comments?post=6579"}],"version-history":[{"count":17,"href":"http:\/\/etchegoyen.cl\/sedebrisadelsol\/wp-json\/wp\/v2\/pages\/6579\/revisions"}],"predecessor-version":[{"id":9969,"href":"http:\/\/etchegoyen.cl\/sedebrisadelsol\/wp-json\/wp\/v2\/pages\/6579\/revisions\/9969"}],"wp:attachment":[{"href":"http:\/\/etchegoyen.cl\/sedebrisadelsol\/wp-json\/wp\/v2\/media?parent=6579"}],"curies":[{"name":"wp","href":"https:\/\/api.w.org\/{rel}","templated":true}]}}