{"id":6583,"date":"2022-12-25T21:38:56","date_gmt":"2022-12-25T21:38:56","guid":{"rendered":"http:\/\/etchegoyen.cl\/sedebrisadelsol\/?page_id=6583"},"modified":"2026-03-24T18:21:30","modified_gmt":"2026-03-24T18:21:30","slug":"convivencia-escolar","status":"publish","type":"page","link":"http:\/\/etchegoyen.cl\/sedebrisadelsol\/convivencia-escolar\/","title":{"rendered":"CONVIVENCIA ESCOLAR"},"content":{"rendered":"<section class=\"wpb-content-wrapper\"><p>[vc_row][vc_column][vc_single_image image=&#8221;10773&#8243; img_size=&#8221;medium&#8221; alignment=&#8221;center&#8221;][vc_column_text]<\/p>\n<h3 style=\"text-align: center;\">Carolina Kaufhold Gacit\u00faa<\/h3>\n<p>[\/vc_column_text][vc_column_text]<\/p>\n<p style=\"text-align: justify;\">Querida comunidad educativa,<\/p>\n<p style=\"text-align: justify;\">Al cerrar un ciclo m\u00e1s de nuestra labor formativa y conmemorativa en este a\u00f1o 2025, es inevitable reflexionar sobre la importancia que la convivencia escolar ha tenido en el desarrollo de nuestras generaciones que hoy egresan. Este a\u00f1o, nos hemos puesto a prueba como comunidad, y hemos evidenciado que el sentido de pertenencia y el respeto mutuo son pilares fundamentales para el \u00e9xito y el crecimiento tanto individual como colectivo.<\/p>\n<p style=\"text-align: justify;\">La convivencia escolar es mucho m\u00e1s que compartir un espacio f\u00edsico; es el tejido que une nuestras relaciones, las cuales se construyen a partir de valores como la empat\u00eda, la solidaridad y el compromiso con los dem\u00e1s. En este contexto, cada uno de los estamentos que componen nuestra comunidad \u2013 alumnos, docentes, asistentes de la educaci\u00f3n y apoderados \u2013 ha jugado un rol fundamental. Desde la entrega diaria de nuestros estudiantes, el compromiso constante de los docentes, el invaluable apoyo de los asistentes de la educaci\u00f3n, hasta la colaboraci\u00f3n activa de los apoderados, hemos formado una comunidad robusta que trabaja unida por un mismo prop\u00f3sito: el bienestar y desarrollo integral de cada uno de nuestros estudiantes.<\/p>\n<p style=\"text-align: justify;\">Este a\u00f1o ha sido un ejemplo de c\u00f3mo la colaboraci\u00f3n entre todos los actores de nuestra comunidad educativa puede superar los desaf\u00edos y generar espacios de aprendizaje y crecimiento enriquecedores. Hemos presenciado c\u00f3mo el respeto por la diversidad de opiniones, la inclusi\u00f3n y la tolerancia, valores propios de nuestro establecimiento y rol escolar, han permeado nuestras aulas y actividades diarias, creando un ambiente en el cual cada estudiante ha podido encontrar su lugar, desarrollarse y, sobre todo, ser escuchado.<\/p>\n<p style=\"text-align: justify;\">A las generaciones que hoy egresan, queremos reconocerles su esfuerzo, perseverancia y la huella que dejan en esta instituci\u00f3n. Son ustedes quienes con su energ\u00eda, creatividad y entusiasmo han dado vida a innumerables momentos que quedar\u00e1n grabados en la memoria de todos los que hemos sido testigos de su paso por nuestras aulas. Llevar\u00e1n con ustedes no solo los conocimientos adquiridos, sino tambi\u00e9n los valores y aprendizajes que solo se forjan en la convivencia diaria con sus compa\u00f1eros, profesores y todos aquellos que los han acompa\u00f1ado en este viaje. En otras palabras, adem\u00e1s de aprender conocimientos, han aprendido a ser personas de bien para la sociedad.<\/p>\n<p style=\"text-align: justify;\">Queremos destacar la importancia del trabajo mancomunado, en el que cada estamento ha contribuido desde su rol, demostrando que el \u00e9xito educativo es una responsabilidad compartida, donde cada uno aporta su visi\u00f3n y esfuerzo para alcanzar metas comunes.<\/p>\n<p style=\"text-align: justify;\">Agradecemos profundamente a los docentes por su dedicaci\u00f3n y vocaci\u00f3n, a los asistentes de la educaci\u00f3n por su constante apoyo, a los apoderados por confiar y colaborar con nosotros en la formaci\u00f3n de sus hijos, y a los estudiantes por el entusiasmo y las ganas de aprender y crecer cada d\u00eda. Ustedes son el reflejo de lo que una comunidad educativa cohesionada puede lograr: no solo la excelencia acad\u00e9mica, sino tambi\u00e9n la formaci\u00f3n de personas \u00edntegras, capaces de convivir, respetar y valorar al otro.<\/p>\n<p style=\"text-align: justify;\">Que este a\u00f1o 2025 sea recordado como un periodo en el que juntos, como comunidad, superamos desaf\u00edos, aprendimos unos de otros y consolidamos un ambiente donde la convivencia escolar se convierte en el verdadero motor de nuestro desarrollo.<\/p>\n<p style=\"text-align: justify;\">Con orgullo hacia cada integrante de esta comunidad Etchegoyana,<\/p>\n<p>[\/vc_column_text][vc_separator color=&#8221;black&#8221;][vc_btn title=&#8221;PROTOCOLO 2025 (completo)&#8221; color=&#8221;success&#8221; i_icon_fontawesome=&#8221;far fa-file-pdf&#8221; add_icon=&#8221;true&#8221; link=&#8221;url:http%3A%2F%2Fetchegoyen.cl%2Fsedebrisadelsol%2Fwp-content%2Fuploads%2F2025%2F12%2FPROTOCOLOS-completo-2025.pdf|target:_blank&#8221;][vc_separator color=&#8221;black&#8221;][vc_btn title=&#8221;REGLAMENTO INTERNO DE CONVIVENCIA ESCOLAR &#8211; A\u00d1O 2025&#8243; color=&#8221;success&#8221; i_icon_fontawesome=&#8221;fas fa-file-pdf&#8221; add_icon=&#8221;true&#8221; link=&#8221;url:http%3A%2F%2Fetchegoyen.cl%2Fsedebrisadelsol%2Fwp-content%2Fuploads%2F2025%2F12%2FRCE-actualizado.pdf|target:_blank&#8221;][vc_separator color=&#8221;black&#8221;][vc_btn title=&#8221;PROTOCOLO LEY KARIN&#8221; color=&#8221;success&#8221; i_icon_fontawesome=&#8221;fas fa-file-pdf&#8221; add_icon=&#8221;true&#8221; link=&#8221;url:http%3A%2F%2Fetchegoyen.cl%2Fsedebrisadelsol%2Fwp-content%2Fuploads%2F2024%2F10%2FPROTOCOLO-LEY-KARIN-COEMTAL-30.07.24-2.pdf|target:_blank&#8221;][vc_separator color=&#8221;black&#8221;][vc_btn title=&#8221;REGLAMENTO DE BECAS ACTUALIZADO&#8221; color=&#8221;success&#8221; i_icon_fontawesome=&#8221;far fa-file-pdf&#8221; add_icon=&#8221;true&#8221; link=&#8221;url:http%3A%2F%2Fetchegoyen.cl%2Fsedebrisadelsol%2Fwp-content%2Fuploads%2F2024%2F11%2FReglamento-Convivencia-Escolar-2023-y-Regl.becas-actualizado-1_removed.pdf|target:_blank&#8221;][vc_separator color=&#8221;black&#8221;][vc_btn title=&#8221;PLAN DE CONVIVENCIA ESCOLAR 2025&#8243; color=&#8221;success&#8221; link=&#8221;url:http%3A%2F%2Fetchegoyen.cl%2Fsedebrisadelsol%2Fwp-content%2Fuploads%2F2025%2F04%2FPlan-de-Convivencia-Escolar-2025si.pdf|target:_blank&#8221;][vc_separator color=&#8221;black&#8221;][vc_btn title=&#8221;REGLAMENTO Y PROTOCOLOS 2025&#8243; color=&#8221;success&#8221; i_icon_fontawesome=&#8221;fas fa-file-pdf&#8221; add_icon=&#8221;true&#8221; link=&#8221;url:http%3A%2F%2Fetchegoyen.cl%2Fsedebrisadelsol%2Fwp-content%2Fuploads%2F2025%2F08%2FReglamento_y_Protocolos_2025.pdf&#8221;][vc_separator color=&#8221;black&#8221;][vc_btn title=&#8221;PROTOCOLO DE ACTUACI\u00d3N FRENTE A ACCIDENTES DE P\u00c1RVULOS&#8221; color=&#8221;success&#8221; i_icon_fontawesome=&#8221;fas fa-file-pdf&#8221; add_icon=&#8221;true&#8221; link=&#8221;url:http%3A%2F%2Fetchegoyen.cl%2Fsedebrisadelsol%2Fwp-content%2Fuploads%2F2025%2F08%2FProtocolo-de-Actuacion-Frente-a-Accidentes-de-Parvulos-agosto-2025-1.pdf&#8221;][vc_separator color=&#8221;black&#8221;][vc_btn title=&#8221;PROTOCOLO DE DESREGULACION EMOCIONAL Y CONDUCTUAL&#8221; color=&#8221;success&#8221; i_icon_fontawesome=&#8221;fas fa-file-pdf&#8221; add_icon=&#8221;true&#8221; link=&#8221;url:http%3A%2F%2Fetchegoyen.cl%2Fsedebrisadelsol%2Fwp-content%2Fuploads%2F2025%2F08%2FPROTOCOLO-DE-DESREGULACION-EMOCIONAL-Y-CONDUCTUAL-COLEGIO-ETCHEGOYEN-1.pdf&#8221;][\/vc_column][\/vc_row]<\/p>\n<\/section>","protected":false},"excerpt":{"rendered":"<p>[vc_row][vc_column][vc_single_image image=&#8221;10773&#8243; img_size=&#8221;medium&#8221; alignment=&#8221;center&#8221;][vc_column_text] Carolina Kaufhold Gacit\u00faa [\/vc_column_text][vc_column_text] Querida comunidad educativa, Al cerrar un ciclo m\u00e1s de nuestra labor formativa y conmemorativa en este a\u00f1o 2025, es inevitable&#8230;<\/p>\n","protected":false},"author":1,"featured_media":0,"parent":0,"menu_order":0,"comment_status":"closed","ping_status":"closed","template":"","meta":{"footnotes":"","_links_to":"","_links_to_target":""},"class_list":["post-6583","page","type-page","status-publish","hentry"],"_links":{"self":[{"href":"http:\/\/etchegoyen.cl\/sedebrisadelsol\/wp-json\/wp\/v2\/pages\/6583","targetHints":{"allow":["GET"]}}],"collection":[{"href":"http:\/\/etchegoyen.cl\/sedebrisadelsol\/wp-json\/wp\/v2\/pages"}],"about":[{"href":"http:\/\/etchegoyen.cl\/sedebrisadelsol\/wp-json\/wp\/v2\/types\/page"}],"author":[{"embeddable":true,"href":"http:\/\/etchegoyen.cl\/sedebrisadelsol\/wp-json\/wp\/v2\/users\/1"}],"replies":[{"embeddable":true,"href":"http:\/\/etchegoyen.cl\/sedebrisadelsol\/wp-json\/wp\/v2\/comments?post=6583"}],"version-history":[{"count":61,"href":"http:\/\/etchegoyen.cl\/sedebrisadelsol\/wp-json\/wp\/v2\/pages\/6583\/revisions"}],"predecessor-version":[{"id":10776,"href":"http:\/\/etchegoyen.cl\/sedebrisadelsol\/wp-json\/wp\/v2\/pages\/6583\/revisions\/10776"}],"wp:attachment":[{"href":"http:\/\/etchegoyen.cl\/sedebrisadelsol\/wp-json\/wp\/v2\/media?parent=6583"}],"curies":[{"name":"wp","href":"https:\/\/api.w.org\/{rel}","templated":true}]}}