{"id":6585,"date":"2022-12-25T21:39:16","date_gmt":"2022-12-25T21:39:16","guid":{"rendered":"http:\/\/etchegoyen.cl\/sedebrisadelsol\/?page_id=6585"},"modified":"2026-04-08T15:41:31","modified_gmt":"2026-04-08T15:41:31","slug":"talleres-extraescolares","status":"publish","type":"page","link":"http:\/\/etchegoyen.cl\/sedebrisadelsol\/talleres-extraescolares\/","title":{"rendered":"TALLERES EXTRAESCOLARES"},"content":{"rendered":"<section class=\"wpb-content-wrapper\"><p>[vc_row][vc_column][vc_column_text]<\/p>\n<div>\n<div style=\"text-align: justify;\"><b><span style=\"font-size: large;\">Estimado estudiante y\/o apoderado,<\/span><\/b><\/div>\n<div style=\"text-align: justify;\"><span style=\"font-size: large;\">\u00a0<\/span><\/div>\n<div style=\"text-align: justify;\"><span style=\"font-size: large;\">Junto con saludar, le presentamos la parrilla de\u00a0<b>TALLERES EXTRAESCOLARES\u00a02026.<\/b><\/span><\/div>\n<\/div>\n<div>\n<div class=\"gmail_signature\" dir=\"ltr\" data-smartmail=\"gmail_signature\">\n<div dir=\"ltr\">\n<div>\n<div>\n<div class=\"gmail_signature\" dir=\"ltr\"><\/div>\n<\/div>\n<\/div>\n<\/div>\n<\/div>\n<\/div>\n<p>[\/vc_column_text][vc_column_text]<\/p>\n<div><strong><span style=\"font-size: large;\">Algunas consideraciones\u00a0para tener presente son:<\/span><\/strong><\/div>\n<div><\/div>\n<div><\/div>\n<div>\n<ul>\n<li>Recuerda que debes cumplir con la asistencia y las actividades que est\u00e9n planificadas por el monitor del Taller.<\/li>\n<li>El\u00a0<b><u>inicio de los\u00a0Talleres\u00a0extraprogram\u00e1tico<wbr \/>s, es para el d\u00eda lunes 13 Abril.<\/u><\/b><\/li>\n<li>Los protocolos de convivencia escolar, se aplicar\u00e1n tambi\u00e9n para estas actividades\u00a0extraescolares.<\/li>\n<li>El apoderado es la \u00fanica persona autorizada para retirar a los estudiantes desde Prekinder a 4\u00ba medio (se except\u00faan de esto los estudiantes que hayan sido autorizados por su apoderado a retirarse del establecimiento sin compa\u00f1\u00eda).<\/li>\n<li>Se informa al apoderado que se esperar\u00e1 15 minutos, al t\u00e9rmino del taller para retirar a los alumnos, si el retraso fuese mayor a ese tiempo, deben contactarse con el colegio para informar que vienen retrasados.<\/li>\n<li>Cada monitor formalizar\u00e1 en su registro la inscripci\u00f3n del estudiante, controlar\u00e1 su asistencia y las actividades\u00a0que se realizar\u00e1n<\/li>\n<li>Ante un evento de accidente, al apoderado se le proporcionar\u00e1 el formulario del Seguro Escolar, por parte del inspector de turno responsable, debidamente firmado y timbrado.<\/li>\n<\/ul>\n<\/div>\n<p>[\/vc_column_text][vc_column_text]<\/p>\n<div style=\"text-align: justify;\">\n<h2><strong><span style=\"font-size: large;\">Para cualquier consulta los\u00a0<u>Coordinadores de<\/u>\u00a0Talleres\u00a0<u>Extraescolar,<\/u>\u00a0son los profesores:<\/span><\/strong><\/h2>\n<h4><\/h4>\n<h4><span style=\"font-size: large;\">&#8211; Profesora,\u00a0Constanza Acu\u00f1a Araya\u00a0al correo\u00a0<span style=\"color: #0000ff;\"><a href=\"mailto:constanza.acuna.araya@etchegoyen.cl\" target=\"_blank\" rel=\"noopener\">constanza.acuna.araya@<wbr \/>etchegoyen.cl<\/a>\u00a0<\/span>(Coordinadora de Educaci\u00f3n Inicial a 4\u00ba B\u00e1sico).<\/span><\/h4>\n<p>&nbsp;<\/p>\n<\/div>\n<h4 style=\"text-align: justify;\"><span style=\"font-size: large;\">&#8211;\u00a0Profesora,\u00a0Tamara Gonz\u00e1lez \u00a0Torres\u00a0al correo\u00a0<span style=\"color: #0000ff;\"><u><a href=\"mailto:tamara.gonzalez.torres@etchegoyen.cl\" target=\"_blank\" rel=\"noopener\">tamara.gonzalez.torres@<wbr \/>etchegoyen.cl<\/a><\/u><\/span>\u00a0(Coordinadora de 5\u00ba a 8\u00ba B\u00e1sico).<\/span><\/h4>\n<h4 style=\"text-align: justify;\"><span style=\"font-size: large;\">&#8211;\u00a0Profesor,\u00a0Javier Le\u00f3n Alvarado\u00a0al correo\u00a0<span style=\"color: #0000ff;\"><u><a href=\"mailto:javier.leon.alvarado@etchegoyen.cl\" target=\"_blank\" rel=\"noopener\">javier.leon.alvarado@<wbr \/>etchegoyen.cl<\/a><\/u>\u00a0<\/span>(Coordinador de Educaci\u00f3n Media).<\/span><\/h4>\n<p>&nbsp;<\/p>\n<div>\n<div class=\"gmail_signature\" dir=\"ltr\">\n<div dir=\"ltr\">\n<h4 style=\"text-align: justify;\"><span style=\"font-size: large;\">Para\u00a0<u>inscribir un taller debes pinchar la siguiente imagen<\/u><span class=\"gmail_default\">,<\/span>\u00a0revisar el cat\u00e1logo de\u00a0talleres\u00a0<span class=\"gmail_default\">y registrarte en el taller de tu elecci\u00f3n:<\/span><\/span><\/h4>\n<\/div>\n<\/div>\n<\/div>\n<p>[\/vc_column_text][vc_single_image image=&#8221;10787&#8243; img_size=&#8221;LARGE&#8221; alignment=&#8221;center&#8221; onclick=&#8221;custom_link&#8221; link=&#8221;http:\/\/talleres2026.myportfolio.com\/&#8221;][\/vc_column][\/vc_row]<\/p>\n<\/section>","protected":false},"excerpt":{"rendered":"<p>[vc_row][vc_column][vc_column_text] Estimado estudiante y\/o apoderado, \u00a0 Junto con saludar, le presentamos la parrilla de\u00a0TALLERES EXTRAESCOLARES\u00a02026. [\/vc_column_text][vc_column_text] Algunas consideraciones\u00a0para tener presente son: Recuerda que debes cumplir con la asistencia&#8230;<\/p>\n","protected":false},"author":1,"featured_media":0,"parent":0,"menu_order":0,"comment_status":"closed","ping_status":"closed","template":"","meta":{"footnotes":"","_links_to":"","_links_to_target":""},"class_list":["post-6585","page","type-page","status-publish","hentry"],"_links":{"self":[{"href":"http:\/\/etchegoyen.cl\/sedebrisadelsol\/wp-json\/wp\/v2\/pages\/6585","targetHints":{"allow":["GET"]}}],"collection":[{"href":"http:\/\/etchegoyen.cl\/sedebrisadelsol\/wp-json\/wp\/v2\/pages"}],"about":[{"href":"http:\/\/etchegoyen.cl\/sedebrisadelsol\/wp-json\/wp\/v2\/types\/page"}],"author":[{"embeddable":true,"href":"http:\/\/etchegoyen.cl\/sedebrisadelsol\/wp-json\/wp\/v2\/users\/1"}],"replies":[{"embeddable":true,"href":"http:\/\/etchegoyen.cl\/sedebrisadelsol\/wp-json\/wp\/v2\/comments?post=6585"}],"version-history":[{"count":14,"href":"http:\/\/etchegoyen.cl\/sedebrisadelsol\/wp-json\/wp\/v2\/pages\/6585\/revisions"}],"predecessor-version":[{"id":10791,"href":"http:\/\/etchegoyen.cl\/sedebrisadelsol\/wp-json\/wp\/v2\/pages\/6585\/revisions\/10791"}],"wp:attachment":[{"href":"http:\/\/etchegoyen.cl\/sedebrisadelsol\/wp-json\/wp\/v2\/media?parent=6585"}],"curies":[{"name":"wp","href":"https:\/\/api.w.org\/{rel}","templated":true}]}}