{"id":7009,"date":"2023-01-18T20:28:07","date_gmt":"2023-01-18T20:28:07","guid":{"rendered":"http:\/\/etchegoyen.cl\/sedebrisadelsol\/?page_id=7009"},"modified":"2023-01-18T20:29:42","modified_gmt":"2023-01-18T20:29:42","slug":"himno-de-nuestro-colegio","status":"publish","type":"page","link":"http:\/\/etchegoyen.cl\/sedebrisadelsol\/himno-de-nuestro-colegio\/","title":{"rendered":"Himno de nuestro Colegio"},"content":{"rendered":"<section class=\"wpb-content-wrapper\">[vc_row][vc_column][vc_column_text]\r\n<div class=\"wp-block-columns is-layout-flex wp-container-core-columns-is-layout-9d6595d7 wp-block-columns-is-layout-flex\">\r\n<div class=\"wp-block-column is-layout-flow wp-block-column-is-layout-flow\">\r\n<p style=\"text-align: center;\"><img loading=\"lazy\" decoding=\"async\" class=\"aligncenter size-full wp-image-1301\" src=\"https:\/\/cnj.cl\/colegio\/wp-content\/uploads\/2021\/12\/speaker-2488096_960_720.png\" alt=\"\" width=\"80\" height=\"80\" \/>Puedes escuchar el himno ac\u00e1<\/p>\r\n\r\n \r\n<figure class=\"wp-block-audio\"><audio src=\"http:\/\/etchegoyen.cl\/casacentral\/wp-content\/uploads\/2023\/01\/Himno-Colegio-Etchegoyen.mp3\" controls=\"controls\"><\/audio><\/figure>\r\n<\/div>\r\n \r\n<div class=\"wp-block-column is-layout-flow wp-block-column-is-layout-flow\"><header class=\"entry-header\">\r\n<h1 class=\"entry-title\">Himno Colegio Etchegoyen<\/h1>\r\n<\/header>\r\n<div class=\"entry-content\">\r\n\r\n<strong>Letra:<\/strong>\r\nNatalia Barriga de Arriagada\r\n<strong>M\u00fasica:<\/strong>\r\nOmar Manr\u00edquez Burgos\r\n\r\nColegio Juan Bautista Etchegoyen\r\nQue construye y trabaja por la paz.\r\nY ser\u00e1n herramientas nuestras manos\r\nEscuadra, regla y comp\u00e1s.\r\nEn la historia de este puerto siempre ha sido\r\nEjemplo de tenacidad,\r\nY en tus aulas generosas\r\nEnse\u00f1as saber y lealtad.\r\n\r\n<em>\u00a1Adelante, Juventudes,<\/em>\r\n\r\n<em>Siempre dispuesto a triunfar!<\/em>\r\n\r\n<em>Seguiremos el camino<\/em>\r\n\r\n<em>Que conduce a la verdad.<\/em>\r\n\r\n<em>Seguiremos el camino<\/em>\r\n\r\n<em>Que conduce a la verdad.<\/em>\r\n\r\nColegio Juan Bautista Etchegoyen\r\nQue construye y trabaja por la paz.\r\nY ser\u00e1n herramientas nuestras manos\r\nEscuadra, regla y comp\u00e1s.\r\nEn la historia de este puerto siempre ha sido\r\nEjemplo de tenacidad,\r\nY en tus aulas generosas\r\nEnse\u00f1as saber y lealtad.\r\n\r\n<\/div>\r\n<\/div>\r\n<\/div>\r\n[\/vc_column_text][\/vc_column][\/vc_row]<\/section>","protected":false},"excerpt":{"rendered":"<p>[vc_row][vc_column][vc_column_text] Puedes escuchar el himno ac\u00e1 Himno Colegio Etchegoyen Letra: Natalia Barriga de Arriagada M\u00fasica: Omar Manr\u00edquez Burgos Colegio Juan Bautista Etchegoyen Que construye y trabaja por la&#8230;<\/p>\n","protected":false},"author":1,"featured_media":0,"parent":0,"menu_order":0,"comment_status":"closed","ping_status":"closed","template":"","meta":{"footnotes":"","_links_to":"","_links_to_target":""},"class_list":["post-7009","page","type-page","status-publish","hentry"],"_links":{"self":[{"href":"http:\/\/etchegoyen.cl\/sedebrisadelsol\/wp-json\/wp\/v2\/pages\/7009","targetHints":{"allow":["GET"]}}],"collection":[{"href":"http:\/\/etchegoyen.cl\/sedebrisadelsol\/wp-json\/wp\/v2\/pages"}],"about":[{"href":"http:\/\/etchegoyen.cl\/sedebrisadelsol\/wp-json\/wp\/v2\/types\/page"}],"author":[{"embeddable":true,"href":"http:\/\/etchegoyen.cl\/sedebrisadelsol\/wp-json\/wp\/v2\/users\/1"}],"replies":[{"embeddable":true,"href":"http:\/\/etchegoyen.cl\/sedebrisadelsol\/wp-json\/wp\/v2\/comments?post=7009"}],"version-history":[{"count":3,"href":"http:\/\/etchegoyen.cl\/sedebrisadelsol\/wp-json\/wp\/v2\/pages\/7009\/revisions"}],"predecessor-version":[{"id":7012,"href":"http:\/\/etchegoyen.cl\/sedebrisadelsol\/wp-json\/wp\/v2\/pages\/7009\/revisions\/7012"}],"wp:attachment":[{"href":"http:\/\/etchegoyen.cl\/sedebrisadelsol\/wp-json\/wp\/v2\/media?parent=7009"}],"curies":[{"name":"wp","href":"https:\/\/api.w.org\/{rel}","templated":true}]}}